{"id":88,"date":"2020-09-08T01:14:59","date_gmt":"2020-09-07T23:14:59","guid":{"rendered":"http:\/\/sfm-management.org\/?page_id=88"},"modified":"2024-09-10T13:47:20","modified_gmt":"2024-09-10T11:47:20","slug":"seminaires-hiver","status":"publish","type":"page","link":"https:\/\/sfm-management.org\/index.php\/seminaires-hiver\/","title":{"rendered":"S\u00e9minaires Hiver"},"content":{"rendered":"\n<p><\/p>\n\n\n\n<p>Les s\u00e9minaires de la SFM se distinguent des conf\u00e9rences et des colloques plus classiques par leur caract\u00e8re exploratoire. Dans les deux sujets qui, conjugu\u00e9s, int\u00e9ressent la SFM&nbsp;:<\/p>\n\n\n\n<ul><li><strong>Le management contextualis\u00e9 des organisations<\/strong>, les diff\u00e9rentes conceptions des pratiques de management, et leurs \u00e9volutions respectives,&nbsp;<\/li><li><strong>L\u2019enseignement et la recherche en management<\/strong>, et les conditions en facilitant ou en entravant le d\u00e9veloppement,<\/li><\/ul>\n\n\n\n<p>ces s\u00e9minaires tentent de contribuer \u00e0 l\u2019analyse de ph\u00e9nom\u00e8nes \u00e9mergents, de mutations \u00e0 l\u2019\u0153uvre&nbsp;&nbsp;et\/ou \u00e0 la clarification de questions encore mal probl\u00e9matis\u00e9es. Ces s\u00e9minaires mobilisent des approches pluridisciplinaires. Sous forme d\u2019une s\u00e9rie de tables rondes, ils font intervenir des sp\u00e9cialistes des sujets trait\u00e9s, des personnes qui t\u00e9moignent de leur exp\u00e9rience concr\u00e8te en ce domaine&nbsp;; et ils encouragent les d\u00e9bats entre l\u2019ensemble des participants au s\u00e9minaire en m\u00e9nageant un temps et un espace propices aux approfondissements. Les s\u00e9minaires annuels sont souvent pr\u00e9par\u00e9s (et parfois suivis) par des sessions de la SFM qui ponctuent l\u2019ann\u00e9e universitaire et discutent fr\u00e9quemment l\u2019un des th\u00e8mes d\u00e9clin\u00e9s dans le s\u00e9minaire.&nbsp;<\/p>\n\n\n\n<p>Les s\u00e9minaires durent une journ\u00e9e, se tiennent fr\u00e9quemment \u00e0 Paris dans les locaux parisiens de l\u2019universit\u00e9 Paris Dauphine, de l\u2019ESCP Europe ou de l\u2019EM Lyon. Ils se sont d\u00e9roul\u00e9s uniquement en distanciel pendant la p\u00e9riode du Covid 19 et depuis adoptent une formule hybride conjuguant distanciel et pr\u00e9sentiel pour faciliter l\u2019intervention de nos coll\u00e8gues \u00e9loign\u00e9s.&nbsp;&nbsp;Tous les enseignants chercheurs et les parties prenantes int\u00e9ress\u00e9s sont invit\u00e9s \u00e0 participer (gratuitement) sous r\u00e9serve d\u2019inscription pr\u00e9alable.&nbsp;<\/p>\n","protected":false},"excerpt":{"rendered":"<p>Les s\u00e9minaires de la SFM se distinguent des conf\u00e9rences et des colloques plus classiques par leur caract\u00e8re exploratoire. Dans les deux sujets qui, conjugu\u00e9s, int\u00e9ressent la SFM&nbsp;: Le management contextualis\u00e9 des organisations, les diff\u00e9rentes conceptions des pratiques de management, et leurs \u00e9volutions respectives,&nbsp; L\u2019enseignement et la recherche en management, et les conditions en facilitant ou [&hellip;]<\/p>\n","protected":false},"author":1,"featured_media":0,"parent":0,"menu_order":0,"comment_status":"closed","ping_status":"closed","template":"","meta":[],"yoast_head":"<!-- This site is optimized with the Yoast SEO plugin v19.4 - https:\/\/yoast.com\/wordpress\/plugins\/seo\/ -->\n<title>S\u00e9minaires Hiver - Soci\u00e9t\u00e9 Fran\u00e7aise de Management<\/title>\n<meta name=\"robots\" content=\"index, follow, max-snippet:-1, max-image-preview:large, max-video-preview:-1\" \/>\n<link rel=\"canonical\" href=\"https:\/\/sfm-management.org\/index.php\/seminaires-hiver\/\" \/>\n<meta property=\"og:locale\" content=\"fr_FR\" \/>\n<meta property=\"og:type\" content=\"article\" \/>\n<meta property=\"og:title\" content=\"S\u00e9minaires Hiver - Soci\u00e9t\u00e9 Fran\u00e7aise de Management\" \/>\n<meta property=\"og:description\" content=\"Les s\u00e9minaires de la SFM se distinguent des conf\u00e9rences et des colloques plus classiques par leur caract\u00e8re exploratoire. Dans les deux sujets qui, conjugu\u00e9s, int\u00e9ressent la SFM&nbsp;: Le management contextualis\u00e9 des organisations, les diff\u00e9rentes conceptions des pratiques de management, et leurs \u00e9volutions respectives,&nbsp; L\u2019enseignement et la recherche en management, et les conditions en facilitant ou [&hellip;]\" \/>\n<meta property=\"og:url\" content=\"https:\/\/sfm-management.org\/index.php\/seminaires-hiver\/\" \/>\n<meta property=\"og:site_name\" content=\"Soci\u00e9t\u00e9 Fran\u00e7aise de Management\" \/>\n<meta property=\"article:modified_time\" content=\"2024-09-10T11:47:20+00:00\" \/>\n<meta property=\"og:image\" content=\"https:\/\/sfm-management.org\/wp-content\/uploads\/2021\/11\/sfm-1024x348.png\" \/>\n\t<meta property=\"og:image:width\" content=\"1024\" \/>\n\t<meta property=\"og:image:height\" content=\"348\" \/>\n\t<meta property=\"og:image:type\" content=\"image\/png\" \/>\n<meta name=\"twitter:card\" content=\"summary_large_image\" \/>\n<meta name=\"twitter:site\" content=\"@SocFrMgmt\" \/>\n<meta name=\"twitter:label1\" content=\"Dur\u00e9e de lecture estim\u00e9e\" \/>\n\t<meta name=\"twitter:data1\" content=\"2 minutes\" \/>\n<script type=\"application\/ld+json\" class=\"yoast-schema-graph\">{\"@context\":\"https:\/\/schema.org\",\"@graph\":[{\"@type\":\"Organization\",\"@id\":\"https:\/\/sfm-management.org\/#organization\",\"name\":\"Soci\u00e9t\u00e9 Fran\u00e7aise de Management\",\"url\":\"https:\/\/sfm-management.org\/\",\"sameAs\":[\"https:\/\/www.linkedin.com\/company\/70413167\/\",\"https:\/\/twitter.com\/SocFrMgmt\"],\"logo\":{\"@type\":\"ImageObject\",\"inLanguage\":\"fr-FR\",\"@id\":\"https:\/\/sfm-management.org\/#\/schema\/logo\/image\/\",\"url\":\"https:\/\/sfm-management.org\/wp-content\/uploads\/2020\/09\/cropped-logo-1.png\",\"contentUrl\":\"https:\/\/sfm-management.org\/wp-content\/uploads\/2020\/09\/cropped-logo-1.png\",\"width\":345,\"height\":238,\"caption\":\"Soci\u00e9t\u00e9 Fran\u00e7aise de Management\"},\"image\":{\"@id\":\"https:\/\/sfm-management.org\/#\/schema\/logo\/image\/\"}},{\"@type\":\"WebSite\",\"@id\":\"https:\/\/sfm-management.org\/#website\",\"url\":\"https:\/\/sfm-management.org\/\",\"name\":\"Soci\u00e9t\u00e9 Fran\u00e7aise de Management\",\"description\":\"\",\"publisher\":{\"@id\":\"https:\/\/sfm-management.org\/#organization\"},\"potentialAction\":[{\"@type\":\"SearchAction\",\"target\":{\"@type\":\"EntryPoint\",\"urlTemplate\":\"https:\/\/sfm-management.org\/?s={search_term_string}\"},\"query-input\":\"required name=search_term_string\"}],\"inLanguage\":\"fr-FR\"},{\"@type\":\"WebPage\",\"@id\":\"https:\/\/sfm-management.org\/index.php\/seminaires-hiver\/\",\"url\":\"https:\/\/sfm-management.org\/index.php\/seminaires-hiver\/\",\"name\":\"S\u00e9minaires Hiver - Soci\u00e9t\u00e9 Fran\u00e7aise de Management\",\"isPartOf\":{\"@id\":\"https:\/\/sfm-management.org\/#website\"},\"datePublished\":\"2020-09-07T23:14:59+00:00\",\"dateModified\":\"2024-09-10T11:47:20+00:00\",\"breadcrumb\":{\"@id\":\"https:\/\/sfm-management.org\/index.php\/seminaires-hiver\/#breadcrumb\"},\"inLanguage\":\"fr-FR\",\"potentialAction\":[{\"@type\":\"ReadAction\",\"target\":[\"https:\/\/sfm-management.org\/index.php\/seminaires-hiver\/\"]}]},{\"@type\":\"BreadcrumbList\",\"@id\":\"https:\/\/sfm-management.org\/index.php\/seminaires-hiver\/#breadcrumb\",\"itemListElement\":[{\"@type\":\"ListItem\",\"position\":1,\"name\":\"Accueil\",\"item\":\"https:\/\/sfm-management.org\/\"},{\"@type\":\"ListItem\",\"position\":2,\"name\":\"S\u00e9minaires Hiver\"}]}]}<\/script>\n<!-- \/ Yoast SEO plugin. -->","yoast_head_json":{"title":"S\u00e9minaires Hiver - Soci\u00e9t\u00e9 Fran\u00e7aise de Management","robots":{"index":"index","follow":"follow","max-snippet":"max-snippet:-1","max-image-preview":"max-image-preview:large","max-video-preview":"max-video-preview:-1"},"canonical":"https:\/\/sfm-management.org\/index.php\/seminaires-hiver\/","og_locale":"fr_FR","og_type":"article","og_title":"S\u00e9minaires Hiver - Soci\u00e9t\u00e9 Fran\u00e7aise de Management","og_description":"Les s\u00e9minaires de la SFM se distinguent des conf\u00e9rences et des colloques plus classiques par leur caract\u00e8re exploratoire. Dans les deux sujets qui, conjugu\u00e9s, int\u00e9ressent la SFM&nbsp;: Le management contextualis\u00e9 des organisations, les diff\u00e9rentes conceptions des pratiques de management, et leurs \u00e9volutions respectives,&nbsp; L\u2019enseignement et la recherche en management, et les conditions en facilitant ou [&hellip;]","og_url":"https:\/\/sfm-management.org\/index.php\/seminaires-hiver\/","og_site_name":"Soci\u00e9t\u00e9 Fran\u00e7aise de Management","article_modified_time":"2024-09-10T11:47:20+00:00","og_image":[{"width":1024,"height":348,"url":"https:\/\/sfm-management.org\/wp-content\/uploads\/2021\/11\/sfm-1024x348.png","type":"image\/png"}],"twitter_card":"summary_large_image","twitter_site":"@SocFrMgmt","twitter_misc":{"Dur\u00e9e de lecture estim\u00e9e":"2 minutes"},"schema":{"@context":"https:\/\/schema.org","@graph":[{"@type":"Organization","@id":"https:\/\/sfm-management.org\/#organization","name":"Soci\u00e9t\u00e9 Fran\u00e7aise de Management","url":"https:\/\/sfm-management.org\/","sameAs":["https:\/\/www.linkedin.com\/company\/70413167\/","https:\/\/twitter.com\/SocFrMgmt"],"logo":{"@type":"ImageObject","inLanguage":"fr-FR","@id":"https:\/\/sfm-management.org\/#\/schema\/logo\/image\/","url":"https:\/\/sfm-management.org\/wp-content\/uploads\/2020\/09\/cropped-logo-1.png","contentUrl":"https:\/\/sfm-management.org\/wp-content\/uploads\/2020\/09\/cropped-logo-1.png","width":345,"height":238,"caption":"Soci\u00e9t\u00e9 Fran\u00e7aise de Management"},"image":{"@id":"https:\/\/sfm-management.org\/#\/schema\/logo\/image\/"}},{"@type":"WebSite","@id":"https:\/\/sfm-management.org\/#website","url":"https:\/\/sfm-management.org\/","name":"Soci\u00e9t\u00e9 Fran\u00e7aise de Management","description":"","publisher":{"@id":"https:\/\/sfm-management.org\/#organization"},"potentialAction":[{"@type":"SearchAction","target":{"@type":"EntryPoint","urlTemplate":"https:\/\/sfm-management.org\/?s={search_term_string}"},"query-input":"required name=search_term_string"}],"inLanguage":"fr-FR"},{"@type":"WebPage","@id":"https:\/\/sfm-management.org\/index.php\/seminaires-hiver\/","url":"https:\/\/sfm-management.org\/index.php\/seminaires-hiver\/","name":"S\u00e9minaires Hiver - Soci\u00e9t\u00e9 Fran\u00e7aise de Management","isPartOf":{"@id":"https:\/\/sfm-management.org\/#website"},"datePublished":"2020-09-07T23:14:59+00:00","dateModified":"2024-09-10T11:47:20+00:00","breadcrumb":{"@id":"https:\/\/sfm-management.org\/index.php\/seminaires-hiver\/#breadcrumb"},"inLanguage":"fr-FR","potentialAction":[{"@type":"ReadAction","target":["https:\/\/sfm-management.org\/index.php\/seminaires-hiver\/"]}]},{"@type":"BreadcrumbList","@id":"https:\/\/sfm-management.org\/index.php\/seminaires-hiver\/#breadcrumb","itemListElement":[{"@type":"ListItem","position":1,"name":"Accueil","item":"https:\/\/sfm-management.org\/"},{"@type":"ListItem","position":2,"name":"S\u00e9minaires Hiver"}]}]}},"_links":{"self":[{"href":"https:\/\/sfm-management.org\/index.php\/wp-json\/wp\/v2\/pages\/88"}],"collection":[{"href":"https:\/\/sfm-management.org\/index.php\/wp-json\/wp\/v2\/pages"}],"about":[{"href":"https:\/\/sfm-management.org\/index.php\/wp-json\/wp\/v2\/types\/page"}],"author":[{"embeddable":true,"href":"https:\/\/sfm-management.org\/index.php\/wp-json\/wp\/v2\/users\/1"}],"replies":[{"embeddable":true,"href":"https:\/\/sfm-management.org\/index.php\/wp-json\/wp\/v2\/comments?post=88"}],"version-history":[{"count":27,"href":"https:\/\/sfm-management.org\/index.php\/wp-json\/wp\/v2\/pages\/88\/revisions"}],"predecessor-version":[{"id":1581,"href":"https:\/\/sfm-management.org\/index.php\/wp-json\/wp\/v2\/pages\/88\/revisions\/1581"}],"wp:attachment":[{"href":"https:\/\/sfm-management.org\/index.php\/wp-json\/wp\/v2\/media?parent=88"}],"curies":[{"name":"wp","href":"https:\/\/api.w.org\/{rel}","templated":true}]}}