{"id":85,"date":"2020-09-08T01:14:59","date_gmt":"2020-09-07T23:14:59","guid":{"rendered":"http:\/\/sfm-management.org\/?page_id=85"},"modified":"2020-09-08T02:26:01","modified_gmt":"2020-09-08T00:26:01","slug":"methode","status":"publish","type":"page","link":"https:\/\/sfm-management.org\/index.php\/methode\/","title":{"rendered":"M\u00e9thode"},"content":{"rendered":"\n<h2>Des th\u00e8mes, des chantiers, des avis<\/h2>\n\n\n\n<p>Le travail r\u00e9flexif de la communaut\u00e9 des professeurs et des chercheurs en sciences de gestion s\u2019effectue au travers de\u00a0chantiers internes\u00a0portant sur des dimensions cl\u00e9s du champ acad\u00e9mique (nature des dipl\u00f4mes, contenu des enseignements, d\u00e9finition des fili\u00e8res de formation, processus d\u2019\u00e9valuation, publications\u2026).<\/p>\n\n\n\n<p>Au terme des travaux d\u2019un chantier, un diagnostic et des pr\u00e9conisations d\u2019\u00e9volution sont formalis\u00e9s dans un document appel\u00e9 \u00ab\u00a0Projet d\u2019avis de la SFM\u00a0\u00bb. Ces \u00e9l\u00e9ments sont ensuite partag\u00e9s avec l\u2019ensemble des adh\u00e9rents et soumis \u00e0 un processus de validation par \u00e9tape (Groupe de travail,\u00a0Bureau,\u00a0Conseil d\u2019Administration).<\/p>\n\n\n\n<p>La SFM s\u2019efforce alors de diffuser ces \u00ab\u00a0Avis de la SFM\u00a0\u00bb pour communiquer l\u2019\u00e9tat de ses r\u00e9flexions et ses propositions \u00e0 l\u2019ensemble des acteurs parties prenantes (instances acad\u00e9miques, administration, entreprises, m\u00e9dias\u2026) susceptibles de peser sur le devenir de la fili\u00e8re des sciences de gestion dans l\u2019univers acad\u00e9mique fran\u00e7ais et europ\u00e9en.<\/p>\n\n\n\n<p>Ce faisant, la SFM poursuit un objectif de production de \u00ab&nbsp;soft law&nbsp;\u00bb et constitue, via la formulation de propositions concr\u00e8tes, un espace de r\u00e9flexion et d\u2019influence au sein de la communaut\u00e9 des sciences de gestion.<\/p>\n\n\n\n<p>Il s\u2019agit plus pr\u00e9cis\u00e9ment de&nbsp;:<\/p>\n\n\n\n<ul><li>permettre \u00e0 la fili\u00e8re \u00ab sciences de gestion\u00a0\u00bb de d\u00e9velopper ses capacit\u00e9s \u00e0 structurer ses objets et ses pratiques\u00a0;<\/li><li>donner poids et l\u00e9gitimit\u00e9 \u00e0 des textes et propositions \u00e9labor\u00e9s dans un dispositif coop\u00e9ratif\u00a0et communautaire;<\/li><li>d\u2019accompagner ainsi les diff\u00e9rentes structures de r\u00e9gulation et contribuer \u00e0 la production des normes et des r\u00e8gles du syst\u00e8me fran\u00e7ais et europ\u00e9en.<\/li><\/ul>\n\n\n\n<hr class=\"wp-block-separator\"\/>\n\n\n\n<h2 id=\"cc-m-header-13151258929\">Une interaction continue avec l&rsquo;ensemble des acteurs pertinents<\/h2>\n\n\n\n<p>Pour remplir sa mission, la SFM dialogue avec toutes les parties prenantes et mobilise en particulier les acteurs, professeurs et chercheurs, membres de la communaut\u00e9 acad\u00e9mique des sciences de gestion et du management pour :<\/p>\n\n\n\n<ul><li>formuler des propositions sur la gouvernance et le dispositif institutionnel fran\u00e7ais et europ\u00e9en, face \u00e0 une concurrence internationale croissante et parfois h\u00e9g\u00e9monique s&rsquo;agissant de la recherche, de l&rsquo;enseignement et des pratiques du management ;<\/li><li>peser sur les modes de r\u00e9gulation qui touchent au milieu professionnel et scientifique (instances d&rsquo;accr\u00e9ditation, \u00e9valuation des programmes et d&rsquo;\u00e9tablissements, classements des revues acad\u00e9miques) ;<\/li><li>faire reconna\u00eetre les sp\u00e9cificit\u00e9s des carri\u00e8res d&rsquo;enseignants chercheurs en management, avec l&rsquo;\u00e9mergence d&rsquo;un march\u00e9 europ\u00e9en et international ;<\/li><li>concevoir des strat\u00e9gies collectives dans un contexte de concurrence internationale forte (soutien \u00e0 la publication en anglais, actions pour am\u00e9liorer la prise en compte de certaines revues francophones dans l&rsquo;\u00e9valuation des dossiers de candidatures ou de promotions, campagne pour faire reconna\u00eetre des ouvrages comme un support possible et valoris\u00e9 de publications de travaux &#8211; naturellement sous des conditions \u00e0 pr\u00e9ciser -) ;<\/li><li>mieux diffuser les expertises et la connaissance en mati\u00e8re de sciences de gestion, notamment en direction de l&rsquo;opinion publique, des m\u00e9dias et des d\u00e9cideurs publics et priv\u00e9<\/li><\/ul>\n","protected":false},"excerpt":{"rendered":"<p>Des th\u00e8mes, des chantiers, des avis Le travail r\u00e9flexif de la communaut\u00e9 des professeurs et des chercheurs en sciences de gestion s\u2019effectue au travers de\u00a0chantiers internes\u00a0portant sur des dimensions cl\u00e9s du champ acad\u00e9mique (nature des dipl\u00f4mes, contenu des enseignements, d\u00e9finition des fili\u00e8res de formation, processus d\u2019\u00e9valuation, publications\u2026). Au terme des travaux d\u2019un chantier, un diagnostic [&hellip;]<\/p>\n","protected":false},"author":1,"featured_media":0,"parent":0,"menu_order":0,"comment_status":"closed","ping_status":"closed","template":"","meta":[],"yoast_head":"<!-- This site is optimized with the Yoast SEO plugin v19.4 - https:\/\/yoast.com\/wordpress\/plugins\/seo\/ -->\n<title>M\u00e9thode - Soci\u00e9t\u00e9 Fran\u00e7aise de Management<\/title>\n<meta name=\"robots\" content=\"index, follow, max-snippet:-1, max-image-preview:large, max-video-preview:-1\" \/>\n<link rel=\"canonical\" href=\"https:\/\/sfm-management.org\/index.php\/methode\/\" \/>\n<meta property=\"og:locale\" content=\"fr_FR\" \/>\n<meta property=\"og:type\" content=\"article\" \/>\n<meta property=\"og:title\" content=\"M\u00e9thode - Soci\u00e9t\u00e9 Fran\u00e7aise de Management\" \/>\n<meta property=\"og:description\" content=\"Des th\u00e8mes, des chantiers, des avis Le travail r\u00e9flexif de la communaut\u00e9 des professeurs et des chercheurs en sciences de gestion s\u2019effectue au travers de\u00a0chantiers internes\u00a0portant sur des dimensions cl\u00e9s du champ acad\u00e9mique (nature des dipl\u00f4mes, contenu des enseignements, d\u00e9finition des fili\u00e8res de formation, processus d\u2019\u00e9valuation, publications\u2026). Au terme des travaux d\u2019un chantier, un diagnostic [&hellip;]\" \/>\n<meta property=\"og:url\" content=\"https:\/\/sfm-management.org\/index.php\/methode\/\" \/>\n<meta property=\"og:site_name\" content=\"Soci\u00e9t\u00e9 Fran\u00e7aise de Management\" \/>\n<meta property=\"article:modified_time\" content=\"2020-09-08T00:26:01+00:00\" \/>\n<meta property=\"og:image\" content=\"https:\/\/sfm-management.org\/wp-content\/uploads\/2021\/11\/sfm-1024x348.png\" \/>\n\t<meta property=\"og:image:width\" content=\"1024\" \/>\n\t<meta property=\"og:image:height\" content=\"348\" \/>\n\t<meta property=\"og:image:type\" content=\"image\/png\" \/>\n<meta name=\"twitter:card\" content=\"summary_large_image\" \/>\n<meta name=\"twitter:site\" content=\"@SocFrMgmt\" \/>\n<meta name=\"twitter:label1\" content=\"Dur\u00e9e de lecture estim\u00e9e\" \/>\n\t<meta name=\"twitter:data1\" content=\"3 minutes\" \/>\n<script type=\"application\/ld+json\" class=\"yoast-schema-graph\">{\"@context\":\"https:\/\/schema.org\",\"@graph\":[{\"@type\":\"Organization\",\"@id\":\"https:\/\/sfm-management.org\/#organization\",\"name\":\"Soci\u00e9t\u00e9 Fran\u00e7aise de Management\",\"url\":\"https:\/\/sfm-management.org\/\",\"sameAs\":[\"https:\/\/www.linkedin.com\/company\/70413167\/\",\"https:\/\/twitter.com\/SocFrMgmt\"],\"logo\":{\"@type\":\"ImageObject\",\"inLanguage\":\"fr-FR\",\"@id\":\"https:\/\/sfm-management.org\/#\/schema\/logo\/image\/\",\"url\":\"https:\/\/sfm-management.org\/wp-content\/uploads\/2020\/09\/cropped-logo-1.png\",\"contentUrl\":\"https:\/\/sfm-management.org\/wp-content\/uploads\/2020\/09\/cropped-logo-1.png\",\"width\":345,\"height\":238,\"caption\":\"Soci\u00e9t\u00e9 Fran\u00e7aise de Management\"},\"image\":{\"@id\":\"https:\/\/sfm-management.org\/#\/schema\/logo\/image\/\"}},{\"@type\":\"WebSite\",\"@id\":\"https:\/\/sfm-management.org\/#website\",\"url\":\"https:\/\/sfm-management.org\/\",\"name\":\"Soci\u00e9t\u00e9 Fran\u00e7aise de Management\",\"description\":\"\",\"publisher\":{\"@id\":\"https:\/\/sfm-management.org\/#organization\"},\"potentialAction\":[{\"@type\":\"SearchAction\",\"target\":{\"@type\":\"EntryPoint\",\"urlTemplate\":\"https:\/\/sfm-management.org\/?s={search_term_string}\"},\"query-input\":\"required name=search_term_string\"}],\"inLanguage\":\"fr-FR\"},{\"@type\":\"WebPage\",\"@id\":\"https:\/\/sfm-management.org\/index.php\/methode\/\",\"url\":\"https:\/\/sfm-management.org\/index.php\/methode\/\",\"name\":\"M\u00e9thode - Soci\u00e9t\u00e9 Fran\u00e7aise de Management\",\"isPartOf\":{\"@id\":\"https:\/\/sfm-management.org\/#website\"},\"datePublished\":\"2020-09-07T23:14:59+00:00\",\"dateModified\":\"2020-09-08T00:26:01+00:00\",\"breadcrumb\":{\"@id\":\"https:\/\/sfm-management.org\/index.php\/methode\/#breadcrumb\"},\"inLanguage\":\"fr-FR\",\"potentialAction\":[{\"@type\":\"ReadAction\",\"target\":[\"https:\/\/sfm-management.org\/index.php\/methode\/\"]}]},{\"@type\":\"BreadcrumbList\",\"@id\":\"https:\/\/sfm-management.org\/index.php\/methode\/#breadcrumb\",\"itemListElement\":[{\"@type\":\"ListItem\",\"position\":1,\"name\":\"Accueil\",\"item\":\"https:\/\/sfm-management.org\/\"},{\"@type\":\"ListItem\",\"position\":2,\"name\":\"M\u00e9thode\"}]}]}<\/script>\n<!-- \/ Yoast SEO plugin. -->","yoast_head_json":{"title":"M\u00e9thode - Soci\u00e9t\u00e9 Fran\u00e7aise de Management","robots":{"index":"index","follow":"follow","max-snippet":"max-snippet:-1","max-image-preview":"max-image-preview:large","max-video-preview":"max-video-preview:-1"},"canonical":"https:\/\/sfm-management.org\/index.php\/methode\/","og_locale":"fr_FR","og_type":"article","og_title":"M\u00e9thode - Soci\u00e9t\u00e9 Fran\u00e7aise de Management","og_description":"Des th\u00e8mes, des chantiers, des avis Le travail r\u00e9flexif de la communaut\u00e9 des professeurs et des chercheurs en sciences de gestion s\u2019effectue au travers de\u00a0chantiers internes\u00a0portant sur des dimensions cl\u00e9s du champ acad\u00e9mique (nature des dipl\u00f4mes, contenu des enseignements, d\u00e9finition des fili\u00e8res de formation, processus d\u2019\u00e9valuation, publications\u2026). Au terme des travaux d\u2019un chantier, un diagnostic [&hellip;]","og_url":"https:\/\/sfm-management.org\/index.php\/methode\/","og_site_name":"Soci\u00e9t\u00e9 Fran\u00e7aise de Management","article_modified_time":"2020-09-08T00:26:01+00:00","og_image":[{"width":1024,"height":348,"url":"https:\/\/sfm-management.org\/wp-content\/uploads\/2021\/11\/sfm-1024x348.png","type":"image\/png"}],"twitter_card":"summary_large_image","twitter_site":"@SocFrMgmt","twitter_misc":{"Dur\u00e9e de lecture estim\u00e9e":"3 minutes"},"schema":{"@context":"https:\/\/schema.org","@graph":[{"@type":"Organization","@id":"https:\/\/sfm-management.org\/#organization","name":"Soci\u00e9t\u00e9 Fran\u00e7aise de Management","url":"https:\/\/sfm-management.org\/","sameAs":["https:\/\/www.linkedin.com\/company\/70413167\/","https:\/\/twitter.com\/SocFrMgmt"],"logo":{"@type":"ImageObject","inLanguage":"fr-FR","@id":"https:\/\/sfm-management.org\/#\/schema\/logo\/image\/","url":"https:\/\/sfm-management.org\/wp-content\/uploads\/2020\/09\/cropped-logo-1.png","contentUrl":"https:\/\/sfm-management.org\/wp-content\/uploads\/2020\/09\/cropped-logo-1.png","width":345,"height":238,"caption":"Soci\u00e9t\u00e9 Fran\u00e7aise de Management"},"image":{"@id":"https:\/\/sfm-management.org\/#\/schema\/logo\/image\/"}},{"@type":"WebSite","@id":"https:\/\/sfm-management.org\/#website","url":"https:\/\/sfm-management.org\/","name":"Soci\u00e9t\u00e9 Fran\u00e7aise de Management","description":"","publisher":{"@id":"https:\/\/sfm-management.org\/#organization"},"potentialAction":[{"@type":"SearchAction","target":{"@type":"EntryPoint","urlTemplate":"https:\/\/sfm-management.org\/?s={search_term_string}"},"query-input":"required name=search_term_string"}],"inLanguage":"fr-FR"},{"@type":"WebPage","@id":"https:\/\/sfm-management.org\/index.php\/methode\/","url":"https:\/\/sfm-management.org\/index.php\/methode\/","name":"M\u00e9thode - Soci\u00e9t\u00e9 Fran\u00e7aise de Management","isPartOf":{"@id":"https:\/\/sfm-management.org\/#website"},"datePublished":"2020-09-07T23:14:59+00:00","dateModified":"2020-09-08T00:26:01+00:00","breadcrumb":{"@id":"https:\/\/sfm-management.org\/index.php\/methode\/#breadcrumb"},"inLanguage":"fr-FR","potentialAction":[{"@type":"ReadAction","target":["https:\/\/sfm-management.org\/index.php\/methode\/"]}]},{"@type":"BreadcrumbList","@id":"https:\/\/sfm-management.org\/index.php\/methode\/#breadcrumb","itemListElement":[{"@type":"ListItem","position":1,"name":"Accueil","item":"https:\/\/sfm-management.org\/"},{"@type":"ListItem","position":2,"name":"M\u00e9thode"}]}]}},"_links":{"self":[{"href":"https:\/\/sfm-management.org\/index.php\/wp-json\/wp\/v2\/pages\/85"}],"collection":[{"href":"https:\/\/sfm-management.org\/index.php\/wp-json\/wp\/v2\/pages"}],"about":[{"href":"https:\/\/sfm-management.org\/index.php\/wp-json\/wp\/v2\/types\/page"}],"author":[{"embeddable":true,"href":"https:\/\/sfm-management.org\/index.php\/wp-json\/wp\/v2\/users\/1"}],"replies":[{"embeddable":true,"href":"https:\/\/sfm-management.org\/index.php\/wp-json\/wp\/v2\/comments?post=85"}],"version-history":[{"count":3,"href":"https:\/\/sfm-management.org\/index.php\/wp-json\/wp\/v2\/pages\/85\/revisions"}],"predecessor-version":[{"id":190,"href":"https:\/\/sfm-management.org\/index.php\/wp-json\/wp\/v2\/pages\/85\/revisions\/190"}],"wp:attachment":[{"href":"https:\/\/sfm-management.org\/index.php\/wp-json\/wp\/v2\/media?parent=85"}],"curies":[{"name":"wp","href":"https:\/\/api.w.org\/{rel}","templated":true}]}}