{"id":84,"date":"2020-09-08T01:14:59","date_gmt":"2020-09-07T23:14:59","guid":{"rendered":"http:\/\/sfm-management.org\/?page_id=84"},"modified":"2021-11-20T02:33:11","modified_gmt":"2021-11-20T01:33:11","slug":"histoire","status":"publish","type":"page","link":"https:\/\/sfm-management.org\/index.php\/histoire\/","title":{"rendered":"Histoire"},"content":{"rendered":"<div class=\"style-464 style-local-84-c1 position-relative\" data-colibri-id=\"84-c1\">\u00a0<\/div>\n\n\n<p>La Soci\u00e9t\u00e9 Fran\u00e7aise de Management a \u00e9t\u00e9 cr\u00e9\u00e9e en 2001 par un petit groupe d&rsquo;enseignants et de chercheurs en sciences de gestion qui souhaitaient doter leur milieu professionnel d&rsquo;une capacit\u00e9 autonome de r\u00e9flexion et d&rsquo;influence sur les parties prenantes tant de leur sph\u00e8re d&rsquo;appartenance (\u00e9tablissements d&rsquo;enseignement et de recherche publics et priv\u00e9s, organismes de recherche) que de leur domaine d\u2019\u00e9tude (les entreprises et les organisations dans leur diversit\u00e9). Elle compte aujourd&rsquo;hui pr\u00e8s de deux cent membres qui sont recrut\u00e9s par cooptation.<\/p>\n\n\n\n<p>La finalit\u00e9 poursuivie par la SFM est de <strong>contribuer \u00e0 l&rsquo;\u00e9volution et \u00e0 la bonne gouvernance des sciences de gestion, de ses objets et de ses contours institutionnels en France et en Europe<\/strong><\/p>\n\n\n\n<p>Depuis sa cr\u00e9ation, la SFM s&rsquo;est efforc\u00e9e d&rsquo;\u00e9chapper \u00e0 deux \u00ab tentations l\u00e9gitimes \u00bb. Elle n&rsquo;est :<\/p>\n\n\n\n<ul><li>ni un cercle ferm\u00e9 soucieux d&rsquo;influencer le cours de la soci\u00e9t\u00e9 fran\u00e7aise (par exemple avec l&rsquo;ambition d&rsquo;un think-tank) : la SFM est ouverte et pluraliste, \u00e0 la fois lieu de discussion et force de proposition ;<\/li><li>ni une association de recherche visant \u00e0 produire des apports sp\u00e9cifiques dans la discipline (par exemple en organisant des journ\u00e9es de recherche interdisciplinaires) : la SFM s&rsquo;efforce de ne pas interf\u00e9rer avec l&rsquo;action des associations scientifiques. Elle s&rsquo;int\u00e9resse \u00e0 la dynamique d&rsquo;\u00e9volution du domaine et aux r\u00e8gles du jeu qui s&rsquo;imposent \u00e0 ses acteurs.<\/li><\/ul>\n\n\n\n<p>Sa raison d&rsquo;\u00eatre est de <strong>permettre aux enseignants et chercheurs de r\u00e9fl\u00e9chir sur leurs propres pratiques et les objets dont ils traitent afin de mieux d\u00e9finir les standards de qualit\u00e9, de pertinence et de rigueur de la profession et de la discipline<\/strong>.<\/p>\n","protected":false},"excerpt":{"rendered":"<p>\u00a0 La Soci\u00e9t\u00e9 Fran\u00e7aise de Management a \u00e9t\u00e9 cr\u00e9\u00e9e en 2001 par un petit groupe d&rsquo;enseignants et de chercheurs en sciences de gestion qui souhaitaient doter leur milieu professionnel d&rsquo;une capacit\u00e9 autonome de r\u00e9flexion et d&rsquo;influence sur les parties prenantes tant de leur sph\u00e8re d&rsquo;appartenance (\u00e9tablissements d&rsquo;enseignement et de recherche publics et priv\u00e9s, organismes de [&hellip;]<\/p>\n","protected":false},"author":1,"featured_media":0,"parent":0,"menu_order":0,"comment_status":"closed","ping_status":"closed","template":"","meta":[],"yoast_head":"<!-- This site is optimized with the Yoast SEO plugin v19.4 - https:\/\/yoast.com\/wordpress\/plugins\/seo\/ -->\n<title>Histoire - Soci\u00e9t\u00e9 Fran\u00e7aise de Management<\/title>\n<meta name=\"description\" content=\"La Soci\u00e9t\u00e9 Fran\u00e7aise de Management a \u00e9t\u00e9 cr\u00e9\u00e9e en 2001 par un petit groupe d&#039;enseignants et de chercheurs en sciences de gestion.\" \/>\n<meta name=\"robots\" content=\"index, follow, max-snippet:-1, max-image-preview:large, max-video-preview:-1\" \/>\n<link rel=\"canonical\" href=\"https:\/\/sfm-management.org\/index.php\/histoire\/\" \/>\n<meta property=\"og:locale\" content=\"fr_FR\" \/>\n<meta property=\"og:type\" content=\"article\" \/>\n<meta property=\"og:title\" content=\"Histoire - Soci\u00e9t\u00e9 Fran\u00e7aise de Management\" \/>\n<meta property=\"og:description\" content=\"La Soci\u00e9t\u00e9 Fran\u00e7aise de Management a \u00e9t\u00e9 cr\u00e9\u00e9e en 2001 par un petit groupe d&#039;enseignants et de chercheurs en sciences de gestion.\" \/>\n<meta property=\"og:url\" content=\"https:\/\/sfm-management.org\/index.php\/histoire\/\" \/>\n<meta property=\"og:site_name\" content=\"Soci\u00e9t\u00e9 Fran\u00e7aise de Management\" \/>\n<meta property=\"article:modified_time\" content=\"2021-11-20T01:33:11+00:00\" \/>\n<meta property=\"og:image\" content=\"https:\/\/sfm-management.org\/wp-content\/uploads\/2021\/11\/sfm-1024x348.png\" \/>\n\t<meta property=\"og:image:width\" content=\"1024\" \/>\n\t<meta property=\"og:image:height\" content=\"348\" \/>\n\t<meta property=\"og:image:type\" content=\"image\/png\" \/>\n<meta name=\"twitter:card\" content=\"summary_large_image\" \/>\n<meta name=\"twitter:site\" content=\"@SocFrMgmt\" \/>\n<meta name=\"twitter:label1\" content=\"Dur\u00e9e de lecture estim\u00e9e\" \/>\n\t<meta name=\"twitter:data1\" content=\"2 minutes\" \/>\n<script type=\"application\/ld+json\" class=\"yoast-schema-graph\">{\"@context\":\"https:\/\/schema.org\",\"@graph\":[{\"@type\":\"Organization\",\"@id\":\"https:\/\/sfm-management.org\/#organization\",\"name\":\"Soci\u00e9t\u00e9 Fran\u00e7aise de Management\",\"url\":\"https:\/\/sfm-management.org\/\",\"sameAs\":[\"https:\/\/www.linkedin.com\/company\/70413167\/\",\"https:\/\/twitter.com\/SocFrMgmt\"],\"logo\":{\"@type\":\"ImageObject\",\"inLanguage\":\"fr-FR\",\"@id\":\"https:\/\/sfm-management.org\/#\/schema\/logo\/image\/\",\"url\":\"https:\/\/sfm-management.org\/wp-content\/uploads\/2020\/09\/cropped-logo-1.png\",\"contentUrl\":\"https:\/\/sfm-management.org\/wp-content\/uploads\/2020\/09\/cropped-logo-1.png\",\"width\":345,\"height\":238,\"caption\":\"Soci\u00e9t\u00e9 Fran\u00e7aise de Management\"},\"image\":{\"@id\":\"https:\/\/sfm-management.org\/#\/schema\/logo\/image\/\"}},{\"@type\":\"WebSite\",\"@id\":\"https:\/\/sfm-management.org\/#website\",\"url\":\"https:\/\/sfm-management.org\/\",\"name\":\"Soci\u00e9t\u00e9 Fran\u00e7aise de Management\",\"description\":\"\",\"publisher\":{\"@id\":\"https:\/\/sfm-management.org\/#organization\"},\"potentialAction\":[{\"@type\":\"SearchAction\",\"target\":{\"@type\":\"EntryPoint\",\"urlTemplate\":\"https:\/\/sfm-management.org\/?s={search_term_string}\"},\"query-input\":\"required name=search_term_string\"}],\"inLanguage\":\"fr-FR\"},{\"@type\":\"WebPage\",\"@id\":\"https:\/\/sfm-management.org\/index.php\/histoire\/\",\"url\":\"https:\/\/sfm-management.org\/index.php\/histoire\/\",\"name\":\"Histoire - Soci\u00e9t\u00e9 Fran\u00e7aise de Management\",\"isPartOf\":{\"@id\":\"https:\/\/sfm-management.org\/#website\"},\"datePublished\":\"2020-09-07T23:14:59+00:00\",\"dateModified\":\"2021-11-20T01:33:11+00:00\",\"description\":\"La Soci\u00e9t\u00e9 Fran\u00e7aise de Management a \u00e9t\u00e9 cr\u00e9\u00e9e en 2001 par un petit groupe d'enseignants et de chercheurs en sciences de gestion.\",\"breadcrumb\":{\"@id\":\"https:\/\/sfm-management.org\/index.php\/histoire\/#breadcrumb\"},\"inLanguage\":\"fr-FR\",\"potentialAction\":[{\"@type\":\"ReadAction\",\"target\":[\"https:\/\/sfm-management.org\/index.php\/histoire\/\"]}]},{\"@type\":\"BreadcrumbList\",\"@id\":\"https:\/\/sfm-management.org\/index.php\/histoire\/#breadcrumb\",\"itemListElement\":[{\"@type\":\"ListItem\",\"position\":1,\"name\":\"Accueil\",\"item\":\"https:\/\/sfm-management.org\/\"},{\"@type\":\"ListItem\",\"position\":2,\"name\":\"Histoire\"}]}]}<\/script>\n<!-- \/ Yoast SEO plugin. -->","yoast_head_json":{"title":"Histoire - Soci\u00e9t\u00e9 Fran\u00e7aise de Management","description":"La Soci\u00e9t\u00e9 Fran\u00e7aise de Management a \u00e9t\u00e9 cr\u00e9\u00e9e en 2001 par un petit groupe d'enseignants et de chercheurs en sciences de gestion.","robots":{"index":"index","follow":"follow","max-snippet":"max-snippet:-1","max-image-preview":"max-image-preview:large","max-video-preview":"max-video-preview:-1"},"canonical":"https:\/\/sfm-management.org\/index.php\/histoire\/","og_locale":"fr_FR","og_type":"article","og_title":"Histoire - Soci\u00e9t\u00e9 Fran\u00e7aise de Management","og_description":"La Soci\u00e9t\u00e9 Fran\u00e7aise de Management a \u00e9t\u00e9 cr\u00e9\u00e9e en 2001 par un petit groupe d'enseignants et de chercheurs en sciences de gestion.","og_url":"https:\/\/sfm-management.org\/index.php\/histoire\/","og_site_name":"Soci\u00e9t\u00e9 Fran\u00e7aise de Management","article_modified_time":"2021-11-20T01:33:11+00:00","og_image":[{"width":1024,"height":348,"url":"https:\/\/sfm-management.org\/wp-content\/uploads\/2021\/11\/sfm-1024x348.png","type":"image\/png"}],"twitter_card":"summary_large_image","twitter_site":"@SocFrMgmt","twitter_misc":{"Dur\u00e9e de lecture estim\u00e9e":"2 minutes"},"schema":{"@context":"https:\/\/schema.org","@graph":[{"@type":"Organization","@id":"https:\/\/sfm-management.org\/#organization","name":"Soci\u00e9t\u00e9 Fran\u00e7aise de Management","url":"https:\/\/sfm-management.org\/","sameAs":["https:\/\/www.linkedin.com\/company\/70413167\/","https:\/\/twitter.com\/SocFrMgmt"],"logo":{"@type":"ImageObject","inLanguage":"fr-FR","@id":"https:\/\/sfm-management.org\/#\/schema\/logo\/image\/","url":"https:\/\/sfm-management.org\/wp-content\/uploads\/2020\/09\/cropped-logo-1.png","contentUrl":"https:\/\/sfm-management.org\/wp-content\/uploads\/2020\/09\/cropped-logo-1.png","width":345,"height":238,"caption":"Soci\u00e9t\u00e9 Fran\u00e7aise de Management"},"image":{"@id":"https:\/\/sfm-management.org\/#\/schema\/logo\/image\/"}},{"@type":"WebSite","@id":"https:\/\/sfm-management.org\/#website","url":"https:\/\/sfm-management.org\/","name":"Soci\u00e9t\u00e9 Fran\u00e7aise de Management","description":"","publisher":{"@id":"https:\/\/sfm-management.org\/#organization"},"potentialAction":[{"@type":"SearchAction","target":{"@type":"EntryPoint","urlTemplate":"https:\/\/sfm-management.org\/?s={search_term_string}"},"query-input":"required name=search_term_string"}],"inLanguage":"fr-FR"},{"@type":"WebPage","@id":"https:\/\/sfm-management.org\/index.php\/histoire\/","url":"https:\/\/sfm-management.org\/index.php\/histoire\/","name":"Histoire - Soci\u00e9t\u00e9 Fran\u00e7aise de Management","isPartOf":{"@id":"https:\/\/sfm-management.org\/#website"},"datePublished":"2020-09-07T23:14:59+00:00","dateModified":"2021-11-20T01:33:11+00:00","description":"La Soci\u00e9t\u00e9 Fran\u00e7aise de Management a \u00e9t\u00e9 cr\u00e9\u00e9e en 2001 par un petit groupe d'enseignants et de chercheurs en sciences de gestion.","breadcrumb":{"@id":"https:\/\/sfm-management.org\/index.php\/histoire\/#breadcrumb"},"inLanguage":"fr-FR","potentialAction":[{"@type":"ReadAction","target":["https:\/\/sfm-management.org\/index.php\/histoire\/"]}]},{"@type":"BreadcrumbList","@id":"https:\/\/sfm-management.org\/index.php\/histoire\/#breadcrumb","itemListElement":[{"@type":"ListItem","position":1,"name":"Accueil","item":"https:\/\/sfm-management.org\/"},{"@type":"ListItem","position":2,"name":"Histoire"}]}]}},"_links":{"self":[{"href":"https:\/\/sfm-management.org\/index.php\/wp-json\/wp\/v2\/pages\/84"}],"collection":[{"href":"https:\/\/sfm-management.org\/index.php\/wp-json\/wp\/v2\/pages"}],"about":[{"href":"https:\/\/sfm-management.org\/index.php\/wp-json\/wp\/v2\/types\/page"}],"author":[{"embeddable":true,"href":"https:\/\/sfm-management.org\/index.php\/wp-json\/wp\/v2\/users\/1"}],"replies":[{"embeddable":true,"href":"https:\/\/sfm-management.org\/index.php\/wp-json\/wp\/v2\/comments?post=84"}],"version-history":[{"count":8,"href":"https:\/\/sfm-management.org\/index.php\/wp-json\/wp\/v2\/pages\/84\/revisions"}],"predecessor-version":[{"id":199,"href":"https:\/\/sfm-management.org\/index.php\/wp-json\/wp\/v2\/pages\/84\/revisions\/199"}],"wp:attachment":[{"href":"https:\/\/sfm-management.org\/index.php\/wp-json\/wp\/v2\/media?parent=84"}],"curies":[{"name":"wp","href":"https:\/\/api.w.org\/{rel}","templated":true}]}}