{"id":438,"date":"2020-09-12T20:35:05","date_gmt":"2020-09-12T18:35:05","guid":{"rendered":"https:\/\/sfm-management.org\/?page_id=438"},"modified":"2022-10-31T14:56:58","modified_gmt":"2022-10-31T13:56:58","slug":"nous-rejoindre","status":"publish","type":"page","link":"https:\/\/sfm-management.org\/index.php\/nous-rejoindre\/","title":{"rendered":"Nous rejoindre"},"content":{"rendered":"\n<div class=\"wp-block-image is-style-rounded\"><figure class=\"aligncenter size-large\"><img width=\"666\" height=\"229\" src=\"https:\/\/sfm-management.org\/wp-content\/uploads\/2020\/09\/image-1.jpg\" alt=\"\" class=\"wp-image-458\" srcset=\"https:\/\/sfm-management.org\/wp-content\/uploads\/2020\/09\/image-1.jpg 666w, https:\/\/sfm-management.org\/wp-content\/uploads\/2020\/09\/image-1-300x103.jpg 300w\" sizes=\"(max-width: 666px) 100vw, 666px\" \/><\/figure><\/div>\n\n\n\n<p class=\"has-colibri-color-6-color has-text-color\">La SFM est heureuse\u00a0d\u2019accueillir chaque ann\u00e9e de nouveaux membres, enseignants-chercheurs, pour contribuer \u00e0 ses manifestations et \u00e0 ses travaux.\u00a0Il est possible de postuler\u00a0spontan\u00e9ment toute l\u2019ann\u00e9e.<\/p>\n\n\n\n<p class=\"has-colibri-color-6-color has-text-color\">Les candidat(e)s sont invit\u00e9(e)s \u00e0 r\u00e9diger un bref courrier indiquant leur motivation \u00e0 appartenir \u00e0 la SFM et \u00e0 signer le r\u00e8glement int\u00e9rieur pour marquer leur adh\u00e9sion aux valeurs et \u00e0 la raison d\u2019\u00eatre de la Soci\u00e9t\u00e9 Fran\u00e7aise de Management. Ces documents devront \u00eatre envoy\u00e9s \u00e0 l\u2019adresse suivante :<\/p>\n\n\n\n<p class=\"has-text-align-center has-colibri-color-6-color has-text-color\"><a class=\"\" href=\"mailto:contact@sfm-management.org\" rel=\"noreferrer noopener\" target=\"_blank\">contact@sfm-management.org<\/a><\/p>\n\n\n\n<p class=\"has-colibri-color-6-color has-text-color\">Les candidatures sont examin\u00e9es une fois par an par le Conseil d\u2019Administration et valid\u00e9es de mani\u00e8re limit\u00e9e.<\/p>\n\n\n\n<div class=\"wp-block-buttons is-content-justification-center\">\n<div class=\"wp-block-button\"><a class=\"wp-block-button__link has-colibri-color-5-color has-colibri-color-6-background-color has-text-color has-background\" href=\"https:\/\/sfm-management.org\/wp-content\/uploads\/2022\/10\/SFM-Reglement-interieur-16.05.22.pdf\" target=\"_blank\" rel=\"noreferrer noopener\">T\u00e9l\u00e9charger le r\u00e8glement int\u00e9rieur<\/a><\/div>\n<\/div>\n\n\n\n<hr class=\"wp-block-separator\"\/>\n\n\n\n<h2 id=\"cc-m-header-13226112729\">Cotiser<\/h2>\n\n\n\n<p class=\"has-colibri-color-6-color has-text-color\">La SFM est une&nbsp;<strong>association \u00e0 but non lucratif<\/strong>. Pour en \u00eatre un membre actif de la SFM, il est n\u00e9cessaire de&nbsp;<strong>cotiser&nbsp;chaque ann\u00e9e<\/strong>, ceci pour contribuer aux \u00e9v\u00e9nements que nous organisons tout au long de l&rsquo;ann\u00e9e.<\/p>\n\n\n\n<p class=\"has-colibri-color-6-color has-text-color\">Si vous souhaitez cotiser&nbsp;<strong>\u00e0 titre personnel,<\/strong>&nbsp;le montant de la cotisation annuelle s\u2019\u00e9tablit \u00e0&nbsp;<strong>50 Euros par personne.<\/strong><\/p>\n\n\n\n<p class=\"has-colibri-color-6-color has-text-color\"><strong>Si la demande est directement trait\u00e9e par votre universit\u00e9<\/strong>, elle se monte alors \u00e0&nbsp;<strong>100 Euros par personne.<\/strong><\/p>\n\n\n\n<p class=\"has-colibri-color-6-color has-text-color\">Merci d&rsquo;indiquer aux services financiers de votre universit\u00e9 le code SIRET de la SFM: 52837998500013<\/p>\n\n\n\n<p class=\"has-colibri-color-6-color has-text-color\"><strong>La cotisation&nbsp;doit \u00eatre adress\u00e9e au tr\u00e9sorier de la SFM<\/strong>&nbsp;:<\/p>\n\n\n\n<p class=\"has-text-align-center has-colibri-color-6-color has-text-color\">Gwena\u00eblle Nogatchewsky (Universit\u00e9 Paris Dauphine-PSL)<br>gwenaelle.nogatchewsky@dauphine.psl.eu<\/p>\n\n\n\n<p class=\"has-colibri-color-6-color has-text-color\">Un justificatif sera envoy\u00e9 sur simple demande.<\/p>\n","protected":false},"excerpt":{"rendered":"<p>La SFM est heureuse\u00a0d\u2019accueillir chaque ann\u00e9e de nouveaux membres, enseignants-chercheurs, pour contribuer \u00e0 ses manifestations et \u00e0 ses travaux.\u00a0Il est possible de postuler\u00a0spontan\u00e9ment toute l\u2019ann\u00e9e. Les candidat(e)s sont invit\u00e9(e)s \u00e0 r\u00e9diger un bref courrier indiquant leur motivation \u00e0 appartenir \u00e0 la SFM et \u00e0 signer le r\u00e8glement int\u00e9rieur pour marquer leur adh\u00e9sion aux valeurs et [&hellip;]<\/p>\n","protected":false},"author":1,"featured_media":0,"parent":0,"menu_order":0,"comment_status":"closed","ping_status":"closed","template":"","meta":[],"yoast_head":"<!-- This site is optimized with the Yoast SEO plugin v19.4 - https:\/\/yoast.com\/wordpress\/plugins\/seo\/ -->\n<title>Nous rejoindre - Soci\u00e9t\u00e9 Fran\u00e7aise de Management<\/title>\n<meta name=\"robots\" content=\"index, follow, max-snippet:-1, max-image-preview:large, max-video-preview:-1\" \/>\n<link rel=\"canonical\" href=\"https:\/\/sfm-management.org\/index.php\/nous-rejoindre\/\" \/>\n<meta property=\"og:locale\" content=\"fr_FR\" \/>\n<meta property=\"og:type\" content=\"article\" \/>\n<meta property=\"og:title\" content=\"Nous rejoindre - Soci\u00e9t\u00e9 Fran\u00e7aise de Management\" \/>\n<meta property=\"og:description\" content=\"La SFM est heureuse\u00a0d\u2019accueillir chaque ann\u00e9e de nouveaux membres, enseignants-chercheurs, pour contribuer \u00e0 ses manifestations et \u00e0 ses travaux.\u00a0Il est possible de postuler\u00a0spontan\u00e9ment toute l\u2019ann\u00e9e. Les candidat(e)s sont invit\u00e9(e)s \u00e0 r\u00e9diger un bref courrier indiquant leur motivation \u00e0 appartenir \u00e0 la SFM et \u00e0 signer le r\u00e8glement int\u00e9rieur pour marquer leur adh\u00e9sion aux valeurs et [&hellip;]\" \/>\n<meta property=\"og:url\" content=\"https:\/\/sfm-management.org\/index.php\/nous-rejoindre\/\" \/>\n<meta property=\"og:site_name\" content=\"Soci\u00e9t\u00e9 Fran\u00e7aise de Management\" \/>\n<meta property=\"article:modified_time\" content=\"2022-10-31T13:56:58+00:00\" \/>\n<meta property=\"og:image\" content=\"https:\/\/sfm-management.org\/wp-content\/uploads\/2020\/09\/image-1.jpg\" \/>\n<meta name=\"twitter:card\" content=\"summary_large_image\" \/>\n<meta name=\"twitter:site\" content=\"@SocFrMgmt\" \/>\n<meta name=\"twitter:label1\" content=\"Dur\u00e9e de lecture estim\u00e9e\" \/>\n\t<meta name=\"twitter:data1\" content=\"2 minutes\" \/>\n<script type=\"application\/ld+json\" class=\"yoast-schema-graph\">{\"@context\":\"https:\/\/schema.org\",\"@graph\":[{\"@type\":\"Organization\",\"@id\":\"https:\/\/sfm-management.org\/#organization\",\"name\":\"Soci\u00e9t\u00e9 Fran\u00e7aise de Management\",\"url\":\"https:\/\/sfm-management.org\/\",\"sameAs\":[\"https:\/\/www.linkedin.com\/company\/70413167\/\",\"https:\/\/twitter.com\/SocFrMgmt\"],\"logo\":{\"@type\":\"ImageObject\",\"inLanguage\":\"fr-FR\",\"@id\":\"https:\/\/sfm-management.org\/#\/schema\/logo\/image\/\",\"url\":\"https:\/\/sfm-management.org\/wp-content\/uploads\/2020\/09\/cropped-logo-1.png\",\"contentUrl\":\"https:\/\/sfm-management.org\/wp-content\/uploads\/2020\/09\/cropped-logo-1.png\",\"width\":345,\"height\":238,\"caption\":\"Soci\u00e9t\u00e9 Fran\u00e7aise de Management\"},\"image\":{\"@id\":\"https:\/\/sfm-management.org\/#\/schema\/logo\/image\/\"}},{\"@type\":\"WebSite\",\"@id\":\"https:\/\/sfm-management.org\/#website\",\"url\":\"https:\/\/sfm-management.org\/\",\"name\":\"Soci\u00e9t\u00e9 Fran\u00e7aise de Management\",\"description\":\"\",\"publisher\":{\"@id\":\"https:\/\/sfm-management.org\/#organization\"},\"potentialAction\":[{\"@type\":\"SearchAction\",\"target\":{\"@type\":\"EntryPoint\",\"urlTemplate\":\"https:\/\/sfm-management.org\/?s={search_term_string}\"},\"query-input\":\"required name=search_term_string\"}],\"inLanguage\":\"fr-FR\"},{\"@type\":\"WebPage\",\"@id\":\"https:\/\/sfm-management.org\/index.php\/nous-rejoindre\/\",\"url\":\"https:\/\/sfm-management.org\/index.php\/nous-rejoindre\/\",\"name\":\"Nous rejoindre - Soci\u00e9t\u00e9 Fran\u00e7aise de Management\",\"isPartOf\":{\"@id\":\"https:\/\/sfm-management.org\/#website\"},\"datePublished\":\"2020-09-12T18:35:05+00:00\",\"dateModified\":\"2022-10-31T13:56:58+00:00\",\"breadcrumb\":{\"@id\":\"https:\/\/sfm-management.org\/index.php\/nous-rejoindre\/#breadcrumb\"},\"inLanguage\":\"fr-FR\",\"potentialAction\":[{\"@type\":\"ReadAction\",\"target\":[\"https:\/\/sfm-management.org\/index.php\/nous-rejoindre\/\"]}]},{\"@type\":\"BreadcrumbList\",\"@id\":\"https:\/\/sfm-management.org\/index.php\/nous-rejoindre\/#breadcrumb\",\"itemListElement\":[{\"@type\":\"ListItem\",\"position\":1,\"name\":\"Accueil\",\"item\":\"https:\/\/sfm-management.org\/\"},{\"@type\":\"ListItem\",\"position\":2,\"name\":\"Nous rejoindre\"}]}]}<\/script>\n<!-- \/ Yoast SEO plugin. -->","yoast_head_json":{"title":"Nous rejoindre - Soci\u00e9t\u00e9 Fran\u00e7aise de Management","robots":{"index":"index","follow":"follow","max-snippet":"max-snippet:-1","max-image-preview":"max-image-preview:large","max-video-preview":"max-video-preview:-1"},"canonical":"https:\/\/sfm-management.org\/index.php\/nous-rejoindre\/","og_locale":"fr_FR","og_type":"article","og_title":"Nous rejoindre - Soci\u00e9t\u00e9 Fran\u00e7aise de Management","og_description":"La SFM est heureuse\u00a0d\u2019accueillir chaque ann\u00e9e de nouveaux membres, enseignants-chercheurs, pour contribuer \u00e0 ses manifestations et \u00e0 ses travaux.\u00a0Il est possible de postuler\u00a0spontan\u00e9ment toute l\u2019ann\u00e9e. Les candidat(e)s sont invit\u00e9(e)s \u00e0 r\u00e9diger un bref courrier indiquant leur motivation \u00e0 appartenir \u00e0 la SFM et \u00e0 signer le r\u00e8glement int\u00e9rieur pour marquer leur adh\u00e9sion aux valeurs et [&hellip;]","og_url":"https:\/\/sfm-management.org\/index.php\/nous-rejoindre\/","og_site_name":"Soci\u00e9t\u00e9 Fran\u00e7aise de Management","article_modified_time":"2022-10-31T13:56:58+00:00","og_image":[{"url":"https:\/\/sfm-management.org\/wp-content\/uploads\/2020\/09\/image-1.jpg"}],"twitter_card":"summary_large_image","twitter_site":"@SocFrMgmt","twitter_misc":{"Dur\u00e9e de lecture estim\u00e9e":"2 minutes"},"schema":{"@context":"https:\/\/schema.org","@graph":[{"@type":"Organization","@id":"https:\/\/sfm-management.org\/#organization","name":"Soci\u00e9t\u00e9 Fran\u00e7aise de Management","url":"https:\/\/sfm-management.org\/","sameAs":["https:\/\/www.linkedin.com\/company\/70413167\/","https:\/\/twitter.com\/SocFrMgmt"],"logo":{"@type":"ImageObject","inLanguage":"fr-FR","@id":"https:\/\/sfm-management.org\/#\/schema\/logo\/image\/","url":"https:\/\/sfm-management.org\/wp-content\/uploads\/2020\/09\/cropped-logo-1.png","contentUrl":"https:\/\/sfm-management.org\/wp-content\/uploads\/2020\/09\/cropped-logo-1.png","width":345,"height":238,"caption":"Soci\u00e9t\u00e9 Fran\u00e7aise de Management"},"image":{"@id":"https:\/\/sfm-management.org\/#\/schema\/logo\/image\/"}},{"@type":"WebSite","@id":"https:\/\/sfm-management.org\/#website","url":"https:\/\/sfm-management.org\/","name":"Soci\u00e9t\u00e9 Fran\u00e7aise de Management","description":"","publisher":{"@id":"https:\/\/sfm-management.org\/#organization"},"potentialAction":[{"@type":"SearchAction","target":{"@type":"EntryPoint","urlTemplate":"https:\/\/sfm-management.org\/?s={search_term_string}"},"query-input":"required name=search_term_string"}],"inLanguage":"fr-FR"},{"@type":"WebPage","@id":"https:\/\/sfm-management.org\/index.php\/nous-rejoindre\/","url":"https:\/\/sfm-management.org\/index.php\/nous-rejoindre\/","name":"Nous rejoindre - Soci\u00e9t\u00e9 Fran\u00e7aise de Management","isPartOf":{"@id":"https:\/\/sfm-management.org\/#website"},"datePublished":"2020-09-12T18:35:05+00:00","dateModified":"2022-10-31T13:56:58+00:00","breadcrumb":{"@id":"https:\/\/sfm-management.org\/index.php\/nous-rejoindre\/#breadcrumb"},"inLanguage":"fr-FR","potentialAction":[{"@type":"ReadAction","target":["https:\/\/sfm-management.org\/index.php\/nous-rejoindre\/"]}]},{"@type":"BreadcrumbList","@id":"https:\/\/sfm-management.org\/index.php\/nous-rejoindre\/#breadcrumb","itemListElement":[{"@type":"ListItem","position":1,"name":"Accueil","item":"https:\/\/sfm-management.org\/"},{"@type":"ListItem","position":2,"name":"Nous rejoindre"}]}]}},"_links":{"self":[{"href":"https:\/\/sfm-management.org\/index.php\/wp-json\/wp\/v2\/pages\/438"}],"collection":[{"href":"https:\/\/sfm-management.org\/index.php\/wp-json\/wp\/v2\/pages"}],"about":[{"href":"https:\/\/sfm-management.org\/index.php\/wp-json\/wp\/v2\/types\/page"}],"author":[{"embeddable":true,"href":"https:\/\/sfm-management.org\/index.php\/wp-json\/wp\/v2\/users\/1"}],"replies":[{"embeddable":true,"href":"https:\/\/sfm-management.org\/index.php\/wp-json\/wp\/v2\/comments?post=438"}],"version-history":[{"count":11,"href":"https:\/\/sfm-management.org\/index.php\/wp-json\/wp\/v2\/pages\/438\/revisions"}],"predecessor-version":[{"id":904,"href":"https:\/\/sfm-management.org\/index.php\/wp-json\/wp\/v2\/pages\/438\/revisions\/904"}],"wp:attachment":[{"href":"https:\/\/sfm-management.org\/index.php\/wp-json\/wp\/v2\/media?parent=438"}],"curies":[{"name":"wp","href":"https:\/\/api.w.org\/{rel}","templated":true}]}}