{"id":305,"date":"2020-09-08T15:20:44","date_gmt":"2020-09-08T13:20:44","guid":{"rendered":"http:\/\/sfm-management.org\/?page_id=305"},"modified":"2022-09-23T16:50:59","modified_gmt":"2022-09-23T14:50:59","slug":"archives","status":"publish","type":"page","link":"https:\/\/sfm-management.org\/index.php\/archives\/","title":{"rendered":"Archives"},"content":{"rendered":"\n<h1 class=\"has-text-align-center\"><strong>S\u00e9minaire d&rsquo;hiver 2022 de\u00a0la SFM<\/strong><\/h1>\n\n\n\n<h2 class=\"has-text-align-center\">vendredi 25 mars 2022<\/h2>\n\n\n\n<p class=\"has-text-align-center\">Universit\u00e9 Paris Dauphine, en salle Raymond Aron<br>(format hybride sous r\u00e9serve de confirmation)<\/p>\n\n\n\n<h2 class=\"has-text-align-center\">Libert\u00e9(s) acad\u00e9mique(s)<\/h2>\n\n\n\n<p>Les&nbsp;<strong>r\u00e9formes statutaires<\/strong>&nbsp;possiblement induites par la r\u00e9cente loi de programmation de la recherche ont \u00e9veill\u00e9 autant de revendications que de d\u00e9bats sur la ou les libert\u00e9(s) acad\u00e9mique(s), cet ensemble de \u00ab privil\u00e8ges \u00bb qui garantit aux universitaires et par extension \u00e0 tout enseignant-chercheur&nbsp;<strong>la possibilit\u00e9 de professer et d\u2019orienter ses recherches librement<\/strong>, dans la limite du contr\u00f4le par les pairs, et seulement les pairs. Y percevoir la seule d\u00e9fense des int\u00e9r\u00eats d\u2019un groupe professionnel serait une erreur, car c\u2019est bien de l\u2019affranchissement de la connaissance et de sa fabrique de toute forme de domination qu\u2019il s\u2019agit. Limiter \u00e0 la loi le spectre des menaces qui p\u00e8sent sur l\u2019exercice de cette libert\u00e9 est aussi une erreur.<br><br>Dans le champ des sciences humaines, en particulier (l\u2019actualit\u00e9 nous montre, h\u00e9las, que d\u2019autres sciences sont rel\u00e9gu\u00e9es par le public \u00e0 la production d\u2019opinions comme d\u2019autres), la libert\u00e9 des enseignants-chercheurs r\u00e9tr\u00e9cit comme une peau de chagrin, attaqu\u00e9e qu\u2019elle est, d\u2019un c\u00f4t\u00e9, par des proc\u00e8s en id\u00e9ologie, de l\u2019autre, des proc\u00e8s en ill\u00e9gitimit\u00e9 \u00e0 traiter d\u2019un sujet, proc\u00e8s fond\u00e9s les uns comme les autres sur des crit\u00e8res qui n\u2019ont rien de scientifique. Plus pr\u00e9cis\u00e9ment encore,&nbsp;<strong>dans le domaine des sciences de gestion, le financement de la recherche, son \u00e9valuation aux prises avec le mim\u00e9tisme des sciences dures, la mainmise d\u2019une poign\u00e9e de plateformes sur la diffusion de la connaissance limitent encore le champ des possibles<\/strong>.<br><br>Il devient n\u00e9cessaire qu\u2019une soci\u00e9t\u00e9 savante comme la&nbsp;<a target=\"_blank\" href=\"https:\/\/gmail.us17.list-manage.com\/track\/click?u=97cae29bc52de90045fe93b1e&amp;id=6fa7919996&amp;e=74ca268acc\" rel=\"noreferrer noopener\">Soci\u00e9t\u00e9 Fran\u00e7aise de Management<\/a>&nbsp;se penche sur ces probl\u00e9matiques et propose des alternatives au monde acad\u00e9mique tel qu\u2019il se dessine.<br><br>Les d\u00e9bats se structureront autour de&nbsp;<strong><u>cinq tables rondes<\/u><\/strong>&nbsp;:<\/p>\n\n\n\n<ul><li><strong>Droit, philosophie<\/strong>, et libert\u00e9(s) acad\u00e9mique(s)<\/li><li><strong>Gestion des carri\u00e8res<\/strong>&nbsp;et libert\u00e9(s) acad\u00e9mique(s)<\/li><li><strong>Organisation de la recherche, \u00e9valuation de la production scientifique<\/strong>&nbsp;et libert\u00e9(s) acad\u00e9mique(s)<\/li><li><strong>Mod\u00e8les \u00e9conomiques de l\u2019ESR<\/strong>&nbsp;et libert\u00e9(s) acad\u00e9mique(s)<\/li><li><strong>Digitalisation<\/strong>&nbsp;et libert\u00e9(s) acad\u00e9mique(s)<\/li><\/ul>\n\n\n\n<div class=\"wp-block-buttons is-content-justification-center\">\n<div class=\"wp-block-button\"><a class=\"wp-block-button__link has-colibri-color-5-color has-colibri-color-6-background-color has-text-color has-background\" href=\"https:\/\/sfm-management.org\/wp-content\/uploads\/2022\/03\/Programme-du-seminaire-SFM-VD.pdf\">Programme complet<\/a><\/div>\n<\/div>\n\n\n\n<hr class=\"wp-block-separator\"\/>\n\n\n\n<p><strong>S\u00e9minaire d\u2019hiver 2021 de la SFM le 10 mars 2021 et appel \u00e0 contribution RFG\u00a0:<\/strong><\/p>\n\n\n\n<p><strong>Les nouveaux enjeux de la souverainet\u00e9&nbsp;: entreprises, soci\u00e9t\u00e9, acad\u00e9miques<\/strong><\/p>\n\n\n\n<p>Depuis sa cr\u00e9ation en 2001, la Soci\u00e9t\u00e9 Fran\u00e7aise de Management, a contribu\u00e9, aux cours de ses s\u00e9minaires et sessions, \u00e0 d\u00e9fricher plusieurs tendances porteuses de ruptures potentielles et \u00e0 enrichir les d\u00e9bats centr\u00e9s sur la recherche en management.<\/p>\n\n\n\n<p>En 2021, le s\u00e9minaire hivernal de la SFM portera sur les nouveaux enjeux de la souverainet\u00e9, tant pour les entreprises que pour la soci\u00e9t\u00e9 ou sur le plan acad\u00e9mique. En effet, les crises cons\u00e9cutives \u00e0 l\u2019\u00e9pid\u00e9mie de Covid-19 ont remis au premier plan du politique et de l\u2019\u00e9conomique des enjeux dits \u00ab&nbsp;de souverainet\u00e9&nbsp;\u00bb. Elles ont r\u00e9v\u00e9l\u00e9 des failles dans la ma\u00eetrise des technologies, des cha\u00eenes de valeur et outils de production, mais aussi des rapports de forces, et des enjeux renouvel\u00e9s en mati\u00e8re de \u00ab&nbsp;soft power&nbsp;\u00bb g\u00e9opolitique.<\/p>\n\n\n\n<p>Quatre probl\u00e9matiques de la souverainet\u00e9 seront explor\u00e9es&nbsp;prioritairement au cours du s\u00e9minaire hivernal 2021 de la SFM&nbsp;: (i) Relocalisations, enjeux, acteurs, conditions, limites et modalit\u00e9s, (ii) Face aux plateformes h\u00e9g\u00e9moniques (GAFAM et BAHTX), r\u00e9gulations et&nbsp;alternatives (iii) Diversit\u00e9 des langues ou \u00ab&nbsp;English&nbsp;only&nbsp;\u00bb et traduction automatique&nbsp;?&nbsp;et (iv) Recherches entre libert\u00e9s acad\u00e9miques, coop\u00e9ration, march\u00e9s et rivalit\u00e9s g\u00e9opolitiques.<a href=\"https:\/\/sfm-management.org\/wp-content\/uploads\/2021\/02\/Programme-complet.pdf\"><strong>T\u00e9l\u00e9charger le programme complet<\/strong><\/a><\/p>\n\n\n\n<p>A vos plumes&nbsp;:&nbsp;<a href=\"https:\/\/rfg.revuesonline.com\/actualites\/310-appel-a-contribution-2021-les-nouveaux-enjeux-de-la-souverainete\" target=\"_blank\" rel=\"noreferrer noopener\">un appel \u00e0 contribution de la&nbsp;<em>Revue Fran\u00e7aise de Gestion<\/em><\/a>&nbsp;est li\u00e9 au s\u00e9minaire et les auteurs sont invit\u00e9s \u00e0 soumettre des propositions d\u2019articles explorant ces aspects de la souverainet\u00e9, ou d\u2019autres, dans le champ des sciences de gestion entendu au sens large. Les contributions soumises \u00e0 la&nbsp;<em>Revue Fran\u00e7aise de Gestion<\/em>&nbsp;pourront se nourrir des d\u00e9bats engag\u00e9s lors de la journ\u00e9e SFM, sans obligation et sans discrimination dans l\u2019\u00e9valuation.<\/p>\n\n\n\n<p>Le s\u00e9minaire se tiendra en visioconf\u00e9rence le 10 mars 2021&nbsp;:&nbsp;<em>save the date&nbsp;!<\/em><\/p>\n","protected":false},"excerpt":{"rendered":"<p>S\u00e9minaire d&rsquo;hiver 2022 de\u00a0la SFM vendredi 25 mars 2022 Universit\u00e9 Paris Dauphine, en salle Raymond Aron(format hybride sous r\u00e9serve de confirmation) Libert\u00e9(s) acad\u00e9mique(s) Les&nbsp;r\u00e9formes statutaires&nbsp;possiblement induites par la r\u00e9cente loi de programmation de la recherche ont \u00e9veill\u00e9 autant de revendications que de d\u00e9bats sur la ou les libert\u00e9(s) acad\u00e9mique(s), cet ensemble de \u00ab privil\u00e8ges \u00bb [&hellip;]<\/p>\n","protected":false},"author":1,"featured_media":0,"parent":0,"menu_order":0,"comment_status":"closed","ping_status":"closed","template":"","meta":[],"yoast_head":"<!-- This site is optimized with the Yoast SEO plugin v19.4 - https:\/\/yoast.com\/wordpress\/plugins\/seo\/ -->\n<title>Archives - Soci\u00e9t\u00e9 Fran\u00e7aise de Management<\/title>\n<meta name=\"robots\" content=\"index, follow, max-snippet:-1, max-image-preview:large, max-video-preview:-1\" \/>\n<link rel=\"canonical\" href=\"https:\/\/sfm-management.org\/index.php\/archives\/\" \/>\n<meta property=\"og:locale\" content=\"fr_FR\" \/>\n<meta property=\"og:type\" content=\"article\" \/>\n<meta property=\"og:title\" content=\"Archives - Soci\u00e9t\u00e9 Fran\u00e7aise de Management\" \/>\n<meta property=\"og:description\" content=\"S\u00e9minaire d&rsquo;hiver 2022 de\u00a0la SFM vendredi 25 mars 2022 Universit\u00e9 Paris Dauphine, en salle Raymond Aron(format hybride sous r\u00e9serve de confirmation) Libert\u00e9(s) acad\u00e9mique(s) Les&nbsp;r\u00e9formes statutaires&nbsp;possiblement induites par la r\u00e9cente loi de programmation de la recherche ont \u00e9veill\u00e9 autant de revendications que de d\u00e9bats sur la ou les libert\u00e9(s) acad\u00e9mique(s), cet ensemble de \u00ab privil\u00e8ges \u00bb [&hellip;]\" \/>\n<meta property=\"og:url\" content=\"https:\/\/sfm-management.org\/index.php\/archives\/\" \/>\n<meta property=\"og:site_name\" content=\"Soci\u00e9t\u00e9 Fran\u00e7aise de Management\" \/>\n<meta property=\"article:modified_time\" content=\"2022-09-23T14:50:59+00:00\" \/>\n<meta property=\"og:image\" content=\"https:\/\/sfm-management.org\/wp-content\/uploads\/2021\/11\/sfm-1024x348.png\" \/>\n\t<meta property=\"og:image:width\" content=\"1024\" \/>\n\t<meta property=\"og:image:height\" content=\"348\" \/>\n\t<meta property=\"og:image:type\" content=\"image\/png\" \/>\n<meta name=\"twitter:card\" content=\"summary_large_image\" \/>\n<meta name=\"twitter:site\" content=\"@SocFrMgmt\" \/>\n<meta name=\"twitter:label1\" content=\"Dur\u00e9e de lecture estim\u00e9e\" \/>\n\t<meta name=\"twitter:data1\" content=\"2 minutes\" \/>\n<script type=\"application\/ld+json\" class=\"yoast-schema-graph\">{\"@context\":\"https:\/\/schema.org\",\"@graph\":[{\"@type\":\"Organization\",\"@id\":\"https:\/\/sfm-management.org\/#organization\",\"name\":\"Soci\u00e9t\u00e9 Fran\u00e7aise de Management\",\"url\":\"https:\/\/sfm-management.org\/\",\"sameAs\":[\"https:\/\/www.linkedin.com\/company\/70413167\/\",\"https:\/\/twitter.com\/SocFrMgmt\"],\"logo\":{\"@type\":\"ImageObject\",\"inLanguage\":\"fr-FR\",\"@id\":\"https:\/\/sfm-management.org\/#\/schema\/logo\/image\/\",\"url\":\"https:\/\/sfm-management.org\/wp-content\/uploads\/2020\/09\/cropped-logo-1.png\",\"contentUrl\":\"https:\/\/sfm-management.org\/wp-content\/uploads\/2020\/09\/cropped-logo-1.png\",\"width\":345,\"height\":238,\"caption\":\"Soci\u00e9t\u00e9 Fran\u00e7aise de Management\"},\"image\":{\"@id\":\"https:\/\/sfm-management.org\/#\/schema\/logo\/image\/\"}},{\"@type\":\"WebSite\",\"@id\":\"https:\/\/sfm-management.org\/#website\",\"url\":\"https:\/\/sfm-management.org\/\",\"name\":\"Soci\u00e9t\u00e9 Fran\u00e7aise de Management\",\"description\":\"\",\"publisher\":{\"@id\":\"https:\/\/sfm-management.org\/#organization\"},\"potentialAction\":[{\"@type\":\"SearchAction\",\"target\":{\"@type\":\"EntryPoint\",\"urlTemplate\":\"https:\/\/sfm-management.org\/?s={search_term_string}\"},\"query-input\":\"required name=search_term_string\"}],\"inLanguage\":\"fr-FR\"},{\"@type\":\"WebPage\",\"@id\":\"https:\/\/sfm-management.org\/index.php\/archives\/\",\"url\":\"https:\/\/sfm-management.org\/index.php\/archives\/\",\"name\":\"Archives - Soci\u00e9t\u00e9 Fran\u00e7aise de Management\",\"isPartOf\":{\"@id\":\"https:\/\/sfm-management.org\/#website\"},\"datePublished\":\"2020-09-08T13:20:44+00:00\",\"dateModified\":\"2022-09-23T14:50:59+00:00\",\"breadcrumb\":{\"@id\":\"https:\/\/sfm-management.org\/index.php\/archives\/#breadcrumb\"},\"inLanguage\":\"fr-FR\",\"potentialAction\":[{\"@type\":\"ReadAction\",\"target\":[\"https:\/\/sfm-management.org\/index.php\/archives\/\"]}]},{\"@type\":\"BreadcrumbList\",\"@id\":\"https:\/\/sfm-management.org\/index.php\/archives\/#breadcrumb\",\"itemListElement\":[{\"@type\":\"ListItem\",\"position\":1,\"name\":\"Accueil\",\"item\":\"https:\/\/sfm-management.org\/\"},{\"@type\":\"ListItem\",\"position\":2,\"name\":\"Archives\"}]}]}<\/script>\n<!-- \/ Yoast SEO plugin. -->","yoast_head_json":{"title":"Archives - Soci\u00e9t\u00e9 Fran\u00e7aise de Management","robots":{"index":"index","follow":"follow","max-snippet":"max-snippet:-1","max-image-preview":"max-image-preview:large","max-video-preview":"max-video-preview:-1"},"canonical":"https:\/\/sfm-management.org\/index.php\/archives\/","og_locale":"fr_FR","og_type":"article","og_title":"Archives - Soci\u00e9t\u00e9 Fran\u00e7aise de Management","og_description":"S\u00e9minaire d&rsquo;hiver 2022 de\u00a0la SFM vendredi 25 mars 2022 Universit\u00e9 Paris Dauphine, en salle Raymond Aron(format hybride sous r\u00e9serve de confirmation) Libert\u00e9(s) acad\u00e9mique(s) Les&nbsp;r\u00e9formes statutaires&nbsp;possiblement induites par la r\u00e9cente loi de programmation de la recherche ont \u00e9veill\u00e9 autant de revendications que de d\u00e9bats sur la ou les libert\u00e9(s) acad\u00e9mique(s), cet ensemble de \u00ab privil\u00e8ges \u00bb [&hellip;]","og_url":"https:\/\/sfm-management.org\/index.php\/archives\/","og_site_name":"Soci\u00e9t\u00e9 Fran\u00e7aise de Management","article_modified_time":"2022-09-23T14:50:59+00:00","og_image":[{"width":1024,"height":348,"url":"https:\/\/sfm-management.org\/wp-content\/uploads\/2021\/11\/sfm-1024x348.png","type":"image\/png"}],"twitter_card":"summary_large_image","twitter_site":"@SocFrMgmt","twitter_misc":{"Dur\u00e9e de lecture estim\u00e9e":"2 minutes"},"schema":{"@context":"https:\/\/schema.org","@graph":[{"@type":"Organization","@id":"https:\/\/sfm-management.org\/#organization","name":"Soci\u00e9t\u00e9 Fran\u00e7aise de Management","url":"https:\/\/sfm-management.org\/","sameAs":["https:\/\/www.linkedin.com\/company\/70413167\/","https:\/\/twitter.com\/SocFrMgmt"],"logo":{"@type":"ImageObject","inLanguage":"fr-FR","@id":"https:\/\/sfm-management.org\/#\/schema\/logo\/image\/","url":"https:\/\/sfm-management.org\/wp-content\/uploads\/2020\/09\/cropped-logo-1.png","contentUrl":"https:\/\/sfm-management.org\/wp-content\/uploads\/2020\/09\/cropped-logo-1.png","width":345,"height":238,"caption":"Soci\u00e9t\u00e9 Fran\u00e7aise de Management"},"image":{"@id":"https:\/\/sfm-management.org\/#\/schema\/logo\/image\/"}},{"@type":"WebSite","@id":"https:\/\/sfm-management.org\/#website","url":"https:\/\/sfm-management.org\/","name":"Soci\u00e9t\u00e9 Fran\u00e7aise de Management","description":"","publisher":{"@id":"https:\/\/sfm-management.org\/#organization"},"potentialAction":[{"@type":"SearchAction","target":{"@type":"EntryPoint","urlTemplate":"https:\/\/sfm-management.org\/?s={search_term_string}"},"query-input":"required name=search_term_string"}],"inLanguage":"fr-FR"},{"@type":"WebPage","@id":"https:\/\/sfm-management.org\/index.php\/archives\/","url":"https:\/\/sfm-management.org\/index.php\/archives\/","name":"Archives - Soci\u00e9t\u00e9 Fran\u00e7aise de Management","isPartOf":{"@id":"https:\/\/sfm-management.org\/#website"},"datePublished":"2020-09-08T13:20:44+00:00","dateModified":"2022-09-23T14:50:59+00:00","breadcrumb":{"@id":"https:\/\/sfm-management.org\/index.php\/archives\/#breadcrumb"},"inLanguage":"fr-FR","potentialAction":[{"@type":"ReadAction","target":["https:\/\/sfm-management.org\/index.php\/archives\/"]}]},{"@type":"BreadcrumbList","@id":"https:\/\/sfm-management.org\/index.php\/archives\/#breadcrumb","itemListElement":[{"@type":"ListItem","position":1,"name":"Accueil","item":"https:\/\/sfm-management.org\/"},{"@type":"ListItem","position":2,"name":"Archives"}]}]}},"_links":{"self":[{"href":"https:\/\/sfm-management.org\/index.php\/wp-json\/wp\/v2\/pages\/305"}],"collection":[{"href":"https:\/\/sfm-management.org\/index.php\/wp-json\/wp\/v2\/pages"}],"about":[{"href":"https:\/\/sfm-management.org\/index.php\/wp-json\/wp\/v2\/types\/page"}],"author":[{"embeddable":true,"href":"https:\/\/sfm-management.org\/index.php\/wp-json\/wp\/v2\/users\/1"}],"replies":[{"embeddable":true,"href":"https:\/\/sfm-management.org\/index.php\/wp-json\/wp\/v2\/comments?post=305"}],"version-history":[{"count":3,"href":"https:\/\/sfm-management.org\/index.php\/wp-json\/wp\/v2\/pages\/305\/revisions"}],"predecessor-version":[{"id":894,"href":"https:\/\/sfm-management.org\/index.php\/wp-json\/wp\/v2\/pages\/305\/revisions\/894"}],"wp:attachment":[{"href":"https:\/\/sfm-management.org\/index.php\/wp-json\/wp\/v2\/media?parent=305"}],"curies":[{"name":"wp","href":"https:\/\/api.w.org\/{rel}","templated":true}]}}