{"id":2196,"date":"2026-03-17T01:09:37","date_gmt":"2026-03-17T00:09:37","guid":{"rendered":"https:\/\/sfm-management.org\/?page_id=2196"},"modified":"2026-03-17T01:20:57","modified_gmt":"2026-03-17T00:20:57","slug":"reglement-interieur","status":"publish","type":"page","link":"https:\/\/sfm-management.org\/index.php\/reglement-interieur\/","title":{"rendered":"R\u00e8glement Int\u00e9rieur"},"content":{"rendered":"<div data-colibri-id=\"2196-c1\" class=\"style-1538 style-local-2196-c1 position-relative\">\n  <!---->\n  <div data-colibri-component=\"section\" data-colibri-id=\"2196-c2\" id=\"overlappable\" class=\"h-section h-section-global-spacing d-flex align-items-lg-center align-items-md-center align-items-center style-1539 style-local-2196-c2 position-relative\">\n    <!---->\n    <!---->\n    <div class=\"h-section-grid-container h-section-boxed-container\">\n      <!---->\n      <div data-colibri-id=\"2196-c3\" class=\"h-row-container gutters-row-lg-2 gutters-row-md-0 gutters-row-2 gutters-row-v-lg-2 gutters-row-v-md-0 gutters-row-v-2 style-1540 style-local-2196-c3 position-relative\">\n        <!---->\n        <div class=\"h-row justify-content-lg-center justify-content-md-center justify-content-center align-items-lg-stretch align-items-md-stretch align-items-stretch gutters-col-lg-2 gutters-col-md-0 gutters-col-2 gutters-col-v-lg-2 gutters-col-v-md-0 gutters-col-v-2\">\n          <!---->\n          <div class=\"h-column h-column-container d-flex h-col-lg-12 h-col-md-12 h-col-12 style-1541-outer style-local-2196-c4-outer\">\n            <div data-colibri-id=\"2196-c4\" class=\"d-flex h-flex-basis h-column__inner h-px-lg-2 h-px-md-3 h-px-2 v-inner-lg-0 v-inner-md-3 v-inner-2 style-1541 style-local-2196-c4 position-relative\">\n              <!---->\n              <!---->\n              <div class=\"w-100 h-y-container h-column__content h-column__v-align flex-basis-100 align-self-lg-start align-self-md-start align-self-start\">\n                <!---->\n                <div data-colibri-id=\"2196-c5\" class=\"h-icon style-1542 style-local-2196-c5 position-relative h-element\">\n                  <!----><span class=\"h-svg-icon h-icon__icon style-1542-icon style-local-2196-c5-icon\"><!--Icon by Font Awesome (https:\/\/fontawesome.com)-->\n    <svg version=\"1.1\" xmlns=\"http:\/\/www.w3.org\/2000\/svg\" xmlns:xlink=\"http:\/\/www.w3.org\/1999\/xlink\" id=\"road\" viewBox=\"0 0 1920 1896.0833\">\n      <path d=\"M1111 996v-4l-24-320q-1-13-11-22.5t-23-9.5H867q-13 0-23 9.5T833 672l-24 320v4q-1 12 8 20t21 8h244q12 0 21-8t8-20zm759 467q0 73-46 73h-704q13 0 22-9.5t8-22.5l-20-256q-1-13-11-22.5t-23-9.5H824q-13 0-23 9.5t-11 22.5l-20 256q-1 13 8 22.5t22 9.5H96q-46 0-46-73 0-54 26-116L493 303q8-19 26-33t38-14h339q-13 0-23 9.5T862 288l-15 192q-1 14 8 23t22 9h166q13 0 22-9t8-23l-15-192q-1-13-11-22.5t-23-9.5h339q20 0 38 14t26 33l417 1044q26 62 26 116z\"><\/path>\n    <\/svg><\/span><\/div>\n                <div data-colibri-id=\"2196-c6\" class=\"h-global-transition-all h-heading style-1543 style-local-2196-c6 position-relative h-element\">\n                  <!---->\n                  <div class=\"h-heading__outer style-1543 style-local-2196-c6\">\n                    <!---->\n                    <!---->\n                    <h3 class=\"\">R\u00e8glement int\u00e9rieur<\/h3>\n                  <\/div>\n                <\/div>\n                <div data-colibri-id=\"2196-c7\" class=\"h-text h-text-component style-1544 style-local-2196-c7 position-relative h-element\">\n                  <!---->\n                  <!---->\n                  <div class=\"\">\n                    <p>La Soci\u00e9t\u00e9 Fran\u00e7aise de Management (SFM) a \u00e9t\u00e9 cr\u00e9\u00e9e en 2001&nbsp;pour&nbsp;contribuer \u00e0 l\u2019\u00e9volution&nbsp;et \u00e0 la bonne gouvernance des sciences de gestion, de&nbsp;leurs objets et de&nbsp;leurs contours&nbsp;institutionnels, en France\n                      et en Europe. L\u2019association est r\u00e9gie par des statuts approuv\u00e9s&nbsp;par&nbsp;l\u2019assembl\u00e9e g\u00e9n\u00e9rale du 28 f\u00e9vrier 2022.&nbsp;Elle dispose \u00e9galement d&rsquo;un r\u00e8glement int\u00e9rieur qui compl\u00e8te ses statuts et pr\u00e9cise le fonctionnement &nbsp;concret\n                      de l&rsquo;association.<\/p>\n                    <p>.<\/p>\n                  <\/div>\n                <\/div>\n              <\/div>\n            <\/div>\n          <\/div>\n          <div class=\"h-column h-column-container d-flex h-col-lg-12 h-col-md-12 h-col-12 style-1541-outer style-local-2196-c8-outer\">\n            <div data-colibri-id=\"2196-c8\" class=\"d-flex h-flex-basis h-column__inner h-px-lg-2 h-px-md-3 h-px-2 v-inner-lg-0 v-inner-md-3 v-inner-2 style-1541 style-local-2196-c8 position-relative\">\n              <!---->\n              <!---->\n              <div class=\"w-100 h-y-container h-column__content h-column__v-align flex-basis-100 align-self-lg-start align-self-md-start align-self-start\">\n                <!---->\n                <div data-colibri-id=\"2196-c9\" class=\"h-x-container style-1545 style-local-2196-c9 position-relative h-element\">\n                  <!---->\n                  <div class=\"h-x-container-inner style-dynamic-2196-c9-group style-1545-spacing style-local-2196-c9-spacing\"><span class=\"h-button__outer style-1546-outer style-local-2196-c10-outer d-inline-flex h-element\"><a h-use-smooth-scroll=\"true\" href=\"https:\/\/sfm-management.org\/wp-content\/uploads\/2026\/03\/SFM-Reglement-interieur-16.05.22.pdf\"  data-colibri-id=\"2196-c10\" class=\"d-flex w-100 align-items-center h-button justify-content-lg-center justify-content-md-center justify-content-center style-1546 style-local-2196-c10 position-relative\"><!----><!----> <span>Read More<\/span><\/a>\n                    <\/span>\n                  <\/div>\n                <\/div>\n                <div data-colibri-id=\"2196-c11\" class=\"h-global-transition-all h-heading style-1543 style-local-2196-c11 position-relative h-element\">\n                  <!---->\n                  <div class=\"h-heading__outer style-1543 style-local-2196-c11\">\n                    <!---->\n                    <!---->\n                    <h3 class=\"\"><\/h3>\n                  <\/div>\n                <\/div>\n                <div data-colibri-id=\"2196-c12\" class=\"h-text h-text-component style-1544 style-local-2196-c12 position-relative h-element\">\n                  <!---->\n                  <!---->\n                  <div class=\"\"><\/div>\n                <\/div>\n              <\/div>\n            <\/div>\n          <\/div>\n        <\/div>\n      <\/div>\n    <\/div>\n  <\/div>\n<\/div>","protected":false},"excerpt":{"rendered":"<p>R\u00e8glement int\u00e9rieur La Soci\u00e9t\u00e9 Fran\u00e7aise de Management (SFM) a \u00e9t\u00e9 cr\u00e9\u00e9e en 2001&nbsp;pour&nbsp;contribuer \u00e0 l\u2019\u00e9volution&nbsp;et \u00e0 la bonne gouvernance des sciences de gestion, de&nbsp;leurs objets et de&nbsp;leurs contours&nbsp;institutionnels, en France et en Europe. L\u2019association est r\u00e9gie par des statuts approuv\u00e9s&nbsp;par&nbsp;l\u2019assembl\u00e9e g\u00e9n\u00e9rale du 28 f\u00e9vrier 2022.&nbsp;Elle dispose \u00e9galement d&rsquo;un r\u00e8glement int\u00e9rieur qui compl\u00e8te ses statuts et [&hellip;]<\/p>\n","protected":false},"author":1,"featured_media":0,"parent":0,"menu_order":0,"comment_status":"closed","ping_status":"closed","template":"page-templates\/full-width-page.php","meta":[],"yoast_head":"<!-- This site is optimized with the Yoast SEO plugin v19.4 - https:\/\/yoast.com\/wordpress\/plugins\/seo\/ -->\n<title>R\u00e8glement Int\u00e9rieur - Soci\u00e9t\u00e9 Fran\u00e7aise de Management<\/title>\n<meta name=\"robots\" content=\"index, follow, max-snippet:-1, max-image-preview:large, max-video-preview:-1\" \/>\n<link rel=\"canonical\" href=\"https:\/\/sfm-management.org\/index.php\/reglement-interieur\/\" \/>\n<meta property=\"og:locale\" content=\"fr_FR\" \/>\n<meta property=\"og:type\" content=\"article\" \/>\n<meta property=\"og:title\" content=\"R\u00e8glement Int\u00e9rieur - Soci\u00e9t\u00e9 Fran\u00e7aise de Management\" \/>\n<meta property=\"og:description\" content=\"R\u00e8glement int\u00e9rieur La Soci\u00e9t\u00e9 Fran\u00e7aise de Management (SFM) a \u00e9t\u00e9 cr\u00e9\u00e9e en 2001&nbsp;pour&nbsp;contribuer \u00e0 l\u2019\u00e9volution&nbsp;et \u00e0 la bonne gouvernance des sciences de gestion, de&nbsp;leurs objets et de&nbsp;leurs contours&nbsp;institutionnels, en France et en Europe. L\u2019association est r\u00e9gie par des statuts approuv\u00e9s&nbsp;par&nbsp;l\u2019assembl\u00e9e g\u00e9n\u00e9rale du 28 f\u00e9vrier 2022.&nbsp;Elle dispose \u00e9galement d&rsquo;un r\u00e8glement int\u00e9rieur qui compl\u00e8te ses statuts et [&hellip;]\" \/>\n<meta property=\"og:url\" content=\"https:\/\/sfm-management.org\/index.php\/reglement-interieur\/\" \/>\n<meta property=\"og:site_name\" content=\"Soci\u00e9t\u00e9 Fran\u00e7aise de Management\" \/>\n<meta property=\"article:modified_time\" content=\"2026-03-17T00:20:57+00:00\" \/>\n<meta property=\"og:image\" content=\"https:\/\/sfm-management.org\/wp-content\/uploads\/2021\/11\/sfm-1024x348.png\" \/>\n\t<meta property=\"og:image:width\" content=\"1024\" \/>\n\t<meta property=\"og:image:height\" content=\"348\" \/>\n\t<meta property=\"og:image:type\" content=\"image\/png\" \/>\n<meta name=\"twitter:card\" content=\"summary_large_image\" \/>\n<meta name=\"twitter:site\" content=\"@SocFrMgmt\" \/>\n<script type=\"application\/ld+json\" class=\"yoast-schema-graph\">{\"@context\":\"https:\/\/schema.org\",\"@graph\":[{\"@type\":\"Organization\",\"@id\":\"https:\/\/sfm-management.org\/#organization\",\"name\":\"Soci\u00e9t\u00e9 Fran\u00e7aise de Management\",\"url\":\"https:\/\/sfm-management.org\/\",\"sameAs\":[\"https:\/\/www.linkedin.com\/company\/70413167\/\",\"https:\/\/twitter.com\/SocFrMgmt\"],\"logo\":{\"@type\":\"ImageObject\",\"inLanguage\":\"fr-FR\",\"@id\":\"https:\/\/sfm-management.org\/#\/schema\/logo\/image\/\",\"url\":\"https:\/\/sfm-management.org\/wp-content\/uploads\/2020\/09\/cropped-logo-1.png\",\"contentUrl\":\"https:\/\/sfm-management.org\/wp-content\/uploads\/2020\/09\/cropped-logo-1.png\",\"width\":345,\"height\":238,\"caption\":\"Soci\u00e9t\u00e9 Fran\u00e7aise de Management\"},\"image\":{\"@id\":\"https:\/\/sfm-management.org\/#\/schema\/logo\/image\/\"}},{\"@type\":\"WebSite\",\"@id\":\"https:\/\/sfm-management.org\/#website\",\"url\":\"https:\/\/sfm-management.org\/\",\"name\":\"Soci\u00e9t\u00e9 Fran\u00e7aise de Management\",\"description\":\"\",\"publisher\":{\"@id\":\"https:\/\/sfm-management.org\/#organization\"},\"potentialAction\":[{\"@type\":\"SearchAction\",\"target\":{\"@type\":\"EntryPoint\",\"urlTemplate\":\"https:\/\/sfm-management.org\/?s={search_term_string}\"},\"query-input\":\"required name=search_term_string\"}],\"inLanguage\":\"fr-FR\"},{\"@type\":\"WebPage\",\"@id\":\"https:\/\/sfm-management.org\/index.php\/reglement-interieur\/\",\"url\":\"https:\/\/sfm-management.org\/index.php\/reglement-interieur\/\",\"name\":\"R\u00e8glement Int\u00e9rieur - Soci\u00e9t\u00e9 Fran\u00e7aise de Management\",\"isPartOf\":{\"@id\":\"https:\/\/sfm-management.org\/#website\"},\"datePublished\":\"2026-03-17T00:09:37+00:00\",\"dateModified\":\"2026-03-17T00:20:57+00:00\",\"breadcrumb\":{\"@id\":\"https:\/\/sfm-management.org\/index.php\/reglement-interieur\/#breadcrumb\"},\"inLanguage\":\"fr-FR\",\"potentialAction\":[{\"@type\":\"ReadAction\",\"target\":[\"https:\/\/sfm-management.org\/index.php\/reglement-interieur\/\"]}]},{\"@type\":\"BreadcrumbList\",\"@id\":\"https:\/\/sfm-management.org\/index.php\/reglement-interieur\/#breadcrumb\",\"itemListElement\":[{\"@type\":\"ListItem\",\"position\":1,\"name\":\"Accueil\",\"item\":\"https:\/\/sfm-management.org\/\"},{\"@type\":\"ListItem\",\"position\":2,\"name\":\"R\u00e8glement Int\u00e9rieur\"}]}]}<\/script>\n<!-- \/ Yoast SEO plugin. -->","yoast_head_json":{"title":"R\u00e8glement Int\u00e9rieur - Soci\u00e9t\u00e9 Fran\u00e7aise de Management","robots":{"index":"index","follow":"follow","max-snippet":"max-snippet:-1","max-image-preview":"max-image-preview:large","max-video-preview":"max-video-preview:-1"},"canonical":"https:\/\/sfm-management.org\/index.php\/reglement-interieur\/","og_locale":"fr_FR","og_type":"article","og_title":"R\u00e8glement Int\u00e9rieur - Soci\u00e9t\u00e9 Fran\u00e7aise de Management","og_description":"R\u00e8glement int\u00e9rieur La Soci\u00e9t\u00e9 Fran\u00e7aise de Management (SFM) a \u00e9t\u00e9 cr\u00e9\u00e9e en 2001&nbsp;pour&nbsp;contribuer \u00e0 l\u2019\u00e9volution&nbsp;et \u00e0 la bonne gouvernance des sciences de gestion, de&nbsp;leurs objets et de&nbsp;leurs contours&nbsp;institutionnels, en France et en Europe. L\u2019association est r\u00e9gie par des statuts approuv\u00e9s&nbsp;par&nbsp;l\u2019assembl\u00e9e g\u00e9n\u00e9rale du 28 f\u00e9vrier 2022.&nbsp;Elle dispose \u00e9galement d&rsquo;un r\u00e8glement int\u00e9rieur qui compl\u00e8te ses statuts et [&hellip;]","og_url":"https:\/\/sfm-management.org\/index.php\/reglement-interieur\/","og_site_name":"Soci\u00e9t\u00e9 Fran\u00e7aise de Management","article_modified_time":"2026-03-17T00:20:57+00:00","og_image":[{"width":1024,"height":348,"url":"https:\/\/sfm-management.org\/wp-content\/uploads\/2021\/11\/sfm-1024x348.png","type":"image\/png"}],"twitter_card":"summary_large_image","twitter_site":"@SocFrMgmt","schema":{"@context":"https:\/\/schema.org","@graph":[{"@type":"Organization","@id":"https:\/\/sfm-management.org\/#organization","name":"Soci\u00e9t\u00e9 Fran\u00e7aise de Management","url":"https:\/\/sfm-management.org\/","sameAs":["https:\/\/www.linkedin.com\/company\/70413167\/","https:\/\/twitter.com\/SocFrMgmt"],"logo":{"@type":"ImageObject","inLanguage":"fr-FR","@id":"https:\/\/sfm-management.org\/#\/schema\/logo\/image\/","url":"https:\/\/sfm-management.org\/wp-content\/uploads\/2020\/09\/cropped-logo-1.png","contentUrl":"https:\/\/sfm-management.org\/wp-content\/uploads\/2020\/09\/cropped-logo-1.png","width":345,"height":238,"caption":"Soci\u00e9t\u00e9 Fran\u00e7aise de Management"},"image":{"@id":"https:\/\/sfm-management.org\/#\/schema\/logo\/image\/"}},{"@type":"WebSite","@id":"https:\/\/sfm-management.org\/#website","url":"https:\/\/sfm-management.org\/","name":"Soci\u00e9t\u00e9 Fran\u00e7aise de Management","description":"","publisher":{"@id":"https:\/\/sfm-management.org\/#organization"},"potentialAction":[{"@type":"SearchAction","target":{"@type":"EntryPoint","urlTemplate":"https:\/\/sfm-management.org\/?s={search_term_string}"},"query-input":"required name=search_term_string"}],"inLanguage":"fr-FR"},{"@type":"WebPage","@id":"https:\/\/sfm-management.org\/index.php\/reglement-interieur\/","url":"https:\/\/sfm-management.org\/index.php\/reglement-interieur\/","name":"R\u00e8glement Int\u00e9rieur - Soci\u00e9t\u00e9 Fran\u00e7aise de Management","isPartOf":{"@id":"https:\/\/sfm-management.org\/#website"},"datePublished":"2026-03-17T00:09:37+00:00","dateModified":"2026-03-17T00:20:57+00:00","breadcrumb":{"@id":"https:\/\/sfm-management.org\/index.php\/reglement-interieur\/#breadcrumb"},"inLanguage":"fr-FR","potentialAction":[{"@type":"ReadAction","target":["https:\/\/sfm-management.org\/index.php\/reglement-interieur\/"]}]},{"@type":"BreadcrumbList","@id":"https:\/\/sfm-management.org\/index.php\/reglement-interieur\/#breadcrumb","itemListElement":[{"@type":"ListItem","position":1,"name":"Accueil","item":"https:\/\/sfm-management.org\/"},{"@type":"ListItem","position":2,"name":"R\u00e8glement Int\u00e9rieur"}]}]}},"_links":{"self":[{"href":"https:\/\/sfm-management.org\/index.php\/wp-json\/wp\/v2\/pages\/2196"}],"collection":[{"href":"https:\/\/sfm-management.org\/index.php\/wp-json\/wp\/v2\/pages"}],"about":[{"href":"https:\/\/sfm-management.org\/index.php\/wp-json\/wp\/v2\/types\/page"}],"author":[{"embeddable":true,"href":"https:\/\/sfm-management.org\/index.php\/wp-json\/wp\/v2\/users\/1"}],"replies":[{"embeddable":true,"href":"https:\/\/sfm-management.org\/index.php\/wp-json\/wp\/v2\/comments?post=2196"}],"version-history":[{"count":3,"href":"https:\/\/sfm-management.org\/index.php\/wp-json\/wp\/v2\/pages\/2196\/revisions"}],"predecessor-version":[{"id":2208,"href":"https:\/\/sfm-management.org\/index.php\/wp-json\/wp\/v2\/pages\/2196\/revisions\/2208"}],"wp:attachment":[{"href":"https:\/\/sfm-management.org\/index.php\/wp-json\/wp\/v2\/media?parent=2196"}],"curies":[{"name":"wp","href":"https:\/\/api.w.org\/{rel}","templated":true}]}}