{"id":2167,"date":"2026-03-09T01:59:49","date_gmt":"2026-03-09T00:59:49","guid":{"rendered":"https:\/\/sfm-management.org\/?page_id=2167"},"modified":"2026-03-09T18:04:11","modified_gmt":"2026-03-09T17:04:11","slug":"sessions-25-26","status":"publish","type":"page","link":"https:\/\/sfm-management.org\/index.php\/sessions-25-26\/","title":{"rendered":"Sessions 25-26"},"content":{"rendered":"\n<h1 class=\"has-text-align-center\"><strong>Session SFM \u00ab&nbsp;Les stigmates de la colonisation&nbsp;\u00bb<\/strong><\/h1>\n\n\n\n<h2 class=\"has-text-align-center\">27 janvier 2026 | 17h30-19h30<\/h2>\n\n\n\n<p class=\"has-text-align-center\">Au format hybride<\/p>\n\n\n\n<p class=\"has-text-align-center\">Intervenants: Doudou Sidib\u00e9 (ESIEE Paris\/Universit\u00e9 Gustave Eiffel, IRG), Vincent Pradier Goeting (IAE Paris Panth\u00e9on-Sorbonne)<\/p>\n\n\n\n<p><em>Nous assistons \u00e0 une p\u00e9riode tout \u00e0 fait particuli\u00e8re o\u00f9 les ambitions et projets imp\u00e9rialistes sont exprim\u00e9s au grand jour. L\u2019accaparement, par la force, de territoires souverains que l\u2019on croyait r\u00e9serv\u00e9 aux autres n\u2019est plus de l\u2019ordre de l\u2019impensable en occident. Nul besoin d\u2019aller chercher tr\u00e8s loin donc pour justifier l\u2019actualit\u00e9 du concept colonisation.<\/em><\/p>\n\n\n\n<p><em>Alors que l\u2019actualit\u00e9 nous place en victime potentielle de ces projets coloniaux, cette table ronde s&rsquo;est propos\u00e9e de retourner le regard sur nous-m\u00eames&nbsp;et nous a invit\u00e9 \u00e0 voir la colonisation comme un processus toujours en cours. Au-del\u00e0 des traces laiss\u00e9es, nous avons vu comment certaines formes de colonialit\u00e9s perdurent dans les strat\u00e9gies d\u2019internationalisation des multinationales ou encore dans l\u2019outillage gestionnaire des ONG.<\/em><\/p>\n\n\n\n<p>Co-organis\u00e9e par Lucas Boucaud, Julienne Brabet et Pierre Labardin, cette table ronde s&rsquo;est donn\u00e9e pour objectif de<em> nourrir notre r\u00e9flexion sur ce th\u00e8me complexe, nous avons ainsi \u00e9cout\u00e9 dialoguer :<\/em><\/p>\n\n\n\n<p><em>Doudou Sidib\u00e9,&nbsp;<\/em><em>enseignant-chercheur \u00e0 ESIEE Paris\/Universit\u00e9 Gustave Eiffel et \u00e0 l\u2019IRG. Sp\u00e9cialis\u00e9 en relations internationales, ses recherches portent notamment sur l\u2019action des multinationales \u00e0 l\u2019\u00e9tranger, leurs relations avec les institutions locales et les populations.<\/em><\/p>\n\n\n\n<p><em>Vincent Pradier Goeting,&nbsp;<\/em><em>docteur de l&rsquo;IAE de l&rsquo;Universit\u00e9 de Paris Panth\u00e9on-Sorbonne&nbsp;<\/em><em>et chercheur associ\u00e9 \u00e0 l\u2019observatoire canadien des crises et de l\u2019action humanitaire (OCCAH). Apr\u00e8s avoir travaill\u00e9 pendant plusieurs ann\u00e9es au sein d\u2019ONG de l\u2019aide humanitaire, il a soutenu en&nbsp;2025&nbsp;une th\u00e8se intitul\u00e9e Changement climatique et ONG fran\u00e7aises : une analyse d\u00e9coloniale de leur outillage gestionnaire.<\/em><\/p>\n\n\n\n<p><em>Le regard de Doudou Sidib\u00e9 a port\u00e9 sur les \u00e9chelles macro et m\u00e9so&nbsp;de ces traces, au niveau des n\u00e9gociations apr\u00e8s la colonisation. Il nous a \u00e9clair\u00e9 sur les strat\u00e9gies d\u2019internationalisation des multinationales et sur les termes de la n\u00e9gociation entre les \u00c9tats Africains et les anciens \u00c9tats colonisateurs dont sont issues les multinationales.<\/em><\/p>\n\n\n\n<p><em>Vincent Pradier quant \u00e0 lui nous a emmen\u00e9 au niveau plus micro des outils de gestion du changement climatique afin de voir comment se joue et rejoue, dans cette instrumentation, les rapports de domination coloniale. Il nous a montr\u00e9 comment les instruments sont porteurs d\u2019une vision occidentale g\u00e9n\u00e9rant des difficult\u00e9s lorsqu\u2019ils interviennent dans l\u2019outillage de d\u00e9marche d\u2019aide internationale. Son intervention a montr\u00e9 les r\u00e9actions des acteurs situ\u00e9s dans les pays africains et des alternatives qui \u00e9mergent.<\/em><\/p>\n\n\n\n<p><em>Par ces deux interventions, nous avons vu comment l\u2019histoire de la colonisation et de la globalisation laisse encore des traces aujourd\u2019hui dans les pratiques de gestion. De ce constat, nos invit\u00e9s ont fait \u00e9merger une r\u00e9flexion sur les nouveaux arrivants et sur leurs nouvelles mani\u00e8res de faire.<\/em><\/p>\n\n\n\n<figure class=\"wp-block-image size-large\"><img width=\"1024\" height=\"307\" src=\"https:\/\/sfm-management.org\/wp-content\/uploads\/2026\/03\/session2-26-1024x307.png\" alt=\"\" class=\"wp-image-2162\" srcset=\"https:\/\/sfm-management.org\/wp-content\/uploads\/2026\/03\/session2-26-1024x307.png 1024w, https:\/\/sfm-management.org\/wp-content\/uploads\/2026\/03\/session2-26-300x90.png 300w, https:\/\/sfm-management.org\/wp-content\/uploads\/2026\/03\/session2-26-768x230.png 768w, https:\/\/sfm-management.org\/wp-content\/uploads\/2026\/03\/session2-26-1536x461.png 1536w, https:\/\/sfm-management.org\/wp-content\/uploads\/2026\/03\/session2-26.png 2000w\" sizes=\"(max-width: 1024px) 100vw, 1024px\" \/><\/figure>\n\n\n\n<p><\/p>\n\n\n\n<hr class=\"wp-block-separator\"\/>\n\n\n\n<h1 class=\"has-text-align-center\"><strong>Session SFM \u00ab&nbsp;Le management entre march\u00e9 et conflits g\u00e9opolitiques&nbsp;\u00bb<\/strong><\/h1>\n\n\n\n<h2 class=\"has-text-align-center\">25 novembre 2025 | 17h30-19h30<\/h2>\n\n\n\n<p class=\"has-text-align-center\">Au format distanciel<\/p>\n\n\n\n<p class=\"has-text-align-center\">Intervenants: Nicolas Moinet (IAE \/ Universit\u00e9 de Potiers), Florian Favreau (EM Normandie)<\/p>\n\n\n\n<p><\/p>\n\n\n\n<figure class=\"wp-block-gallery columns-0 is-cropped\"><ul class=\"blocks-gallery-grid\"><\/ul><\/figure>\n","protected":false},"excerpt":{"rendered":"<p>Session SFM \u00ab&nbsp;Les stigmates de la colonisation&nbsp;\u00bb 27 janvier 2026 | 17h30-19h30 Au format hybride Intervenants: Doudou Sidib\u00e9 (ESIEE Paris\/Universit\u00e9 Gustave Eiffel, IRG), Vincent Pradier Goeting (IAE Paris Panth\u00e9on-Sorbonne) Nous assistons \u00e0 une p\u00e9riode tout \u00e0 fait particuli\u00e8re o\u00f9 les ambitions et projets imp\u00e9rialistes sont exprim\u00e9s au grand jour. L\u2019accaparement, par la force, de territoires [&hellip;]<\/p>\n","protected":false},"author":1,"featured_media":0,"parent":0,"menu_order":0,"comment_status":"closed","ping_status":"closed","template":"","meta":[],"yoast_head":"<!-- This site is optimized with the Yoast SEO plugin v19.4 - https:\/\/yoast.com\/wordpress\/plugins\/seo\/ -->\n<title>Sessions 25-26 - Soci\u00e9t\u00e9 Fran\u00e7aise de Management<\/title>\n<meta name=\"robots\" content=\"index, follow, max-snippet:-1, max-image-preview:large, max-video-preview:-1\" \/>\n<link rel=\"canonical\" href=\"https:\/\/sfm-management.org\/index.php\/sessions-25-26\/\" \/>\n<meta property=\"og:locale\" content=\"fr_FR\" \/>\n<meta property=\"og:type\" content=\"article\" \/>\n<meta property=\"og:title\" content=\"Sessions 25-26 - Soci\u00e9t\u00e9 Fran\u00e7aise de Management\" \/>\n<meta property=\"og:description\" content=\"Session SFM \u00ab&nbsp;Les stigmates de la colonisation&nbsp;\u00bb 27 janvier 2026 | 17h30-19h30 Au format hybride Intervenants: Doudou Sidib\u00e9 (ESIEE Paris\/Universit\u00e9 Gustave Eiffel, IRG), Vincent Pradier Goeting (IAE Paris Panth\u00e9on-Sorbonne) Nous assistons \u00e0 une p\u00e9riode tout \u00e0 fait particuli\u00e8re o\u00f9 les ambitions et projets imp\u00e9rialistes sont exprim\u00e9s au grand jour. L\u2019accaparement, par la force, de territoires [&hellip;]\" \/>\n<meta property=\"og:url\" content=\"https:\/\/sfm-management.org\/index.php\/sessions-25-26\/\" \/>\n<meta property=\"og:site_name\" content=\"Soci\u00e9t\u00e9 Fran\u00e7aise de Management\" \/>\n<meta property=\"article:modified_time\" content=\"2026-03-09T17:04:11+00:00\" \/>\n<meta property=\"og:image\" content=\"https:\/\/sfm-management.org\/wp-content\/uploads\/2026\/03\/session2-26-1024x307.png\" \/>\n<meta name=\"twitter:card\" content=\"summary_large_image\" \/>\n<meta name=\"twitter:site\" content=\"@SocFrMgmt\" \/>\n<meta name=\"twitter:label1\" content=\"Dur\u00e9e de lecture estim\u00e9e\" \/>\n\t<meta name=\"twitter:data1\" content=\"2 minutes\" \/>\n<script type=\"application\/ld+json\" class=\"yoast-schema-graph\">{\"@context\":\"https:\/\/schema.org\",\"@graph\":[{\"@type\":\"Organization\",\"@id\":\"https:\/\/sfm-management.org\/#organization\",\"name\":\"Soci\u00e9t\u00e9 Fran\u00e7aise de Management\",\"url\":\"https:\/\/sfm-management.org\/\",\"sameAs\":[\"https:\/\/www.linkedin.com\/company\/70413167\/\",\"https:\/\/twitter.com\/SocFrMgmt\"],\"logo\":{\"@type\":\"ImageObject\",\"inLanguage\":\"fr-FR\",\"@id\":\"https:\/\/sfm-management.org\/#\/schema\/logo\/image\/\",\"url\":\"https:\/\/sfm-management.org\/wp-content\/uploads\/2020\/09\/cropped-logo-1.png\",\"contentUrl\":\"https:\/\/sfm-management.org\/wp-content\/uploads\/2020\/09\/cropped-logo-1.png\",\"width\":345,\"height\":238,\"caption\":\"Soci\u00e9t\u00e9 Fran\u00e7aise de Management\"},\"image\":{\"@id\":\"https:\/\/sfm-management.org\/#\/schema\/logo\/image\/\"}},{\"@type\":\"WebSite\",\"@id\":\"https:\/\/sfm-management.org\/#website\",\"url\":\"https:\/\/sfm-management.org\/\",\"name\":\"Soci\u00e9t\u00e9 Fran\u00e7aise de Management\",\"description\":\"\",\"publisher\":{\"@id\":\"https:\/\/sfm-management.org\/#organization\"},\"potentialAction\":[{\"@type\":\"SearchAction\",\"target\":{\"@type\":\"EntryPoint\",\"urlTemplate\":\"https:\/\/sfm-management.org\/?s={search_term_string}\"},\"query-input\":\"required name=search_term_string\"}],\"inLanguage\":\"fr-FR\"},{\"@type\":\"WebPage\",\"@id\":\"https:\/\/sfm-management.org\/index.php\/sessions-25-26\/\",\"url\":\"https:\/\/sfm-management.org\/index.php\/sessions-25-26\/\",\"name\":\"Sessions 25-26 - Soci\u00e9t\u00e9 Fran\u00e7aise de Management\",\"isPartOf\":{\"@id\":\"https:\/\/sfm-management.org\/#website\"},\"datePublished\":\"2026-03-09T00:59:49+00:00\",\"dateModified\":\"2026-03-09T17:04:11+00:00\",\"breadcrumb\":{\"@id\":\"https:\/\/sfm-management.org\/index.php\/sessions-25-26\/#breadcrumb\"},\"inLanguage\":\"fr-FR\",\"potentialAction\":[{\"@type\":\"ReadAction\",\"target\":[\"https:\/\/sfm-management.org\/index.php\/sessions-25-26\/\"]}]},{\"@type\":\"BreadcrumbList\",\"@id\":\"https:\/\/sfm-management.org\/index.php\/sessions-25-26\/#breadcrumb\",\"itemListElement\":[{\"@type\":\"ListItem\",\"position\":1,\"name\":\"Accueil\",\"item\":\"https:\/\/sfm-management.org\/\"},{\"@type\":\"ListItem\",\"position\":2,\"name\":\"Sessions 25-26\"}]}]}<\/script>\n<!-- \/ Yoast SEO plugin. -->","yoast_head_json":{"title":"Sessions 25-26 - Soci\u00e9t\u00e9 Fran\u00e7aise de Management","robots":{"index":"index","follow":"follow","max-snippet":"max-snippet:-1","max-image-preview":"max-image-preview:large","max-video-preview":"max-video-preview:-1"},"canonical":"https:\/\/sfm-management.org\/index.php\/sessions-25-26\/","og_locale":"fr_FR","og_type":"article","og_title":"Sessions 25-26 - Soci\u00e9t\u00e9 Fran\u00e7aise de Management","og_description":"Session SFM \u00ab&nbsp;Les stigmates de la colonisation&nbsp;\u00bb 27 janvier 2026 | 17h30-19h30 Au format hybride Intervenants: Doudou Sidib\u00e9 (ESIEE Paris\/Universit\u00e9 Gustave Eiffel, IRG), Vincent Pradier Goeting (IAE Paris Panth\u00e9on-Sorbonne) Nous assistons \u00e0 une p\u00e9riode tout \u00e0 fait particuli\u00e8re o\u00f9 les ambitions et projets imp\u00e9rialistes sont exprim\u00e9s au grand jour. L\u2019accaparement, par la force, de territoires [&hellip;]","og_url":"https:\/\/sfm-management.org\/index.php\/sessions-25-26\/","og_site_name":"Soci\u00e9t\u00e9 Fran\u00e7aise de Management","article_modified_time":"2026-03-09T17:04:11+00:00","og_image":[{"url":"https:\/\/sfm-management.org\/wp-content\/uploads\/2026\/03\/session2-26-1024x307.png"}],"twitter_card":"summary_large_image","twitter_site":"@SocFrMgmt","twitter_misc":{"Dur\u00e9e de lecture estim\u00e9e":"2 minutes"},"schema":{"@context":"https:\/\/schema.org","@graph":[{"@type":"Organization","@id":"https:\/\/sfm-management.org\/#organization","name":"Soci\u00e9t\u00e9 Fran\u00e7aise de Management","url":"https:\/\/sfm-management.org\/","sameAs":["https:\/\/www.linkedin.com\/company\/70413167\/","https:\/\/twitter.com\/SocFrMgmt"],"logo":{"@type":"ImageObject","inLanguage":"fr-FR","@id":"https:\/\/sfm-management.org\/#\/schema\/logo\/image\/","url":"https:\/\/sfm-management.org\/wp-content\/uploads\/2020\/09\/cropped-logo-1.png","contentUrl":"https:\/\/sfm-management.org\/wp-content\/uploads\/2020\/09\/cropped-logo-1.png","width":345,"height":238,"caption":"Soci\u00e9t\u00e9 Fran\u00e7aise de Management"},"image":{"@id":"https:\/\/sfm-management.org\/#\/schema\/logo\/image\/"}},{"@type":"WebSite","@id":"https:\/\/sfm-management.org\/#website","url":"https:\/\/sfm-management.org\/","name":"Soci\u00e9t\u00e9 Fran\u00e7aise de Management","description":"","publisher":{"@id":"https:\/\/sfm-management.org\/#organization"},"potentialAction":[{"@type":"SearchAction","target":{"@type":"EntryPoint","urlTemplate":"https:\/\/sfm-management.org\/?s={search_term_string}"},"query-input":"required name=search_term_string"}],"inLanguage":"fr-FR"},{"@type":"WebPage","@id":"https:\/\/sfm-management.org\/index.php\/sessions-25-26\/","url":"https:\/\/sfm-management.org\/index.php\/sessions-25-26\/","name":"Sessions 25-26 - Soci\u00e9t\u00e9 Fran\u00e7aise de Management","isPartOf":{"@id":"https:\/\/sfm-management.org\/#website"},"datePublished":"2026-03-09T00:59:49+00:00","dateModified":"2026-03-09T17:04:11+00:00","breadcrumb":{"@id":"https:\/\/sfm-management.org\/index.php\/sessions-25-26\/#breadcrumb"},"inLanguage":"fr-FR","potentialAction":[{"@type":"ReadAction","target":["https:\/\/sfm-management.org\/index.php\/sessions-25-26\/"]}]},{"@type":"BreadcrumbList","@id":"https:\/\/sfm-management.org\/index.php\/sessions-25-26\/#breadcrumb","itemListElement":[{"@type":"ListItem","position":1,"name":"Accueil","item":"https:\/\/sfm-management.org\/"},{"@type":"ListItem","position":2,"name":"Sessions 25-26"}]}]}},"_links":{"self":[{"href":"https:\/\/sfm-management.org\/index.php\/wp-json\/wp\/v2\/pages\/2167"}],"collection":[{"href":"https:\/\/sfm-management.org\/index.php\/wp-json\/wp\/v2\/pages"}],"about":[{"href":"https:\/\/sfm-management.org\/index.php\/wp-json\/wp\/v2\/types\/page"}],"author":[{"embeddable":true,"href":"https:\/\/sfm-management.org\/index.php\/wp-json\/wp\/v2\/users\/1"}],"replies":[{"embeddable":true,"href":"https:\/\/sfm-management.org\/index.php\/wp-json\/wp\/v2\/comments?post=2167"}],"version-history":[{"count":2,"href":"https:\/\/sfm-management.org\/index.php\/wp-json\/wp\/v2\/pages\/2167\/revisions"}],"predecessor-version":[{"id":2171,"href":"https:\/\/sfm-management.org\/index.php\/wp-json\/wp\/v2\/pages\/2167\/revisions\/2171"}],"wp:attachment":[{"href":"https:\/\/sfm-management.org\/index.php\/wp-json\/wp\/v2\/media?parent=2167"}],"curies":[{"name":"wp","href":"https:\/\/api.w.org\/{rel}","templated":true}]}}