{"id":2134,"date":"2026-03-08T23:56:05","date_gmt":"2026-03-08T22:56:05","guid":{"rendered":"https:\/\/sfm-management.org\/?page_id=2134"},"modified":"2026-03-09T00:34:57","modified_gmt":"2026-03-08T23:34:57","slug":"statuts","status":"publish","type":"page","link":"https:\/\/sfm-management.org\/index.php\/statuts\/","title":{"rendered":"Statuts"},"content":{"rendered":"<div data-colibri-id=\"2134-c1\" class=\"style-1513 style-local-2134-c1 position-relative\">\n  <!---->\n  <div data-colibri-component=\"section\" data-colibri-id=\"2134-c2\" id=\"overlappable\" class=\"h-section h-section-global-spacing d-flex align-items-lg-center align-items-md-center align-items-center style-1528 style-local-2134-c2 position-relative\">\n    <!---->\n    <!---->\n    <div class=\"h-section-grid-container h-section-boxed-container\">\n      <!---->\n      <div data-colibri-id=\"2134-c3\" class=\"h-row-container gutters-row-lg-2 gutters-row-md-0 gutters-row-2 gutters-row-v-lg-2 gutters-row-v-md-0 gutters-row-v-2 style-1529 style-local-2134-c3 position-relative\">\n        <!---->\n        <div class=\"h-row justify-content-lg-center justify-content-md-center justify-content-center align-items-lg-stretch align-items-md-stretch align-items-stretch gutters-col-lg-2 gutters-col-md-0 gutters-col-2 gutters-col-v-lg-2 gutters-col-v-md-0 gutters-col-v-2\">\n          <!---->\n          <div class=\"h-column h-column-container d-flex h-col-lg-12 h-col-md-12 h-col-12 style-1530-outer style-local-2134-c4-outer\">\n            <div data-colibri-id=\"2134-c4\" class=\"d-flex h-flex-basis h-column__inner h-px-lg-2 h-px-md-3 h-px-2 v-inner-lg-0 v-inner-md-3 v-inner-2 style-1530 style-local-2134-c4 position-relative\">\n              <!---->\n              <!---->\n              <div class=\"w-100 h-y-container h-column__content h-column__v-align flex-basis-100 align-self-lg-start align-self-md-start align-self-start\">\n                <!---->\n                <div data-colibri-id=\"2134-c5\" class=\"h-icon style-1531 style-local-2134-c5 position-relative h-element\">\n                  <!----><span class=\"h-svg-icon h-icon__icon style-1531-icon style-local-2134-c5-icon\"><!--Icon by Icons8 Line Awesome (https:\/\/icons8.com\/line-awesome)--><svg version=\"1.1\" xmlns=\"http:\/\/www.w3.org\/2000\/svg\" xmlns:xlink=\"http:\/\/www.w3.org\/1999\/xlink\" id=\"clone\" viewBox=\"0 0 512 545.5\"><path d=\"M80 112h272v64h-32v-32H112v208h32v32H80V112zm80 80h272v272H160V192zm32 32v208h208V224H192z\"><\/path><\/svg><\/span><\/div>\n                <div\n                  data-colibri-id=\"2134-c6\" class=\"h-global-transition-all h-heading style-1532 style-local-2134-c6 position-relative h-element\">\n                  <!---->\n                  <div class=\"h-heading__outer style-1532 style-local-2134-c6\">\n                    <!---->\n                    <!---->\n                    <h3 class=\"\">STATUTS de la SOCIETE FRANCAISE DE MANAGEMENT (S.F.M.)<\/h3>\n                  <\/div>\n              <\/div>\n              <div data-colibri-id=\"2134-c7\" class=\"h-text h-text-component style-1533 style-local-2134-c7 position-relative h-element\">\n                <!---->\n                <!---->\n                <div class=\"\">\n                  <p><strong>Article I \u2013 DENOMINATION<\/strong><\/p>\n                  <p>Il est fond\u00e9 entre les adh\u00e9rents aux pr\u00e9sents statuts une association r\u00e9gie par la loi du 1 er<\/p>\n                  <p>juillet 1901 et le d\u00e9cret du 16 ao\u00fbt 1901, et ayant pour d\u00e9nomination : \u00ab\u00a0Soci\u00e9t\u00e9 Fran\u00e7aise<\/p>\n                  <p>de Management\u00a0\u00bb (S.F.M.).<\/p>\n                  <p><strong>Article II \u2013 OBJET<\/strong><\/p>\n                  <p>La Soci\u00e9t\u00e9 Fran\u00e7aise de Management a pour buts de peser sur le d\u00e9veloppement des sciences<\/p>\n                  <p>de gestion et la structuration institutionnelle de la communaut\u00e9 acad\u00e9mique des sciences de<\/p>\n                  <p>gestion en France et en Europe. Elle constitue, \u00e0 ce titre un creuset d\u2019\u00e9laboration de<\/p>\n                  <p>nouvelles propositions dans ces domaines La Soci\u00e9t\u00e9 Fran\u00e7aise de Management a pour<\/p>\n                  <p>buts de peser sur le d\u00e9veloppement des sciences de gestion et la structuration institutionnelle<\/p>\n                  <p>de la communaut\u00e9 acad\u00e9mique des sciences de gestion en France et en Europe. Elle<\/p>\n                  <p>constitue, \u00e0 ce titre un creuset d\u2019\u00e9laboration de nouvelles propositions dans ces<\/p>\n                  <p>domaines visant \u00e0 promouvoir des pratiques de recherche et d\u2019enseignement<\/p>\n                  <p>permettant d&rsquo;analyser et d&rsquo;\u00e9clairer les modes de pilotage de l&rsquo;action collective organis\u00e9e et<\/p>\n                  <p>finalis\u00e9e.<\/p>\n                  <p>.<\/p>\n                <\/div>\n              <\/div>\n            <\/div>\n          <\/div>\n        <\/div>\n        <div class=\"h-column h-column-container d-flex h-col-lg-12 h-col-md-12 h-col-12 style-1530-outer style-local-2134-c8-outer\">\n          <div data-colibri-id=\"2134-c8\" class=\"d-flex h-flex-basis h-column__inner h-px-lg-2 h-px-md-3 h-px-2 v-inner-lg-0 v-inner-md-3 v-inner-2 style-1530 style-local-2134-c8 position-relative\">\n            <!---->\n            <!---->\n            <div class=\"w-100 h-y-container h-column__content h-column__v-align flex-basis-100 align-self-lg-start align-self-md-start align-self-start\">\n              <!---->\n              <div data-colibri-id=\"2134-c9\" class=\"h-x-container style-1534 style-local-2134-c9 position-relative h-element\">\n                <!---->\n                <div class=\"h-x-container-inner style-dynamic-2134-c9-group style-1534-spacing style-local-2134-c9-spacing\"><span class=\"h-button__outer style-1535-outer style-local-2134-c10-outer d-inline-flex h-element\"><a h-use-smooth-scroll=\"true\" href=\"https:\/\/sfm-management.org\/wp-content\/uploads\/2026\/03\/statuts-SFM-2020-1.pdf\"  data-colibri-id=\"2134-c10\" class=\"d-flex w-100 align-items-center h-button justify-content-lg-center justify-content-md-center justify-content-center style-1535 style-local-2134-c10 position-relative\"><!----><!----> <span>Read More<\/span><\/a>\n                  <\/span>\n                <\/div>\n              <\/div>\n              <div data-colibri-id=\"2134-c11\" class=\"h-global-transition-all h-heading style-1532 style-local-2134-c11 position-relative h-element\">\n                <!---->\n                <div class=\"h-heading__outer style-1532 style-local-2134-c11\">\n                  <!---->\n                  <!---->\n                  <h3 class=\"\"><\/h3>\n                <\/div>\n              <\/div>\n              <div data-colibri-id=\"2134-c12\" class=\"h-text h-text-component style-1533 style-local-2134-c12 position-relative h-element\">\n                <!---->\n                <!---->\n                <div class=\"\"><\/div>\n              <\/div>\n            <\/div>\n          <\/div>\n        <\/div>\n      <\/div>\n    <\/div>\n  <\/div>\n<\/div>\n<\/div>","protected":false},"excerpt":{"rendered":"<p>STATUTS de la SOCIETE FRANCAISE DE MANAGEMENT (S.F.M.) Article I \u2013 DENOMINATION Il est fond\u00e9 entre les adh\u00e9rents aux pr\u00e9sents statuts une association r\u00e9gie par la loi du 1 er juillet 1901 et le d\u00e9cret du 16 ao\u00fbt 1901, et ayant pour d\u00e9nomination : \u00ab\u00a0Soci\u00e9t\u00e9 Fran\u00e7aise de Management\u00a0\u00bb (S.F.M.). Article II \u2013 OBJET La Soci\u00e9t\u00e9 [&hellip;]<\/p>\n","protected":false},"author":1,"featured_media":0,"parent":0,"menu_order":0,"comment_status":"closed","ping_status":"closed","template":"page-templates\/full-width-page.php","meta":[],"yoast_head":"<!-- This site is optimized with the Yoast SEO plugin v19.4 - https:\/\/yoast.com\/wordpress\/plugins\/seo\/ -->\n<title>Statuts - Soci\u00e9t\u00e9 Fran\u00e7aise de Management<\/title>\n<meta name=\"robots\" content=\"index, follow, max-snippet:-1, max-image-preview:large, max-video-preview:-1\" \/>\n<link rel=\"canonical\" href=\"https:\/\/sfm-management.org\/index.php\/statuts\/\" \/>\n<meta property=\"og:locale\" content=\"fr_FR\" \/>\n<meta property=\"og:type\" content=\"article\" \/>\n<meta property=\"og:title\" content=\"Statuts - Soci\u00e9t\u00e9 Fran\u00e7aise de Management\" \/>\n<meta property=\"og:description\" content=\"STATUTS de la SOCIETE FRANCAISE DE MANAGEMENT (S.F.M.) Article I \u2013 DENOMINATION Il est fond\u00e9 entre les adh\u00e9rents aux pr\u00e9sents statuts une association r\u00e9gie par la loi du 1 er juillet 1901 et le d\u00e9cret du 16 ao\u00fbt 1901, et ayant pour d\u00e9nomination : \u00ab\u00a0Soci\u00e9t\u00e9 Fran\u00e7aise de Management\u00a0\u00bb (S.F.M.). Article II \u2013 OBJET La Soci\u00e9t\u00e9 [&hellip;]\" \/>\n<meta property=\"og:url\" content=\"https:\/\/sfm-management.org\/index.php\/statuts\/\" \/>\n<meta property=\"og:site_name\" content=\"Soci\u00e9t\u00e9 Fran\u00e7aise de Management\" \/>\n<meta property=\"article:modified_time\" content=\"2026-03-08T23:34:57+00:00\" \/>\n<meta property=\"og:image\" content=\"https:\/\/sfm-management.org\/wp-content\/uploads\/2021\/11\/sfm-1024x348.png\" \/>\n\t<meta property=\"og:image:width\" content=\"1024\" \/>\n\t<meta property=\"og:image:height\" content=\"348\" \/>\n\t<meta property=\"og:image:type\" content=\"image\/png\" \/>\n<meta name=\"twitter:card\" content=\"summary_large_image\" \/>\n<meta name=\"twitter:site\" content=\"@SocFrMgmt\" \/>\n<meta name=\"twitter:label1\" content=\"Dur\u00e9e de lecture estim\u00e9e\" \/>\n\t<meta name=\"twitter:data1\" content=\"1 minute\" \/>\n<script type=\"application\/ld+json\" class=\"yoast-schema-graph\">{\"@context\":\"https:\/\/schema.org\",\"@graph\":[{\"@type\":\"Organization\",\"@id\":\"https:\/\/sfm-management.org\/#organization\",\"name\":\"Soci\u00e9t\u00e9 Fran\u00e7aise de Management\",\"url\":\"https:\/\/sfm-management.org\/\",\"sameAs\":[\"https:\/\/www.linkedin.com\/company\/70413167\/\",\"https:\/\/twitter.com\/SocFrMgmt\"],\"logo\":{\"@type\":\"ImageObject\",\"inLanguage\":\"fr-FR\",\"@id\":\"https:\/\/sfm-management.org\/#\/schema\/logo\/image\/\",\"url\":\"https:\/\/sfm-management.org\/wp-content\/uploads\/2020\/09\/cropped-logo-1.png\",\"contentUrl\":\"https:\/\/sfm-management.org\/wp-content\/uploads\/2020\/09\/cropped-logo-1.png\",\"width\":345,\"height\":238,\"caption\":\"Soci\u00e9t\u00e9 Fran\u00e7aise de Management\"},\"image\":{\"@id\":\"https:\/\/sfm-management.org\/#\/schema\/logo\/image\/\"}},{\"@type\":\"WebSite\",\"@id\":\"https:\/\/sfm-management.org\/#website\",\"url\":\"https:\/\/sfm-management.org\/\",\"name\":\"Soci\u00e9t\u00e9 Fran\u00e7aise de Management\",\"description\":\"\",\"publisher\":{\"@id\":\"https:\/\/sfm-management.org\/#organization\"},\"potentialAction\":[{\"@type\":\"SearchAction\",\"target\":{\"@type\":\"EntryPoint\",\"urlTemplate\":\"https:\/\/sfm-management.org\/?s={search_term_string}\"},\"query-input\":\"required name=search_term_string\"}],\"inLanguage\":\"fr-FR\"},{\"@type\":\"WebPage\",\"@id\":\"https:\/\/sfm-management.org\/index.php\/statuts\/\",\"url\":\"https:\/\/sfm-management.org\/index.php\/statuts\/\",\"name\":\"Statuts - Soci\u00e9t\u00e9 Fran\u00e7aise de Management\",\"isPartOf\":{\"@id\":\"https:\/\/sfm-management.org\/#website\"},\"datePublished\":\"2026-03-08T22:56:05+00:00\",\"dateModified\":\"2026-03-08T23:34:57+00:00\",\"breadcrumb\":{\"@id\":\"https:\/\/sfm-management.org\/index.php\/statuts\/#breadcrumb\"},\"inLanguage\":\"fr-FR\",\"potentialAction\":[{\"@type\":\"ReadAction\",\"target\":[\"https:\/\/sfm-management.org\/index.php\/statuts\/\"]}]},{\"@type\":\"BreadcrumbList\",\"@id\":\"https:\/\/sfm-management.org\/index.php\/statuts\/#breadcrumb\",\"itemListElement\":[{\"@type\":\"ListItem\",\"position\":1,\"name\":\"Accueil\",\"item\":\"https:\/\/sfm-management.org\/\"},{\"@type\":\"ListItem\",\"position\":2,\"name\":\"Statuts\"}]}]}<\/script>\n<!-- \/ Yoast SEO plugin. -->","yoast_head_json":{"title":"Statuts - Soci\u00e9t\u00e9 Fran\u00e7aise de Management","robots":{"index":"index","follow":"follow","max-snippet":"max-snippet:-1","max-image-preview":"max-image-preview:large","max-video-preview":"max-video-preview:-1"},"canonical":"https:\/\/sfm-management.org\/index.php\/statuts\/","og_locale":"fr_FR","og_type":"article","og_title":"Statuts - Soci\u00e9t\u00e9 Fran\u00e7aise de Management","og_description":"STATUTS de la SOCIETE FRANCAISE DE MANAGEMENT (S.F.M.) Article I \u2013 DENOMINATION Il est fond\u00e9 entre les adh\u00e9rents aux pr\u00e9sents statuts une association r\u00e9gie par la loi du 1 er juillet 1901 et le d\u00e9cret du 16 ao\u00fbt 1901, et ayant pour d\u00e9nomination : \u00ab\u00a0Soci\u00e9t\u00e9 Fran\u00e7aise de Management\u00a0\u00bb (S.F.M.). Article II \u2013 OBJET La Soci\u00e9t\u00e9 [&hellip;]","og_url":"https:\/\/sfm-management.org\/index.php\/statuts\/","og_site_name":"Soci\u00e9t\u00e9 Fran\u00e7aise de Management","article_modified_time":"2026-03-08T23:34:57+00:00","og_image":[{"width":1024,"height":348,"url":"https:\/\/sfm-management.org\/wp-content\/uploads\/2021\/11\/sfm-1024x348.png","type":"image\/png"}],"twitter_card":"summary_large_image","twitter_site":"@SocFrMgmt","twitter_misc":{"Dur\u00e9e de lecture estim\u00e9e":"1 minute"},"schema":{"@context":"https:\/\/schema.org","@graph":[{"@type":"Organization","@id":"https:\/\/sfm-management.org\/#organization","name":"Soci\u00e9t\u00e9 Fran\u00e7aise de Management","url":"https:\/\/sfm-management.org\/","sameAs":["https:\/\/www.linkedin.com\/company\/70413167\/","https:\/\/twitter.com\/SocFrMgmt"],"logo":{"@type":"ImageObject","inLanguage":"fr-FR","@id":"https:\/\/sfm-management.org\/#\/schema\/logo\/image\/","url":"https:\/\/sfm-management.org\/wp-content\/uploads\/2020\/09\/cropped-logo-1.png","contentUrl":"https:\/\/sfm-management.org\/wp-content\/uploads\/2020\/09\/cropped-logo-1.png","width":345,"height":238,"caption":"Soci\u00e9t\u00e9 Fran\u00e7aise de Management"},"image":{"@id":"https:\/\/sfm-management.org\/#\/schema\/logo\/image\/"}},{"@type":"WebSite","@id":"https:\/\/sfm-management.org\/#website","url":"https:\/\/sfm-management.org\/","name":"Soci\u00e9t\u00e9 Fran\u00e7aise de Management","description":"","publisher":{"@id":"https:\/\/sfm-management.org\/#organization"},"potentialAction":[{"@type":"SearchAction","target":{"@type":"EntryPoint","urlTemplate":"https:\/\/sfm-management.org\/?s={search_term_string}"},"query-input":"required name=search_term_string"}],"inLanguage":"fr-FR"},{"@type":"WebPage","@id":"https:\/\/sfm-management.org\/index.php\/statuts\/","url":"https:\/\/sfm-management.org\/index.php\/statuts\/","name":"Statuts - Soci\u00e9t\u00e9 Fran\u00e7aise de Management","isPartOf":{"@id":"https:\/\/sfm-management.org\/#website"},"datePublished":"2026-03-08T22:56:05+00:00","dateModified":"2026-03-08T23:34:57+00:00","breadcrumb":{"@id":"https:\/\/sfm-management.org\/index.php\/statuts\/#breadcrumb"},"inLanguage":"fr-FR","potentialAction":[{"@type":"ReadAction","target":["https:\/\/sfm-management.org\/index.php\/statuts\/"]}]},{"@type":"BreadcrumbList","@id":"https:\/\/sfm-management.org\/index.php\/statuts\/#breadcrumb","itemListElement":[{"@type":"ListItem","position":1,"name":"Accueil","item":"https:\/\/sfm-management.org\/"},{"@type":"ListItem","position":2,"name":"Statuts"}]}]}},"_links":{"self":[{"href":"https:\/\/sfm-management.org\/index.php\/wp-json\/wp\/v2\/pages\/2134"}],"collection":[{"href":"https:\/\/sfm-management.org\/index.php\/wp-json\/wp\/v2\/pages"}],"about":[{"href":"https:\/\/sfm-management.org\/index.php\/wp-json\/wp\/v2\/types\/page"}],"author":[{"embeddable":true,"href":"https:\/\/sfm-management.org\/index.php\/wp-json\/wp\/v2\/users\/1"}],"replies":[{"embeddable":true,"href":"https:\/\/sfm-management.org\/index.php\/wp-json\/wp\/v2\/comments?post=2134"}],"version-history":[{"count":4,"href":"https:\/\/sfm-management.org\/index.php\/wp-json\/wp\/v2\/pages\/2134\/revisions"}],"predecessor-version":[{"id":2149,"href":"https:\/\/sfm-management.org\/index.php\/wp-json\/wp\/v2\/pages\/2134\/revisions\/2149"}],"wp:attachment":[{"href":"https:\/\/sfm-management.org\/index.php\/wp-json\/wp\/v2\/media?parent=2134"}],"curies":[{"name":"wp","href":"https:\/\/api.w.org\/{rel}","templated":true}]}}