{"id":2051,"date":"2025-10-14T14:30:47","date_gmt":"2025-10-14T12:30:47","guid":{"rendered":"https:\/\/sfm-management.org\/?page_id=2051"},"modified":"2026-03-25T20:08:54","modified_gmt":"2026-03-25T19:08:54","slug":"seminaire-dhiver-2026","status":"publish","type":"page","link":"https:\/\/sfm-management.org\/index.php\/seminaire-dhiver-2026\/","title":{"rendered":"S\u00e9minaire d&rsquo;hiver 2026"},"content":{"rendered":"<div class=\"style-1104 style-local-1309-c1 position-relative\" data-colibri-id=\"1309-c1\">\n<h2 style=\"text-align: center;\">\u00a0S\u00e9minaire d\u2019hiver 2026 de la Soci\u00e9t\u00e9 Fran\u00e7aise de Management<\/h2>\n<h2 style=\"font-weight: 400; text-align: center;\"><strong>Le management \u00e0 l\u2019heure de l\u2019incertitude g\u00e9opolitique<\/strong><\/h2>\n<p style=\"font-weight: 400; text-align: center;\"><em>Le 31 mars 2026, \u00e0 l\u2019universit\u00e9 Paris Dauphine &#8211; PSL, salle Raymond Aron et en hybride.<\/em><\/p>\n<p style=\"font-weight: 400;\">La recherche et la formation en management, fond\u00e9es depuis des d\u00e9cennies sur la repr\u00e9sentation (justifi\u00e9e ou non) d\u2019un monde globalis\u00e9 et pacifi\u00e9, sont appel\u00e9es \u00e0 r\u00e9pondre \u00e0 l\u2019irruption de conflits nouveaux. Les polarisations g\u00e9opolitiques, sociales et culturelles impliquent de nouvelles r\u00e9flexions\u00a0: comment naviguer entre guerre \u00e9conomique et \u00e9conomie de guerre\u00a0? Comment les organisations peuvent-elles faire face aux stigmates de la globalisation et de la colonisation ? Quelles reconfigurations engager pour la formation en management\u00a0?<\/p>\n<h2 style=\"font-weight: 400; text-align: center;\"><strong>Programme du s\u00e9minaire<\/strong><\/h2>\n<p style=\"font-weight: 400; text-align: center;\"><strong><u>Accueil: \u00a00<\/u><\/strong>8 :45 \u2013 09 : 30<\/p>\n<p style=\"font-weight: 400; text-align: center;\"><strong><u>Table ronde 1 : Le management entre march\u00e9 et conflits g\u00e9opolitiques : 0<\/u><\/strong>9\u00a0: 40 \u2013 11\u00a0:10<\/p>\n<ul>\n<li>Intervenants\u00a0: Florian Favreau (<em>EM Normandie<\/em>), Nicolas Moinet (<em>IAE de Poitiers,<\/em> <em>Universit\u00e9 de Poitiers<\/em>)<\/li>\n<\/ul>\n<p style=\"font-weight: 400;\"><strong>Florian Favreau<\/strong> est professeur associ\u00e9 en Comptabilit\u00e9 &amp; Management public et a rejoint l\u2019EM Normandie en 2014. Il est titulaire d\u2019un doctorat en sciences de gestion de l\u2019Universit\u00e9 de Rouen-Normandie obtenu en 2014 et d&rsquo;un doctorat en droit de la Fondation Maison des Sciences de l&rsquo;Homme. Sa th\u00e8se porte sur Le management de la d\u00e9cision d\u00e9lib\u00e9rative appliqu\u00e9e au territoire. Ses recherches portent sur les diff\u00e9rentes m\u00e9thodes de pr\u00e9vention et de r\u00e9solution de conflits entre entreprises, pouvoirs publics et populations, en Europe et en Am\u00e9rique Latine.<\/p>\n<p style=\"font-weight: 400;\"><strong>Nicolas Moinet<\/strong> est Professeur des universit\u00e9s en sciences de l\u2019information et de la communication \u00e0 l\u2019IAE de Poitiers o\u00f9 il dirige le parcours Formation \u00e0 distance du Master 2 Intelligence \u00e9conomique. Il y est \u00e9galement r\u00e9dacteur en chef du magazine Praxis. Il est l\u2019auteur de nombreux articles et ouvrages dont r\u00e9cemment : <em>Agir ou subir\u00a0? L\u2019esprit commando pour muscler votre projet professionnel ou personnel <\/em>(Dunod)<em>, 100 cas d\u2019intelligence \u00e9conomique<\/em> et <em>Les sentiers de la guerre \u00e9conomique<\/em> (VA \u00c9ditions).<\/p>\n<ul>\n<li>Animation\u00a0: R\u00e9mi Jardat (<em>Universit\u00e9 d\u2019Evry-Val d\u2019Essonne<\/em>), J\u00e9r\u00f4me M\u00e9ric (<em>IAE de Poitiers, Universit\u00e9 de Poitiers<\/em>)<\/li>\n<\/ul>\n<p style=\"font-weight: 400;\">Le management est aux prises avec les enjeux g\u00e9opolitiques du moment. Ce n\u2019est pas une d\u00e9couverte, comme pourra le montrer Florian Favreau, professeur de sciences de gestion \u00e0 l\u2019EM Normandie : la conscience des risques g\u00e9opolitiques, la pr\u00e9paration des dispositifs de paiement internationaux \u00e0 ces derniers, et l\u2019\u00e9volution r\u00e9cente du droit europ\u00e9en en t\u00e9moignent. Lorsque les conflits g\u00e9opolitiques ne perturbent pas les march\u00e9s, ce sont les march\u00e9s qui deviennent des lieux de conflits \u00e0 bas bruit, o\u00f9 les entreprises et les \u00c9tats se livrent des guerres h\u00e9g\u00e9moniques pour l\u2019acc\u00e8s \u00e0 des ressources, le contr\u00f4le de fili\u00e8res industrielles, etc. Nicolas Moinet, professeur en sciences de l\u2019information et de la communication \u00e0 l\u2019universit\u00e9 de Poitiers d\u00e9montre comment, dans ce contexte, l\u2019id\u00e9ologie lib\u00e9rale appliqu\u00e9e aux \u00e9changes peut affaiblir les pays qui l\u2019adoptent.\u00a0<\/p>\n<p style=\"font-weight: 400;\">\u00a0<\/p>\n<p style=\"font-weight: 400; text-align: center;\"><strong><u>Table ronde 2\u00a0: Les stigmates de la colonisation\u00a0<\/u><\/strong>11\u00a0:20 -12\u00a0:50\u00a0<\/p>\n<ul>\n<li style=\"font-weight: 400;\">Intervenants\u00a0: Vincent Pradier<em> (Observatoire canadien des crises et de l\u2019action humanitaire -OCCAH), <\/em>Doudou Sidib\u00e9<em> (ESIEE Paris\/Universit\u00e9 Gustave Eiffel &#8211; l\u2019IRG)<\/em><\/li>\n<\/ul>\n<p style=\"font-weight: 400;\"><strong>Doudou Sidib\u00e9<\/strong>,\u00a0<em>enseignant-chercheur \u00e0 ESIEE Paris\/Universit\u00e9 Gustave Eiffel et \u00e0 l\u2019IRG. Sp\u00e9cialis\u00e9 en relations internationales, ses recherches portent notamment sur l\u2019action des multinationales \u00e0 l\u2019\u00e9tranger, leurs relations avec les institutions locales et les populations.<\/em><\/p>\n<p style=\"font-weight: 400;\"><strong>Vincent Pradier<\/strong>,\u00a0<em>docteur de l&rsquo;IAE de l&rsquo;Universit\u00e9 de Paris Panth\u00e9on-Sorbonne\u00a0<\/em>et chercheur associ\u00e9 \u00e0 l\u2019observatoire canadien des crises et de l\u2019action humanitaire (OCCAH). Apr\u00e8s avoir travaill\u00e9 pendant plusieurs ann\u00e9es au sein d\u2019ONG de l\u2019aide humanitaire, il a soutenu en 2025 une th\u00e8se intitul\u00e9e\u00a0<em>Changement climatique et ONG fran\u00e7aises : une analyse d\u00e9coloniale de leur outillage gestionnaire.<\/em><\/p>\n<ul>\n<li>Animation\u00a0:\u00a0 Lucas Boucaud <em>(IAE de Rouen, Universit\u00e9 de Rouen Normandie)<\/em>, Pierre Labardin <em>(IAE de La Rochelle, Universit\u00e9 de La Rochelle) <\/em><\/li>\n<\/ul>\n<p style=\"font-weight: 400;\">La seconde table ronde s\u2019int\u00e9ressera aux traces laiss\u00e9es par la colonisation dans les interactions contemporaines entre diff\u00e9rentes parties-prenantes\u00a0: \u00c9tats, populations, entreprises multinationales, ONG &#8230;, sur leurs repr\u00e9sentations, leurs pratiques et leurs instruments. Elle mettra en \u00e9vidence, en particulier en Afrique, les \u00e9volutions comme les persistances des logiques historiques de domination dans les n\u00e9gociations \u00e9conomiques mais aussi dans l\u2019aide humanitaire. Alors qu\u2019interviennent de nouveaux entrants et que les violences g\u00e9opolitiques red\u00e9finissent de nouveaux camps, comment s\u2019inscrivent ces stigmates de la colonisation dans un champ complexe et difficile \u00e0 analyser\u00a0?<\/p>\n<p style=\"font-weight: 400; text-align: center;\"><strong><u>Pause d\u00e9jeuner <\/u><\/strong>13\u00a0:00-14\u00a0:20<\/p>\n<p style=\"font-weight: 400; text-align: center;\"><strong><u>Table ronde 3\u00a0: Empire et chaines de valeur\u00a0globales <\/u><\/strong>14\u00a0:30-16\u00a0:15\u00a0<\/p>\n<ul>\n<li style=\"font-weight: 400;\">Intervenants\u00a0: Florence Palpacuer<em> (Universit\u00e9 de Montpellier, Institut Montpellier Management \u2013 MRM), <\/em>Nils Pederson (<em>Pacte mondial des Nations Unies<\/em>)<\/li>\n<\/ul>\n<p style=\"font-weight: 400;\"><strong>Florence Palpacuer<\/strong>\u00a0est Professeur en Sciences de Gestion \u00e0 l\u2019Universit\u00e9 de Montpellier, o\u00f9 elle est responsable du Master Management des Organisations et D\u00e9veloppement Responsable (MODR) \u00e0 l\u2019Institut Montpellier Management (MOMA), et co-fondatrice du groupe de recherche \u2018Organisations et Evolutions Soci\u00e9tales\u2019 au sein du Laboratoire Montpellier Recherche en Management (MRM). Elle a co-fond\u00e9 en 2016 l\u2019initiative\u00a0<em>Rethinking Global Value Chains<\/em>rassemblant pr\u00e8s d\u2019une centaine d\u2019experts acad\u00e9miques et de la soci\u00e9t\u00e9 civile sur les enjeux sociaux et environnementaux li\u00e9s aux chaines de valeur globales. Le collectif a notamment produit la publication en acc\u00e8s libre de l\u2019ouvrage\u00a0<em>Rethinthing Value Chains\u00a0: tackling the challenges of global capitalism<\/em>\u00a0en 2021.\u00a0<\/p>\n<p style=\"font-weight: 400;\"><strong>Nils Pedersen<\/strong> est une personnalit\u00e9 de la soci\u00e9t\u00e9 civile fran\u00e7aise et expert de l&rsquo;innovation sociale et du d\u00e9veloppement durable. Il est D\u00e9l\u00e9gu\u00e9 g\u00e9n\u00e9ral du Pacte mondial de l\u2019ONU &#8211; R\u00e9seau France, Bureau fran\u00e7ais du Pacte mondial de l&rsquo;ONU depuis avril 2021. Il souhaite \u00e9galement r\u00e9interroger la question de la cha\u00eene de valeur et sortir les associations d\u2019une logique purement financi\u00e8re et r\u00e9interroger leur apport dans le cadre du PIB<\/p>\n<ul>\n<li>Animation\u00a0:\u00a0Cl\u00e9ment Carn <em>(Universit\u00e9 Paris Dauphine &#8211; PSL), <\/em>P\u00e9n\u00e9lope Van den Bussche <em>(Universit\u00e9 Paris Dauphine &#8211; PSL)<\/em><\/li>\n<\/ul>\n<p style=\"font-weight: 400;\">Cette troisi\u00e8me table ronde aura pour sujet les chaines de valeurs globales. La mondialisation s\u2019est construite sur l\u2019image d\u2019un village globale, au sein duquel marchandises et capitaux se d\u00e9placent pour \u00eatre allou\u00e9s l\u00e0 o\u00f9 il est le plus efficace de les employ\u00e9s. Mais derri\u00e8re le mythe se dresse le tableau moins reluisant de cha\u00eene de valeur aux cons\u00e9quences \u00e9cologiques et sociales consid\u00e9rables. Depuis les ann\u00e9es 1970 cette question est discut\u00e9e dans les instances internationales, comme \u00e0 l\u2019ONU o\u00f9 \u00e0 l\u2019OCDE, mais les forces g\u00e9opolitiques en pr\u00e9sences ont consid\u00e9rablement chang\u00e9. Nous nous interrogerons donc sur l\u2019avenir de ces d\u00e9bats face \u00e0 l\u2019\u00e9mergence de nouveaux empires.<\/p>\n<p style=\"font-weight: 400;\">\u00a0<\/p>\n<p style=\"font-weight: 400; text-align: center;\"><strong><u>D\u00e9bat conclusif <\/u><\/strong>16\u00a0:15-17\u00a0:00<\/p>\n<p style=\"font-weight: 400; text-align: center;\"><strong><u>Cocktail <\/u><\/strong>17\u00a0:00 \u2013 17\u00a0:45<\/p>\n<p style=\"font-weight: 400; text-align: center;\"><strong><u>Assembl\u00e9e G\u00e9n\u00e9rale de la SFM <\/u><\/strong>17\u00a0:45-18\u00a0:15<\/p>\n<ul>\n<li>R\u00e9serv\u00e9 aux adh\u00e9rents de la SFM<\/li>\n<\/ul>\n<p style=\"font-weight: 400; text-align: center;\"><strong><u>Conseil d\u2019Administration de la SFM<\/u><\/strong> 18\u00a0:15-19\u00a0:00<\/p>\n<p style=\"font-weight: 400;\"><strong>\u00a0<\/strong><\/p>\n<p style=\"font-weight: 400;\"><em>Lien d\u2019inscription (gratuite)\u00a0au s\u00e9minaire :<\/em><\/p>\n<p style=\"font-weight: 400;\"><a href=\"https:\/\/docs.google.com\/forms\/d\/e\/1FAIpQLScsR52WVLmXQkZYaDrygX-ZFSwy9ts_VyPRth9XDFIHslkO4g\/viewform?usp=dialog\"><em>https:\/\/docs.google.com\/forms\/d\/e\/1FAIpQLScsR52WVLmXQkZYaDrygX-ZFSwy9ts_VyPRth9XDFIHslkO4g\/viewform?usp=dialog<\/em><\/a><\/p>\n<p style=\"font-weight: 400;\"><em>NB\u00a0: le lien de connexion \u00e0 la visioconf\u00e9rence vous sera envoy\u00e9 la veille<\/em><\/p>\n<p style=\"font-weight: 400;\">\u00a0<\/p>\n<p style=\"font-weight: 400;\"><strong><u>Appel \u00e0 cotisations<\/u><\/strong><\/p>\n<p style=\"font-weight: 400;\">Si les travaux de la SFM vous int\u00e9ressent, nous vous invitons vivement \u00e0 adh\u00e9rer (ou renouveler votre adh\u00e9sion annuelle) \u00e0 l\u2019association en contactant Gwena\u00eblle Nogatchewsky (<a href=\"mailto:gwenaelle.nogatchewsky@dauphine.psl.eu\">gwenaelle.nogatchewsky@dauphine.psl.eu<\/a>).<\/p>\n<p style=\"font-weight: 400;\">\u00a0<\/p>\n<p style=\"font-weight: 400;\">Nous vous y attendons nombreux pour discuter ensemble de ce th\u00e8me.<\/p>\n<p style=\"font-weight: 400;\">L\u2019\u00e9quipe de la SFM<\/p>\n<\/div>\n\n\n<p><\/p>\n","protected":false},"excerpt":{"rendered":"<p>\u00a0S\u00e9minaire d\u2019hiver 2026 de la Soci\u00e9t\u00e9 Fran\u00e7aise de Management Le management \u00e0 l\u2019heure de l\u2019incertitude g\u00e9opolitique Le 31 mars 2026, \u00e0 l\u2019universit\u00e9 Paris Dauphine &#8211; PSL, salle Raymond Aron et en hybride. La recherche et la formation en management, fond\u00e9es depuis des d\u00e9cennies sur la repr\u00e9sentation (justifi\u00e9e ou non) d\u2019un monde globalis\u00e9 et pacifi\u00e9, sont [&hellip;]<\/p>\n","protected":false},"author":1,"featured_media":0,"parent":0,"menu_order":0,"comment_status":"closed","ping_status":"closed","template":"","meta":[],"yoast_head":"<!-- This site is optimized with the Yoast SEO plugin v19.4 - https:\/\/yoast.com\/wordpress\/plugins\/seo\/ -->\n<title>S\u00e9minaire d&#039;hiver 2026 - Soci\u00e9t\u00e9 Fran\u00e7aise de Management<\/title>\n<meta name=\"robots\" content=\"index, follow, max-snippet:-1, max-image-preview:large, max-video-preview:-1\" \/>\n<link rel=\"canonical\" href=\"https:\/\/sfm-management.org\/index.php\/seminaire-dhiver-2026\/\" \/>\n<meta property=\"og:locale\" content=\"fr_FR\" \/>\n<meta property=\"og:type\" content=\"article\" \/>\n<meta property=\"og:title\" content=\"S\u00e9minaire d&#039;hiver 2026 - Soci\u00e9t\u00e9 Fran\u00e7aise de Management\" \/>\n<meta property=\"og:description\" content=\"\u00a0S\u00e9minaire d\u2019hiver 2026 de la Soci\u00e9t\u00e9 Fran\u00e7aise de Management Le management \u00e0 l\u2019heure de l\u2019incertitude g\u00e9opolitique Le 31 mars 2026, \u00e0 l\u2019universit\u00e9 Paris Dauphine &#8211; PSL, salle Raymond Aron et en hybride. La recherche et la formation en management, fond\u00e9es depuis des d\u00e9cennies sur la repr\u00e9sentation (justifi\u00e9e ou non) d\u2019un monde globalis\u00e9 et pacifi\u00e9, sont [&hellip;]\" \/>\n<meta property=\"og:url\" content=\"https:\/\/sfm-management.org\/index.php\/seminaire-dhiver-2026\/\" \/>\n<meta property=\"og:site_name\" content=\"Soci\u00e9t\u00e9 Fran\u00e7aise de Management\" \/>\n<meta property=\"article:modified_time\" content=\"2026-03-25T19:08:54+00:00\" \/>\n<meta property=\"og:image\" content=\"https:\/\/sfm-management.org\/wp-content\/uploads\/2021\/11\/sfm-1024x348.png\" \/>\n\t<meta property=\"og:image:width\" content=\"1024\" \/>\n\t<meta property=\"og:image:height\" content=\"348\" \/>\n\t<meta property=\"og:image:type\" content=\"image\/png\" \/>\n<meta name=\"twitter:card\" content=\"summary_large_image\" \/>\n<meta name=\"twitter:site\" content=\"@SocFrMgmt\" \/>\n<meta name=\"twitter:label1\" content=\"Dur\u00e9e de lecture estim\u00e9e\" \/>\n\t<meta name=\"twitter:data1\" content=\"2 minutes\" \/>\n<script type=\"application\/ld+json\" class=\"yoast-schema-graph\">{\"@context\":\"https:\/\/schema.org\",\"@graph\":[{\"@type\":\"Organization\",\"@id\":\"https:\/\/sfm-management.org\/#organization\",\"name\":\"Soci\u00e9t\u00e9 Fran\u00e7aise de Management\",\"url\":\"https:\/\/sfm-management.org\/\",\"sameAs\":[\"https:\/\/www.linkedin.com\/company\/70413167\/\",\"https:\/\/twitter.com\/SocFrMgmt\"],\"logo\":{\"@type\":\"ImageObject\",\"inLanguage\":\"fr-FR\",\"@id\":\"https:\/\/sfm-management.org\/#\/schema\/logo\/image\/\",\"url\":\"https:\/\/sfm-management.org\/wp-content\/uploads\/2020\/09\/cropped-logo-1.png\",\"contentUrl\":\"https:\/\/sfm-management.org\/wp-content\/uploads\/2020\/09\/cropped-logo-1.png\",\"width\":345,\"height\":238,\"caption\":\"Soci\u00e9t\u00e9 Fran\u00e7aise de Management\"},\"image\":{\"@id\":\"https:\/\/sfm-management.org\/#\/schema\/logo\/image\/\"}},{\"@type\":\"WebSite\",\"@id\":\"https:\/\/sfm-management.org\/#website\",\"url\":\"https:\/\/sfm-management.org\/\",\"name\":\"Soci\u00e9t\u00e9 Fran\u00e7aise de Management\",\"description\":\"\",\"publisher\":{\"@id\":\"https:\/\/sfm-management.org\/#organization\"},\"potentialAction\":[{\"@type\":\"SearchAction\",\"target\":{\"@type\":\"EntryPoint\",\"urlTemplate\":\"https:\/\/sfm-management.org\/?s={search_term_string}\"},\"query-input\":\"required name=search_term_string\"}],\"inLanguage\":\"fr-FR\"},{\"@type\":\"WebPage\",\"@id\":\"https:\/\/sfm-management.org\/index.php\/seminaire-dhiver-2026\/\",\"url\":\"https:\/\/sfm-management.org\/index.php\/seminaire-dhiver-2026\/\",\"name\":\"S\u00e9minaire d'hiver 2026 - Soci\u00e9t\u00e9 Fran\u00e7aise de Management\",\"isPartOf\":{\"@id\":\"https:\/\/sfm-management.org\/#website\"},\"datePublished\":\"2025-10-14T12:30:47+00:00\",\"dateModified\":\"2026-03-25T19:08:54+00:00\",\"breadcrumb\":{\"@id\":\"https:\/\/sfm-management.org\/index.php\/seminaire-dhiver-2026\/#breadcrumb\"},\"inLanguage\":\"fr-FR\",\"potentialAction\":[{\"@type\":\"ReadAction\",\"target\":[\"https:\/\/sfm-management.org\/index.php\/seminaire-dhiver-2026\/\"]}]},{\"@type\":\"BreadcrumbList\",\"@id\":\"https:\/\/sfm-management.org\/index.php\/seminaire-dhiver-2026\/#breadcrumb\",\"itemListElement\":[{\"@type\":\"ListItem\",\"position\":1,\"name\":\"Accueil\",\"item\":\"https:\/\/sfm-management.org\/\"},{\"@type\":\"ListItem\",\"position\":2,\"name\":\"S\u00e9minaire d&#8217;hiver 2026\"}]}]}<\/script>\n<!-- \/ Yoast SEO plugin. -->","yoast_head_json":{"title":"S\u00e9minaire d'hiver 2026 - Soci\u00e9t\u00e9 Fran\u00e7aise de Management","robots":{"index":"index","follow":"follow","max-snippet":"max-snippet:-1","max-image-preview":"max-image-preview:large","max-video-preview":"max-video-preview:-1"},"canonical":"https:\/\/sfm-management.org\/index.php\/seminaire-dhiver-2026\/","og_locale":"fr_FR","og_type":"article","og_title":"S\u00e9minaire d'hiver 2026 - Soci\u00e9t\u00e9 Fran\u00e7aise de Management","og_description":"\u00a0S\u00e9minaire d\u2019hiver 2026 de la Soci\u00e9t\u00e9 Fran\u00e7aise de Management Le management \u00e0 l\u2019heure de l\u2019incertitude g\u00e9opolitique Le 31 mars 2026, \u00e0 l\u2019universit\u00e9 Paris Dauphine &#8211; PSL, salle Raymond Aron et en hybride. La recherche et la formation en management, fond\u00e9es depuis des d\u00e9cennies sur la repr\u00e9sentation (justifi\u00e9e ou non) d\u2019un monde globalis\u00e9 et pacifi\u00e9, sont [&hellip;]","og_url":"https:\/\/sfm-management.org\/index.php\/seminaire-dhiver-2026\/","og_site_name":"Soci\u00e9t\u00e9 Fran\u00e7aise de Management","article_modified_time":"2026-03-25T19:08:54+00:00","og_image":[{"width":1024,"height":348,"url":"https:\/\/sfm-management.org\/wp-content\/uploads\/2021\/11\/sfm-1024x348.png","type":"image\/png"}],"twitter_card":"summary_large_image","twitter_site":"@SocFrMgmt","twitter_misc":{"Dur\u00e9e de lecture estim\u00e9e":"2 minutes"},"schema":{"@context":"https:\/\/schema.org","@graph":[{"@type":"Organization","@id":"https:\/\/sfm-management.org\/#organization","name":"Soci\u00e9t\u00e9 Fran\u00e7aise de Management","url":"https:\/\/sfm-management.org\/","sameAs":["https:\/\/www.linkedin.com\/company\/70413167\/","https:\/\/twitter.com\/SocFrMgmt"],"logo":{"@type":"ImageObject","inLanguage":"fr-FR","@id":"https:\/\/sfm-management.org\/#\/schema\/logo\/image\/","url":"https:\/\/sfm-management.org\/wp-content\/uploads\/2020\/09\/cropped-logo-1.png","contentUrl":"https:\/\/sfm-management.org\/wp-content\/uploads\/2020\/09\/cropped-logo-1.png","width":345,"height":238,"caption":"Soci\u00e9t\u00e9 Fran\u00e7aise de Management"},"image":{"@id":"https:\/\/sfm-management.org\/#\/schema\/logo\/image\/"}},{"@type":"WebSite","@id":"https:\/\/sfm-management.org\/#website","url":"https:\/\/sfm-management.org\/","name":"Soci\u00e9t\u00e9 Fran\u00e7aise de Management","description":"","publisher":{"@id":"https:\/\/sfm-management.org\/#organization"},"potentialAction":[{"@type":"SearchAction","target":{"@type":"EntryPoint","urlTemplate":"https:\/\/sfm-management.org\/?s={search_term_string}"},"query-input":"required name=search_term_string"}],"inLanguage":"fr-FR"},{"@type":"WebPage","@id":"https:\/\/sfm-management.org\/index.php\/seminaire-dhiver-2026\/","url":"https:\/\/sfm-management.org\/index.php\/seminaire-dhiver-2026\/","name":"S\u00e9minaire d'hiver 2026 - Soci\u00e9t\u00e9 Fran\u00e7aise de Management","isPartOf":{"@id":"https:\/\/sfm-management.org\/#website"},"datePublished":"2025-10-14T12:30:47+00:00","dateModified":"2026-03-25T19:08:54+00:00","breadcrumb":{"@id":"https:\/\/sfm-management.org\/index.php\/seminaire-dhiver-2026\/#breadcrumb"},"inLanguage":"fr-FR","potentialAction":[{"@type":"ReadAction","target":["https:\/\/sfm-management.org\/index.php\/seminaire-dhiver-2026\/"]}]},{"@type":"BreadcrumbList","@id":"https:\/\/sfm-management.org\/index.php\/seminaire-dhiver-2026\/#breadcrumb","itemListElement":[{"@type":"ListItem","position":1,"name":"Accueil","item":"https:\/\/sfm-management.org\/"},{"@type":"ListItem","position":2,"name":"S\u00e9minaire d&#8217;hiver 2026"}]}]}},"_links":{"self":[{"href":"https:\/\/sfm-management.org\/index.php\/wp-json\/wp\/v2\/pages\/2051"}],"collection":[{"href":"https:\/\/sfm-management.org\/index.php\/wp-json\/wp\/v2\/pages"}],"about":[{"href":"https:\/\/sfm-management.org\/index.php\/wp-json\/wp\/v2\/types\/page"}],"author":[{"embeddable":true,"href":"https:\/\/sfm-management.org\/index.php\/wp-json\/wp\/v2\/users\/1"}],"replies":[{"embeddable":true,"href":"https:\/\/sfm-management.org\/index.php\/wp-json\/wp\/v2\/comments?post=2051"}],"version-history":[{"count":4,"href":"https:\/\/sfm-management.org\/index.php\/wp-json\/wp\/v2\/pages\/2051\/revisions"}],"predecessor-version":[{"id":2219,"href":"https:\/\/sfm-management.org\/index.php\/wp-json\/wp\/v2\/pages\/2051\/revisions\/2219"}],"wp:attachment":[{"href":"https:\/\/sfm-management.org\/index.php\/wp-json\/wp\/v2\/media?parent=2051"}],"curies":[{"name":"wp","href":"https:\/\/api.w.org\/{rel}","templated":true}]}}