{"id":1419,"date":"2024-04-15T16:03:36","date_gmt":"2024-04-15T14:03:36","guid":{"rendered":"https:\/\/sfm-management.org\/?page_id=1419"},"modified":"2024-09-10T18:15:40","modified_gmt":"2024-09-10T16:15:40","slug":"seminaire-dhiver-2023","status":"publish","type":"page","link":"https:\/\/sfm-management.org\/index.php\/seminaire-dhiver-2023\/","title":{"rendered":"S\u00e9minaire d&rsquo;hiver 2023- Comp\u00e9tences ESR"},"content":{"rendered":"\n<div class=\"wp-block-group\"><div class=\"wp-block-group__inner-container\">\n<div class=\"wp-block-columns\">\n<div class=\"wp-block-column is-vertically-aligned-center\" style=\"flex-basis:100%\">\n\n\n<h2 class=\"has-text-align-center\"><strong>Lundi 20 mars 2023 | 9h00-18h00<\/strong><\/h2>\n\n\n\n<p class=\"has-text-align-center\">Universit\u00e9 Paris Dauphine | salle Raymond Aron | pr\u00e9sentiel ET distanciel<\/p>\n\n\n\n<h2 class=\"has-text-align-center\"><strong>Enjeux, \u00e9volutions et risques de la mont\u00e9e en puissance de la notion de comp\u00e9tences dans l\u2019ESR<\/strong><\/h2>\n\n\n\n<p class=\"has-text-align-left\">Au programme de ce s\u00e9minaire, les tables-rondes aborderont la th\u00e9matique des comp\u00e9tences&nbsp;:<\/p>\n\n\n\n<ul><li>Histoire et institutionnalisations de la notion de comp\u00e9tence : de l\u2019entreprise \u00e0 l\u2019ESR<\/li><li>Usage(s) de la comp\u00e9tence dans l\u2019ESR : regards nationaux et internationaux&nbsp;<\/li><li>Comp\u00e9tences et mises en \u0153uvre disciplinaires&nbsp;<\/li><li>Table-ronde conclusive&nbsp;<\/li><\/ul>\n\n\n\n<p class=\"has-text-align-center\"><strong>ACCUEIL&nbsp;:&nbsp;<\/strong>08h30 \u2013 09h10<\/p>\n\n\n\n<ul><li><strong>Caf\u00e9<\/strong><\/li><li><strong>Message de bienvenue&nbsp;:&nbsp;<\/strong>S\u00e9bastien Damart \u2013 Vice-Pr\u00e9sident du Conseil de la Formation et de la Vie \u00c9tudiante, Universit\u00e9 Paris Dauphine-PSL<\/li><li><strong>Pr\u00e9sentation de la journ\u00e9e&nbsp;:&nbsp;<\/strong>Fr\u00e9d\u00e9rique Alexandre-Bailly&nbsp;<em>(Pr\u00e9sidente de la SFM, Directrice g\u00e9n\u00e9rale de l\u2019ONISEP<\/em>) et Julienne Brabet&nbsp;<em>(Professeure \u00e9m\u00e9rite, Universit\u00e9 Paris Est Cr\u00e9teil<\/em>)<\/li><\/ul>\n\n\n\n<p class=\"has-text-align-center\"><strong><u>Table ronde 1&nbsp;: Histoire et institutionnalisations diverses de la notion de comp\u00e9tence \u2013&nbsp;<\/u><\/strong>09h10-10h40<\/p>\n\n\n\n<p>Intervenants: Fran\u00e7oise Amat<em>&nbsp;(Pr\u00e9sidente de la Commission de France Comp\u00e9tences en charge de la certification professionnelle et Vice-Pr\u00e9sidente de l\u2019AFDET),&nbsp;<\/em>Christine Bruniaux<em>&nbsp;(cheffe du d\u00e9partement de la strat\u00e9gie de la formation et de l\u2019emploi, MESRI),&nbsp;<\/em>Anne Dietrich<em>&nbsp;(Professeure Em\u00e9rite, Universit\u00e9 de Lille), Aline Scouarnec (Professeure, Universit\u00e9 de Caen)<\/em><\/p>\n\n\n\n<p>Animation&nbsp;: &nbsp;Fr\u00e9d\u00e9rique Alexandre-Bailly&nbsp;<em>(Pr\u00e9sidente de la SFM, Directrice g\u00e9n\u00e9rale de l\u2019ONISEP)<\/em>&nbsp;et Fr\u00e9d\u00e9rique Pigeyre&nbsp;<em>(Professeure, CNAM)<\/em><\/p>\n\n\n\n<p class=\"has-text-align-center\">La premi\u00e8re table ronde vise \u00e0 retracer l\u2019institutionnalisation progressive de la comp\u00e9tence dans de nombreux champs et \u00e0 analyser les enjeux de ces usages aujourd\u2019hui g\u00e9n\u00e9ralis\u00e9s&nbsp;: De l\u2019\u00e9mergence de la notion au sein des entreprises en contexte de crise (ann\u00e9es 80) jusqu\u2019 \u00e0 la mobilisation r\u00e9cente, par France Comp\u00e9tences puis par le Minist\u00e8re de l\u2019Enseignement Sup\u00e9rieur, des blocs de comp\u00e9tences dans un objectif d\u2019employabilit\u00e9&nbsp;; mobilisation illustr\u00e9e par la mani\u00e8re dont ces blocs de comp\u00e9tences sont utilis\u00e9s pour structurer les &nbsp;dipl\u00f4mes de Sciences de Gestion.<\/p>\n\n\n\n<p><strong><u>Table ronde 2&nbsp;: Usage(s) de la comp\u00e9tence dans l\u2019ESR \u2013 regards nationaux et internationaux \u2013&nbsp;<\/u><\/strong>11h00 -12h30&nbsp;<\/p>\n\n\n\n<p>Intervenants&nbsp;<em>:&nbsp;<\/em>Christian Def\u00e9lix<em>&nbsp;(Professeur, Universit\u00e9 Grenoble Alpes),&nbsp;<\/em>Ariel Eggrickx&nbsp;<em>(Maitre de Conf\u00e9rences Universit\u00e9 de Montpellier, Conseill\u00e8re Scientifique Hc\u00e9res),&nbsp;<\/em>Anne Laure Schwartz<em>&nbsp;(Directrice Qualit\u00e9, Accr\u00e9ditations, Classements, emlyon Business School)<\/em><\/p>\n\n\n\n<p>Animation&nbsp;:&nbsp; Fran\u00e7oise Dany&nbsp;<em>(Professeure, emlyon Business School)<\/em>, J\u00e9r\u00f4me M\u00e9ric&nbsp;<em>(Professeur, Universit\u00e9 de Poitiers)<\/em><\/p>\n\n\n\n<p>La seconde table ronde s\u2019int\u00e9ressera aux diff\u00e9rentes conceptions de la comp\u00e9tence qui renvoient \u00e0 des repr\u00e9sentations et des attentes parfois convergentes, parfois divergentes selon les contextes&nbsp;: monde de l\u2019enseignement et monde de l\u2019entreprise, inscriptions nationales, organismes accr\u00e9diteurs, \u00e9tablissements de l\u2019ESR confront\u00e9s \u00e0 la fois \u00e0 des logiques de qualit\u00e9 et de conformit\u00e9.&nbsp;<\/p>\n\n\n\n<p class=\"has-text-align-center\"><strong>PAUSE DEJEUNER<\/strong><\/p>\n\n\n\n<p class=\"has-text-align-center\"><strong><u>Table ronde 3&nbsp;: &nbsp;Comp\u00e9tences et mises en \u0153uvre disciplinaires<\/u><\/strong><strong>&nbsp;\u2013&nbsp;<\/strong>14h30-16h<\/p>\n\n\n\n<p>Participants<em>&nbsp;:&nbsp;<\/em>Audrey Bonnemaizon<em>&nbsp;(Maitre de Conf\u00e9rences Sciences de Gestion, IUT de Cr\u00e9teil-Vitry),&nbsp;<\/em>Bernard Caron<em>(VP CFVU, Universit\u00e9 Savoie Mont Blanc),&nbsp;<\/em>M\u00e9lanie Gu\u00e9nais<em>&nbsp;(VP&nbsp;enseignement, Soci\u00e9t\u00e9 Math\u00e9matique de France)<\/em><\/p>\n\n\n\n<p>Animation&nbsp;: &nbsp;L\u00e9na Masson (<em>Maitre de Conf\u00e9rences, Universit\u00e9 de Lille<\/em>) et Olivier Saulpic (<em>Professeur, ESCP Business School<\/em>)<\/p>\n\n\n\n<p>Cette troisi\u00e8me table ronde traitera des mises en \u0153uvre concr\u00e8tes de la notion de comp\u00e9tence dans diff\u00e9rentes disciplines universitaires et \u00e0 diff\u00e9rents niveaux de formation. Il s\u2019agira de comprendre en quoi l\u2019approche par comp\u00e9tences est plus ou moins adapt\u00e9e et plus ou moins probl\u00e9matique selon les disciplines et les niveaux, ainsi que les effets qu\u2019elle peut produire sur les enseignants, enseignements et sur les apprentissages en fonction des disciplines et les r\u00e9actions que peuvent engendrer ces transformations.<\/p>\n\n\n\n<p class=\"has-text-align-center\"><strong><u>Table ronde conclusive<\/u><\/strong><strong>&nbsp;\u2013&nbsp;<\/strong>16h 15 -17h 15<\/p>\n\n\n\n<p>Pierre-Cyrille Hautc\u0153ur&nbsp;<em>(Directeur d\u2019\u00e9tudes&nbsp;<\/em><a href=\"https:\/\/fr.wikipedia.org\/wiki\/EHESS\"><em>EHESS<\/em><\/a><em>, &nbsp;Professeur&nbsp;<\/em><a href=\"https:\/\/fr.wikipedia.org\/wiki\/%C3%89cole_d%27%C3%A9conomie_de_Paris\"><em>\u00c9cole d\u2019\u00e9conomie de Paris<\/em><\/a><em>)<\/em>&nbsp;et B\u00e9n\u00e9dicte Le Deley&nbsp;&nbsp;<em>(Directrice de D\u00e9fense Mobilit\u00e9 \u2013 Agence des reconversions du Minist\u00e8re des Arm\u00e9es)<\/em>&nbsp;discuteront avec les deux coordinatrices du s\u00e9minaire Fr\u00e9d\u00e9rique Alexandre-Bailly&nbsp;<em>(Pr\u00e9sidente de la SFM, Directrice g\u00e9n\u00e9rale de l\u2019ONISEP<\/em>) et Julienne Brabet&nbsp;<em>(Professeure \u00e9m\u00e9rite, Universit\u00e9 Paris Est Cr\u00e9teil<\/em>) des opportunit\u00e9s et risques li\u00e9s \u00e0 l\u2019introduction massive d\u2019une logique de comp\u00e9tences dans l\u2019ESR&nbsp;: Entre enrichissement de ses missions, de son inscription dans le monde socio-\u00e9conomique et adaptation court \u2013 termiste de l\u2019ESR \u00e0 \u00ab&nbsp;l\u2019introuvable relation formation\/emploi&nbsp;\u00bb<\/p>\n\n\n\n<p class=\"has-text-align-center\"><strong>COCKTAIL<\/strong><\/p>\n<\/div>\n<\/div>\n<\/div><\/div>\n\n\n\n<div class=\"wp-block-buttons is-content-justification-center\">\n<div class=\"wp-block-button\"><a class=\"wp-block-button__link\">T\u00e9l\u00e9charger le Programme<\/a><\/div>\n<\/div>\n\n\n\n<div class=\"wp-block-buttons is-content-justification-center\">\n<div class=\"wp-block-button\"><a class=\"wp-block-button__link\" href=\"https:\/\/drive.google.com\/file\/d\/14V0VmmTyFtOgpbAjaOYM0fFwbzQgTT65\/view?usp=sharing\">T\u00e9l\u00e9charger le compte rendu          <\/a><\/div>\n<\/div>\n","protected":false},"excerpt":{"rendered":"<p>Lundi 20 mars 2023 | 9h00-18h00 Universit\u00e9 Paris Dauphine | salle Raymond Aron | pr\u00e9sentiel ET distanciel Enjeux, \u00e9volutions et risques de la mont\u00e9e en puissance de la notion de comp\u00e9tences dans l\u2019ESR Au programme de ce s\u00e9minaire, les tables-rondes aborderont la th\u00e9matique des comp\u00e9tences&nbsp;: Histoire et institutionnalisations de la notion de comp\u00e9tence : de [&hellip;]<\/p>\n","protected":false},"author":1,"featured_media":0,"parent":0,"menu_order":0,"comment_status":"closed","ping_status":"closed","template":"","meta":[],"yoast_head":"<!-- This site is optimized with the Yoast SEO plugin v19.4 - https:\/\/yoast.com\/wordpress\/plugins\/seo\/ -->\n<title>S\u00e9minaire d&#039;hiver 2023- Comp\u00e9tences ESR - Soci\u00e9t\u00e9 Fran\u00e7aise de Management<\/title>\n<meta name=\"robots\" content=\"index, follow, max-snippet:-1, max-image-preview:large, max-video-preview:-1\" \/>\n<link rel=\"canonical\" href=\"https:\/\/sfm-management.org\/index.php\/seminaire-dhiver-2023\/\" \/>\n<meta property=\"og:locale\" content=\"fr_FR\" \/>\n<meta property=\"og:type\" content=\"article\" \/>\n<meta property=\"og:title\" content=\"S\u00e9minaire d&#039;hiver 2023- Comp\u00e9tences ESR - Soci\u00e9t\u00e9 Fran\u00e7aise de Management\" \/>\n<meta property=\"og:description\" content=\"Lundi 20 mars 2023 | 9h00-18h00 Universit\u00e9 Paris Dauphine | salle Raymond Aron | pr\u00e9sentiel ET distanciel Enjeux, \u00e9volutions et risques de la mont\u00e9e en puissance de la notion de comp\u00e9tences dans l\u2019ESR Au programme de ce s\u00e9minaire, les tables-rondes aborderont la th\u00e9matique des comp\u00e9tences&nbsp;: Histoire et institutionnalisations de la notion de comp\u00e9tence : de [&hellip;]\" \/>\n<meta property=\"og:url\" content=\"https:\/\/sfm-management.org\/index.php\/seminaire-dhiver-2023\/\" \/>\n<meta property=\"og:site_name\" content=\"Soci\u00e9t\u00e9 Fran\u00e7aise de Management\" \/>\n<meta property=\"article:modified_time\" content=\"2024-09-10T16:15:40+00:00\" \/>\n<meta property=\"og:image\" content=\"https:\/\/sfm-management.org\/wp-content\/uploads\/2021\/11\/sfm-1024x348.png\" \/>\n\t<meta property=\"og:image:width\" content=\"1024\" \/>\n\t<meta property=\"og:image:height\" content=\"348\" \/>\n\t<meta property=\"og:image:type\" content=\"image\/png\" \/>\n<meta name=\"twitter:card\" content=\"summary_large_image\" \/>\n<meta name=\"twitter:site\" content=\"@SocFrMgmt\" \/>\n<meta name=\"twitter:label1\" content=\"Dur\u00e9e de lecture estim\u00e9e\" \/>\n\t<meta name=\"twitter:data1\" content=\"2 minutes\" \/>\n<script type=\"application\/ld+json\" class=\"yoast-schema-graph\">{\"@context\":\"https:\/\/schema.org\",\"@graph\":[{\"@type\":\"Organization\",\"@id\":\"https:\/\/sfm-management.org\/#organization\",\"name\":\"Soci\u00e9t\u00e9 Fran\u00e7aise de Management\",\"url\":\"https:\/\/sfm-management.org\/\",\"sameAs\":[\"https:\/\/www.linkedin.com\/company\/70413167\/\",\"https:\/\/twitter.com\/SocFrMgmt\"],\"logo\":{\"@type\":\"ImageObject\",\"inLanguage\":\"fr-FR\",\"@id\":\"https:\/\/sfm-management.org\/#\/schema\/logo\/image\/\",\"url\":\"https:\/\/sfm-management.org\/wp-content\/uploads\/2020\/09\/cropped-logo-1.png\",\"contentUrl\":\"https:\/\/sfm-management.org\/wp-content\/uploads\/2020\/09\/cropped-logo-1.png\",\"width\":345,\"height\":238,\"caption\":\"Soci\u00e9t\u00e9 Fran\u00e7aise de Management\"},\"image\":{\"@id\":\"https:\/\/sfm-management.org\/#\/schema\/logo\/image\/\"}},{\"@type\":\"WebSite\",\"@id\":\"https:\/\/sfm-management.org\/#website\",\"url\":\"https:\/\/sfm-management.org\/\",\"name\":\"Soci\u00e9t\u00e9 Fran\u00e7aise de Management\",\"description\":\"\",\"publisher\":{\"@id\":\"https:\/\/sfm-management.org\/#organization\"},\"potentialAction\":[{\"@type\":\"SearchAction\",\"target\":{\"@type\":\"EntryPoint\",\"urlTemplate\":\"https:\/\/sfm-management.org\/?s={search_term_string}\"},\"query-input\":\"required name=search_term_string\"}],\"inLanguage\":\"fr-FR\"},{\"@type\":\"WebPage\",\"@id\":\"https:\/\/sfm-management.org\/index.php\/seminaire-dhiver-2023\/\",\"url\":\"https:\/\/sfm-management.org\/index.php\/seminaire-dhiver-2023\/\",\"name\":\"S\u00e9minaire d'hiver 2023- Comp\u00e9tences ESR - Soci\u00e9t\u00e9 Fran\u00e7aise de Management\",\"isPartOf\":{\"@id\":\"https:\/\/sfm-management.org\/#website\"},\"datePublished\":\"2024-04-15T14:03:36+00:00\",\"dateModified\":\"2024-09-10T16:15:40+00:00\",\"breadcrumb\":{\"@id\":\"https:\/\/sfm-management.org\/index.php\/seminaire-dhiver-2023\/#breadcrumb\"},\"inLanguage\":\"fr-FR\",\"potentialAction\":[{\"@type\":\"ReadAction\",\"target\":[\"https:\/\/sfm-management.org\/index.php\/seminaire-dhiver-2023\/\"]}]},{\"@type\":\"BreadcrumbList\",\"@id\":\"https:\/\/sfm-management.org\/index.php\/seminaire-dhiver-2023\/#breadcrumb\",\"itemListElement\":[{\"@type\":\"ListItem\",\"position\":1,\"name\":\"Accueil\",\"item\":\"https:\/\/sfm-management.org\/\"},{\"@type\":\"ListItem\",\"position\":2,\"name\":\"S\u00e9minaire d&rsquo;hiver 2023- Comp\u00e9tences ESR\"}]}]}<\/script>\n<!-- \/ Yoast SEO plugin. -->","yoast_head_json":{"title":"S\u00e9minaire d'hiver 2023- Comp\u00e9tences ESR - Soci\u00e9t\u00e9 Fran\u00e7aise de Management","robots":{"index":"index","follow":"follow","max-snippet":"max-snippet:-1","max-image-preview":"max-image-preview:large","max-video-preview":"max-video-preview:-1"},"canonical":"https:\/\/sfm-management.org\/index.php\/seminaire-dhiver-2023\/","og_locale":"fr_FR","og_type":"article","og_title":"S\u00e9minaire d'hiver 2023- Comp\u00e9tences ESR - Soci\u00e9t\u00e9 Fran\u00e7aise de Management","og_description":"Lundi 20 mars 2023 | 9h00-18h00 Universit\u00e9 Paris Dauphine | salle Raymond Aron | pr\u00e9sentiel ET distanciel Enjeux, \u00e9volutions et risques de la mont\u00e9e en puissance de la notion de comp\u00e9tences dans l\u2019ESR Au programme de ce s\u00e9minaire, les tables-rondes aborderont la th\u00e9matique des comp\u00e9tences&nbsp;: Histoire et institutionnalisations de la notion de comp\u00e9tence : de [&hellip;]","og_url":"https:\/\/sfm-management.org\/index.php\/seminaire-dhiver-2023\/","og_site_name":"Soci\u00e9t\u00e9 Fran\u00e7aise de Management","article_modified_time":"2024-09-10T16:15:40+00:00","og_image":[{"width":1024,"height":348,"url":"https:\/\/sfm-management.org\/wp-content\/uploads\/2021\/11\/sfm-1024x348.png","type":"image\/png"}],"twitter_card":"summary_large_image","twitter_site":"@SocFrMgmt","twitter_misc":{"Dur\u00e9e de lecture estim\u00e9e":"2 minutes"},"schema":{"@context":"https:\/\/schema.org","@graph":[{"@type":"Organization","@id":"https:\/\/sfm-management.org\/#organization","name":"Soci\u00e9t\u00e9 Fran\u00e7aise de Management","url":"https:\/\/sfm-management.org\/","sameAs":["https:\/\/www.linkedin.com\/company\/70413167\/","https:\/\/twitter.com\/SocFrMgmt"],"logo":{"@type":"ImageObject","inLanguage":"fr-FR","@id":"https:\/\/sfm-management.org\/#\/schema\/logo\/image\/","url":"https:\/\/sfm-management.org\/wp-content\/uploads\/2020\/09\/cropped-logo-1.png","contentUrl":"https:\/\/sfm-management.org\/wp-content\/uploads\/2020\/09\/cropped-logo-1.png","width":345,"height":238,"caption":"Soci\u00e9t\u00e9 Fran\u00e7aise de Management"},"image":{"@id":"https:\/\/sfm-management.org\/#\/schema\/logo\/image\/"}},{"@type":"WebSite","@id":"https:\/\/sfm-management.org\/#website","url":"https:\/\/sfm-management.org\/","name":"Soci\u00e9t\u00e9 Fran\u00e7aise de Management","description":"","publisher":{"@id":"https:\/\/sfm-management.org\/#organization"},"potentialAction":[{"@type":"SearchAction","target":{"@type":"EntryPoint","urlTemplate":"https:\/\/sfm-management.org\/?s={search_term_string}"},"query-input":"required name=search_term_string"}],"inLanguage":"fr-FR"},{"@type":"WebPage","@id":"https:\/\/sfm-management.org\/index.php\/seminaire-dhiver-2023\/","url":"https:\/\/sfm-management.org\/index.php\/seminaire-dhiver-2023\/","name":"S\u00e9minaire d'hiver 2023- Comp\u00e9tences ESR - Soci\u00e9t\u00e9 Fran\u00e7aise de Management","isPartOf":{"@id":"https:\/\/sfm-management.org\/#website"},"datePublished":"2024-04-15T14:03:36+00:00","dateModified":"2024-09-10T16:15:40+00:00","breadcrumb":{"@id":"https:\/\/sfm-management.org\/index.php\/seminaire-dhiver-2023\/#breadcrumb"},"inLanguage":"fr-FR","potentialAction":[{"@type":"ReadAction","target":["https:\/\/sfm-management.org\/index.php\/seminaire-dhiver-2023\/"]}]},{"@type":"BreadcrumbList","@id":"https:\/\/sfm-management.org\/index.php\/seminaire-dhiver-2023\/#breadcrumb","itemListElement":[{"@type":"ListItem","position":1,"name":"Accueil","item":"https:\/\/sfm-management.org\/"},{"@type":"ListItem","position":2,"name":"S\u00e9minaire d&rsquo;hiver 2023- Comp\u00e9tences ESR"}]}]}},"_links":{"self":[{"href":"https:\/\/sfm-management.org\/index.php\/wp-json\/wp\/v2\/pages\/1419"}],"collection":[{"href":"https:\/\/sfm-management.org\/index.php\/wp-json\/wp\/v2\/pages"}],"about":[{"href":"https:\/\/sfm-management.org\/index.php\/wp-json\/wp\/v2\/types\/page"}],"author":[{"embeddable":true,"href":"https:\/\/sfm-management.org\/index.php\/wp-json\/wp\/v2\/users\/1"}],"replies":[{"embeddable":true,"href":"https:\/\/sfm-management.org\/index.php\/wp-json\/wp\/v2\/comments?post=1419"}],"version-history":[{"count":14,"href":"https:\/\/sfm-management.org\/index.php\/wp-json\/wp\/v2\/pages\/1419\/revisions"}],"predecessor-version":[{"id":1600,"href":"https:\/\/sfm-management.org\/index.php\/wp-json\/wp\/v2\/pages\/1419\/revisions\/1600"}],"wp:attachment":[{"href":"https:\/\/sfm-management.org\/index.php\/wp-json\/wp\/v2\/media?parent=1419"}],"curies":[{"name":"wp","href":"https:\/\/api.w.org\/{rel}","templated":true}]}}