{"id":1158,"date":"2024-02-22T00:02:48","date_gmt":"2024-02-21T23:02:48","guid":{"rendered":"https:\/\/sfm-management.org\/?page_id=1158"},"modified":"2024-02-22T00:02:53","modified_gmt":"2024-02-21T23:02:53","slug":"presidents-de-la-sfm","status":"publish","type":"page","link":"https:\/\/sfm-management.org\/index.php\/presidents-de-la-sfm\/","title":{"rendered":"Pr\u00e9sidents de la SFM"},"content":{"rendered":"\n<p><\/p>\n\n\n\n<p>Les pr\u00e9sident(e)s successif(ve)s de la SFM<\/p>\n\n\n\n<ul><li>G\u00e9rard Hirigoyen<\/li><li>Bernard Ramanantsoa<\/li><li>Jacques Th\u00e9pot<\/li><li>Roland P\u00e9rez<\/li><li>Pierre -Jean Benghozi<\/li><li>Thomas Durand<\/li><li>Alain-Charles Martinet<\/li><li>Pierre-Yves Gomez<\/li><li>Herv\u00e9 Dumez<\/li><li>St\u00e9phanie Dameron<\/li><li>Fr\u00e9d\u00e9rique Alexandre \u2013 Bailly&nbsp;<\/li><\/ul>\n","protected":false},"excerpt":{"rendered":"<p>Les pr\u00e9sident(e)s successif(ve)s de la SFM G\u00e9rard Hirigoyen Bernard Ramanantsoa Jacques Th\u00e9pot Roland P\u00e9rez Pierre -Jean Benghozi Thomas Durand Alain-Charles Martinet Pierre-Yves Gomez Herv\u00e9 Dumez St\u00e9phanie Dameron Fr\u00e9d\u00e9rique Alexandre \u2013 Bailly&nbsp;<\/p>\n","protected":false},"author":1,"featured_media":0,"parent":0,"menu_order":0,"comment_status":"closed","ping_status":"closed","template":"","meta":[],"yoast_head":"<!-- This site is optimized with the Yoast SEO plugin v19.4 - https:\/\/yoast.com\/wordpress\/plugins\/seo\/ -->\n<title>Pr\u00e9sidents de la SFM - Soci\u00e9t\u00e9 Fran\u00e7aise de Management<\/title>\n<meta name=\"robots\" content=\"index, follow, max-snippet:-1, max-image-preview:large, max-video-preview:-1\" \/>\n<link rel=\"canonical\" href=\"https:\/\/sfm-management.org\/index.php\/presidents-de-la-sfm\/\" \/>\n<meta property=\"og:locale\" content=\"fr_FR\" \/>\n<meta property=\"og:type\" content=\"article\" \/>\n<meta property=\"og:title\" content=\"Pr\u00e9sidents de la SFM - Soci\u00e9t\u00e9 Fran\u00e7aise de Management\" \/>\n<meta property=\"og:description\" content=\"Les pr\u00e9sident(e)s successif(ve)s de la SFM G\u00e9rard Hirigoyen Bernard Ramanantsoa Jacques Th\u00e9pot Roland P\u00e9rez Pierre -Jean Benghozi Thomas Durand Alain-Charles Martinet Pierre-Yves Gomez Herv\u00e9 Dumez St\u00e9phanie Dameron Fr\u00e9d\u00e9rique Alexandre \u2013 Bailly&nbsp;\" \/>\n<meta property=\"og:url\" content=\"https:\/\/sfm-management.org\/index.php\/presidents-de-la-sfm\/\" \/>\n<meta property=\"og:site_name\" content=\"Soci\u00e9t\u00e9 Fran\u00e7aise de Management\" \/>\n<meta property=\"article:modified_time\" content=\"2024-02-21T23:02:53+00:00\" \/>\n<meta property=\"og:image\" content=\"https:\/\/sfm-management.org\/wp-content\/uploads\/2021\/11\/sfm-1024x348.png\" \/>\n\t<meta property=\"og:image:width\" content=\"1024\" \/>\n\t<meta property=\"og:image:height\" content=\"348\" \/>\n\t<meta property=\"og:image:type\" content=\"image\/png\" \/>\n<meta name=\"twitter:card\" content=\"summary_large_image\" \/>\n<meta name=\"twitter:site\" content=\"@SocFrMgmt\" \/>\n<script type=\"application\/ld+json\" class=\"yoast-schema-graph\">{\"@context\":\"https:\/\/schema.org\",\"@graph\":[{\"@type\":\"Organization\",\"@id\":\"https:\/\/sfm-management.org\/#organization\",\"name\":\"Soci\u00e9t\u00e9 Fran\u00e7aise de Management\",\"url\":\"https:\/\/sfm-management.org\/\",\"sameAs\":[\"https:\/\/www.linkedin.com\/company\/70413167\/\",\"https:\/\/twitter.com\/SocFrMgmt\"],\"logo\":{\"@type\":\"ImageObject\",\"inLanguage\":\"fr-FR\",\"@id\":\"https:\/\/sfm-management.org\/#\/schema\/logo\/image\/\",\"url\":\"https:\/\/sfm-management.org\/wp-content\/uploads\/2020\/09\/cropped-logo-1.png\",\"contentUrl\":\"https:\/\/sfm-management.org\/wp-content\/uploads\/2020\/09\/cropped-logo-1.png\",\"width\":345,\"height\":238,\"caption\":\"Soci\u00e9t\u00e9 Fran\u00e7aise de Management\"},\"image\":{\"@id\":\"https:\/\/sfm-management.org\/#\/schema\/logo\/image\/\"}},{\"@type\":\"WebSite\",\"@id\":\"https:\/\/sfm-management.org\/#website\",\"url\":\"https:\/\/sfm-management.org\/\",\"name\":\"Soci\u00e9t\u00e9 Fran\u00e7aise de Management\",\"description\":\"\",\"publisher\":{\"@id\":\"https:\/\/sfm-management.org\/#organization\"},\"potentialAction\":[{\"@type\":\"SearchAction\",\"target\":{\"@type\":\"EntryPoint\",\"urlTemplate\":\"https:\/\/sfm-management.org\/?s={search_term_string}\"},\"query-input\":\"required name=search_term_string\"}],\"inLanguage\":\"fr-FR\"},{\"@type\":\"WebPage\",\"@id\":\"https:\/\/sfm-management.org\/index.php\/presidents-de-la-sfm\/\",\"url\":\"https:\/\/sfm-management.org\/index.php\/presidents-de-la-sfm\/\",\"name\":\"Pr\u00e9sidents de la SFM - Soci\u00e9t\u00e9 Fran\u00e7aise de Management\",\"isPartOf\":{\"@id\":\"https:\/\/sfm-management.org\/#website\"},\"datePublished\":\"2024-02-21T23:02:48+00:00\",\"dateModified\":\"2024-02-21T23:02:53+00:00\",\"breadcrumb\":{\"@id\":\"https:\/\/sfm-management.org\/index.php\/presidents-de-la-sfm\/#breadcrumb\"},\"inLanguage\":\"fr-FR\",\"potentialAction\":[{\"@type\":\"ReadAction\",\"target\":[\"https:\/\/sfm-management.org\/index.php\/presidents-de-la-sfm\/\"]}]},{\"@type\":\"BreadcrumbList\",\"@id\":\"https:\/\/sfm-management.org\/index.php\/presidents-de-la-sfm\/#breadcrumb\",\"itemListElement\":[{\"@type\":\"ListItem\",\"position\":1,\"name\":\"Accueil\",\"item\":\"https:\/\/sfm-management.org\/\"},{\"@type\":\"ListItem\",\"position\":2,\"name\":\"Pr\u00e9sidents de la SFM\"}]}]}<\/script>\n<!-- \/ Yoast SEO plugin. -->","yoast_head_json":{"title":"Pr\u00e9sidents de la SFM - Soci\u00e9t\u00e9 Fran\u00e7aise de Management","robots":{"index":"index","follow":"follow","max-snippet":"max-snippet:-1","max-image-preview":"max-image-preview:large","max-video-preview":"max-video-preview:-1"},"canonical":"https:\/\/sfm-management.org\/index.php\/presidents-de-la-sfm\/","og_locale":"fr_FR","og_type":"article","og_title":"Pr\u00e9sidents de la SFM - Soci\u00e9t\u00e9 Fran\u00e7aise de Management","og_description":"Les pr\u00e9sident(e)s successif(ve)s de la SFM G\u00e9rard Hirigoyen Bernard Ramanantsoa Jacques Th\u00e9pot Roland P\u00e9rez Pierre -Jean Benghozi Thomas Durand Alain-Charles Martinet Pierre-Yves Gomez Herv\u00e9 Dumez St\u00e9phanie Dameron Fr\u00e9d\u00e9rique Alexandre \u2013 Bailly&nbsp;","og_url":"https:\/\/sfm-management.org\/index.php\/presidents-de-la-sfm\/","og_site_name":"Soci\u00e9t\u00e9 Fran\u00e7aise de Management","article_modified_time":"2024-02-21T23:02:53+00:00","og_image":[{"width":1024,"height":348,"url":"https:\/\/sfm-management.org\/wp-content\/uploads\/2021\/11\/sfm-1024x348.png","type":"image\/png"}],"twitter_card":"summary_large_image","twitter_site":"@SocFrMgmt","schema":{"@context":"https:\/\/schema.org","@graph":[{"@type":"Organization","@id":"https:\/\/sfm-management.org\/#organization","name":"Soci\u00e9t\u00e9 Fran\u00e7aise de Management","url":"https:\/\/sfm-management.org\/","sameAs":["https:\/\/www.linkedin.com\/company\/70413167\/","https:\/\/twitter.com\/SocFrMgmt"],"logo":{"@type":"ImageObject","inLanguage":"fr-FR","@id":"https:\/\/sfm-management.org\/#\/schema\/logo\/image\/","url":"https:\/\/sfm-management.org\/wp-content\/uploads\/2020\/09\/cropped-logo-1.png","contentUrl":"https:\/\/sfm-management.org\/wp-content\/uploads\/2020\/09\/cropped-logo-1.png","width":345,"height":238,"caption":"Soci\u00e9t\u00e9 Fran\u00e7aise de Management"},"image":{"@id":"https:\/\/sfm-management.org\/#\/schema\/logo\/image\/"}},{"@type":"WebSite","@id":"https:\/\/sfm-management.org\/#website","url":"https:\/\/sfm-management.org\/","name":"Soci\u00e9t\u00e9 Fran\u00e7aise de Management","description":"","publisher":{"@id":"https:\/\/sfm-management.org\/#organization"},"potentialAction":[{"@type":"SearchAction","target":{"@type":"EntryPoint","urlTemplate":"https:\/\/sfm-management.org\/?s={search_term_string}"},"query-input":"required name=search_term_string"}],"inLanguage":"fr-FR"},{"@type":"WebPage","@id":"https:\/\/sfm-management.org\/index.php\/presidents-de-la-sfm\/","url":"https:\/\/sfm-management.org\/index.php\/presidents-de-la-sfm\/","name":"Pr\u00e9sidents de la SFM - Soci\u00e9t\u00e9 Fran\u00e7aise de Management","isPartOf":{"@id":"https:\/\/sfm-management.org\/#website"},"datePublished":"2024-02-21T23:02:48+00:00","dateModified":"2024-02-21T23:02:53+00:00","breadcrumb":{"@id":"https:\/\/sfm-management.org\/index.php\/presidents-de-la-sfm\/#breadcrumb"},"inLanguage":"fr-FR","potentialAction":[{"@type":"ReadAction","target":["https:\/\/sfm-management.org\/index.php\/presidents-de-la-sfm\/"]}]},{"@type":"BreadcrumbList","@id":"https:\/\/sfm-management.org\/index.php\/presidents-de-la-sfm\/#breadcrumb","itemListElement":[{"@type":"ListItem","position":1,"name":"Accueil","item":"https:\/\/sfm-management.org\/"},{"@type":"ListItem","position":2,"name":"Pr\u00e9sidents de la SFM"}]}]}},"_links":{"self":[{"href":"https:\/\/sfm-management.org\/index.php\/wp-json\/wp\/v2\/pages\/1158"}],"collection":[{"href":"https:\/\/sfm-management.org\/index.php\/wp-json\/wp\/v2\/pages"}],"about":[{"href":"https:\/\/sfm-management.org\/index.php\/wp-json\/wp\/v2\/types\/page"}],"author":[{"embeddable":true,"href":"https:\/\/sfm-management.org\/index.php\/wp-json\/wp\/v2\/users\/1"}],"replies":[{"embeddable":true,"href":"https:\/\/sfm-management.org\/index.php\/wp-json\/wp\/v2\/comments?post=1158"}],"version-history":[{"count":2,"href":"https:\/\/sfm-management.org\/index.php\/wp-json\/wp\/v2\/pages\/1158\/revisions"}],"predecessor-version":[{"id":1164,"href":"https:\/\/sfm-management.org\/index.php\/wp-json\/wp\/v2\/pages\/1158\/revisions\/1164"}],"wp:attachment":[{"href":"https:\/\/sfm-management.org\/index.php\/wp-json\/wp\/v2\/media?parent=1158"}],"curies":[{"name":"wp","href":"https:\/\/api.w.org\/{rel}","templated":true}]}}